{"id":325544,"date":"2024-08-29T08:12:08","date_gmt":"2024-08-29T08:12:08","guid":{"rendered":"https:\/\/occasions-teile.ch\/product\/citroen-jumper-radio\/"},"modified":"2025-02-24T15:15:14","modified_gmt":"2025-02-24T15:15:14","slug":"citroen-jumper-radio","status":"publish","type":"product","link":"https:\/\/occasions-teile.ch\/en\/produkt\/citroen-jumper-radio\/","title":{"rendered":"Citroen Jumper  Radio"},"content":{"rendered":"<p><b>Technische Daten<\/b><\/p>\n<p>Fahrzeug: Citroen Jumper<br \/>\nChassis Nr.: VF7YA1MFA12L94490<br \/>\nBaujahr: 2019<br \/>\nKilometer: 173289 KM<br \/>\nLeistung: 110 KW<br \/>\nHubraum: 1997 ccm<br \/>\nTyp: 3CC269<br \/>\nFarbcode: blau<br \/>\nHinweise: &#8211;<\/p>\n<p>Versand: Versand nur in der Schweiz m\u00f6glich.Im Ausland ist der Transport k\u00e4uferseits.<br \/>\nGarantie: 3 Monate Garantie. Bitte beachten Sie, dass die Gew\u00e4hrleistung nur g\u00fcltig ist, wenn der Ersatzteileinbau durch eine Fachwerkstatt\/Meisterwerkstatt erfolgt. Das Ein- und Ausbau des Ersatzteiles kann nicht an uns verrechnet werden.<\/p>\n<p>Ersatzteil: f\u00fcr andere Fahrzeugen (Marken) verf\u00fcgbar auf anfrage. Tel.041 980 27 47. Mobil. 076 589 27 47<\/p>\n<p>Kontakt<br \/>\nAdresse: Autoverwertung Brun AG<br \/>\nM\u00f6\u00f6slimatten 13<br \/>\n6218 Ettiswil<br \/>\nTelefon: 0041 (041) 980 27 47<br \/>\nTelefax: 0041 (041) 980 03 47<\/p>\n<p>Wir bieten Ihnen weitere gebrauchte Autoteile zum Kauf an.<br \/>\nTags: Radio, Radio, Radio<\/p>\n","protected":false},"excerpt":{"rendered":"<p>Technische Daten Fahrzeug: Citroen Jumper Chassis Nr.: VF7YA1MFA12L94490 Baujahr: 2019 Kilometer: 173289 KM Leistung: 110 KW Hubraum: 1997 ccm Typ: 3CC269 Farbcode: blau Hinweise: &#8211; Versand: Versand nur in der Schweiz m\u00f6glich.Im Ausland ist der Transport k\u00e4uferseits. Garantie: 3 Monate Garantie. Bitte beachten Sie, dass die Gew\u00e4hrleistung nur g\u00fcltig ist, wenn der Ersatzteileinbau durch eine&hellip; <a class=\"more-link\" href=\"https:\/\/occasions-teile.ch\/en\/produkt\/citroen-jumper-radio\/\">Continue reading <span class=\"screen-reader-text\">Citroen Jumper  Radio<\/span><\/a><\/p>\n","protected":false},"featured_media":325541,"template":"","meta":[],"product_brand":[],"product_cat":[3005,621,5459,24078,864,906,24075],"product_tag":[],"class_list":{"0":"post-325544","1":"product","2":"type-product","3":"status-publish","4":"has-post-thumbnail","6":"product_cat-de_citroen","7":"product_cat-de-elektrik-steuergeraete","8":"product_cat-de_slug_citroen_jumper_986","9":"product_cat-de-kasten-2-0-bluehdi-110","10":"product_cat-de-radio-navigation-telefon","11":"product_cat-de-radios","12":"product_cat-de-vf7ya1mfa12l94490-200000371","13":"product_shipping_class-tarif-1","14":"entry","16":"first","17":"instock","18":"taxable","19":"shipping-taxable","20":"purchasable","21":"product-type-simple"},"jetpack_sharing_enabled":true,"_links":{"self":[{"href":"https:\/\/occasions-teile.ch\/en\/wp-json\/wp\/v2\/product\/325544","targetHints":{"allow":["GET"]}}],"collection":[{"href":"https:\/\/occasions-teile.ch\/en\/wp-json\/wp\/v2\/product"}],"about":[{"href":"https:\/\/occasions-teile.ch\/en\/wp-json\/wp\/v2\/types\/product"}],"wp:featuredmedia":[{"embeddable":true,"href":"https:\/\/occasions-teile.ch\/en\/wp-json\/wp\/v2\/media\/325541"}],"wp:attachment":[{"href":"https:\/\/occasions-teile.ch\/en\/wp-json\/wp\/v2\/media?parent=325544"}],"wp:term":[{"taxonomy":"product_brand","embeddable":true,"href":"https:\/\/occasions-teile.ch\/en\/wp-json\/wp\/v2\/product_brand?post=325544"},{"taxonomy":"product_cat","embeddable":true,"href":"https:\/\/occasions-teile.ch\/en\/wp-json\/wp\/v2\/product_cat?post=325544"},{"taxonomy":"product_tag","embeddable":true,"href":"https:\/\/occasions-teile.ch\/en\/wp-json\/wp\/v2\/product_tag?post=325544"}],"curies":[{"name":"wp","href":"https:\/\/api.w.org\/{rel}","templated":true}]}}