{"id":322433,"date":"2024-07-24T06:12:10","date_gmt":"2024-07-24T06:12:10","guid":{"rendered":"https:\/\/occasions-teile.ch\/product\/vw-golf-wischermotor-vorne-7\/"},"modified":"2024-07-24T07:02:35","modified_gmt":"2024-07-24T07:02:35","slug":"vw-golf-wischermotor-vorne-7","status":"publish","type":"product","link":"https:\/\/occasions-teile.ch\/en\/produkt\/vw-golf-wischermotor-vorne-7\/","title":{"rendered":"VW Golf  Wischermotor vorne"},"content":{"rendered":"<p><span><b>Technische Daten<\/b><\/p>\n<p> Fahrzeug: VW Golf<br \/>\n Chassis Nr.: WVWZZZ1KZCM673649<br \/>\n Baujahr: 2012<br \/>\n Kilometer: 102481 KM<br \/>\n Leistung: 122 KW<br \/>\n Hubraum: 1400 ccm<br \/>\n Typ: 1VE291<br \/>\n Farbcode: rot<br \/>\n Hinweise: &#8211;<\/p>\n<p> Versand: Versand nur in der Schweiz m\u00f6glich.Im Ausland ist der Transport k\u00e4uferseits.<br \/>\n Garantie: 3 Monate Garantie. Bitte beachten Sie, dass die Gew\u00e4hrleistung nur g\u00fcltig ist, wenn der Ersatzteileinbau durch eine Fachwerkstatt\/Meisterwerkstatt erfolgt. Das Ein- und Ausbau des Ersatzteiles kann nicht an uns verrechnet werden. <\/p>\n<p> Ersatzteil: f\u00fcr andere Fahrzeugen (Marken) verf\u00fcgbar auf anfrage. Tel.041 980 27 47. Mobil. 076 589 27 47<\/p>\n<p> Kontakt<br \/>\n  Adresse: Autoverwertung Brun AG<br \/>\n           M\u00f6\u00f6slimatten 13<br \/>\n           6218 Ettiswil<br \/>\n  Telefon: 0041 (041) 980 27 47<br \/>\n  Telefax: 0041 (041) 980 03 47<\/p>\n<p> Wir bieten Ihnen weitere gebrauchte Autoteile zum Kauf an.<br \/>\n Tags: Wischermotor vorne, Wiper motor front, Moteur d&#8217;essuie-glace avant<br \/>\n<\/span><\/p>\n","protected":false},"excerpt":{"rendered":"<p>Technische Daten Fahrzeug: VW Golf Chassis Nr.: WVWZZZ1KZCM673649 Baujahr: 2012 Kilometer: 102481 KM Leistung: 122 KW Hubraum: 1400 ccm Typ: 1VE291 Farbcode: rot Hinweise: &#8211; Versand: Versand nur in der Schweiz m\u00f6glich.Im Ausland ist der Transport k\u00e4uferseits. Garantie: 3 Monate Garantie. Bitte beachten Sie, dass die Gew\u00e4hrleistung nur g\u00fcltig ist, wenn der Ersatzteileinbau durch eine&hellip; <a class=\"more-link\" href=\"https:\/\/occasions-teile.ch\/en\/produkt\/vw-golf-wischermotor-vorne-7\/\">Continue reading <span class=\"screen-reader-text\">VW Golf  Wischermotor vorne<\/span><\/a><\/p>\n","protected":false},"featured_media":322430,"template":"","meta":[],"product_brand":[],"product_cat":[23660,1287,1281,1284,676,677,675,669,1286,1280,1283,672,673,674,670,671,24037,24035,24036],"product_tag":[],"class_list":{"0":"post-322433","1":"product","2":"type-product","3":"status-publish","4":"has-post-thumbnail","6":"product_cat-de-6-1-4tsi-de_golf-de_volkswagen-manufacturer-67","7":"product_cat-fr_golf","8":"product_cat-de_golf","9":"product_cat-en_golf","10":"product_cat-fr-moteur-dessuie-glace-avant","11":"product_cat-fr-moteur-dessuie-glace-avant-fr-moteur-dessuie-glace-avant","12":"product_cat-fr-nettoyage-des-vitres","13":"product_cat-de-scheibenreinigung","14":"product_cat-fr_volkswagen","15":"product_cat-de_volkswagen","16":"product_cat-en_volkswagen","17":"product_cat-en-window-cleaning","18":"product_cat-en-wiper-motor-front","19":"product_cat-en-wiper-motor-front-en-wiper-motor-front","20":"product_cat-de-wischermotorvorn","21":"product_cat-de-wischermotorvorn-de-wischermotorvorn","22":"product_cat-fr-wvwzzz1kzcm673649-200000360","23":"product_cat-de-wvwzzz1kzcm673649-200000360","24":"product_cat-en-wvwzzz1kzcm673649-200000360","25":"product_shipping_class-tarif-1","26":"entry","28":"first","29":"instock","30":"taxable","31":"shipping-taxable","32":"purchasable","33":"product-type-simple"},"jetpack_sharing_enabled":true,"_links":{"self":[{"href":"https:\/\/occasions-teile.ch\/en\/wp-json\/wp\/v2\/product\/322433","targetHints":{"allow":["GET"]}}],"collection":[{"href":"https:\/\/occasions-teile.ch\/en\/wp-json\/wp\/v2\/product"}],"about":[{"href":"https:\/\/occasions-teile.ch\/en\/wp-json\/wp\/v2\/types\/product"}],"wp:featuredmedia":[{"embeddable":true,"href":"https:\/\/occasions-teile.ch\/en\/wp-json\/wp\/v2\/media\/322430"}],"wp:attachment":[{"href":"https:\/\/occasions-teile.ch\/en\/wp-json\/wp\/v2\/media?parent=322433"}],"wp:term":[{"taxonomy":"product_brand","embeddable":true,"href":"https:\/\/occasions-teile.ch\/en\/wp-json\/wp\/v2\/product_brand?post=322433"},{"taxonomy":"product_cat","embeddable":true,"href":"https:\/\/occasions-teile.ch\/en\/wp-json\/wp\/v2\/product_cat?post=322433"},{"taxonomy":"product_tag","embeddable":true,"href":"https:\/\/occasions-teile.ch\/en\/wp-json\/wp\/v2\/product_tag?post=322433"}],"curies":[{"name":"wp","href":"https:\/\/api.w.org\/{rel}","templated":true}]}}