{"id":321761,"date":"2024-07-17T17:12:15","date_gmt":"2024-07-17T17:12:15","guid":{"rendered":"https:\/\/occasions-teile.ch\/product\/vw-touran-alufelgen-2\/"},"modified":"2025-04-15T07:15:25","modified_gmt":"2025-04-15T07:15:25","slug":"vw-touran-alufelgen-2","status":"publish","type":"product","link":"https:\/\/occasions-teile.ch\/en\/produkt\/vw-touran-alufelgen-2\/","title":{"rendered":"VW Touran  Alufelgen 6.5X16 ET50"},"content":{"rendered":"<p><b>Technische Daten<\/b><\/p>\n<p>Fahrzeug: VW Touran<br \/>\nChassis Nr.: WVGZZZ1TZ9W038759<br \/>\nBaujahr: 2010<br \/>\nKilometer: 163923 KM<br \/>\nLeistung: 170 KW<br \/>\nHubraum: 1390 ccm<br \/>\nTyp: 1VD464<br \/>\nFarbcode: silber<br \/>\nHinweise: &#8211;<\/p>\n<p>Versand: Versand nur in der Schweiz m\u00f6glich.Im Ausland ist der Transport k\u00e4uferseits.<br \/>\nGarantie: 3 Monate Garantie. Bitte beachten Sie, dass die Gew\u00e4hrleistung nur g\u00fcltig ist, wenn der Ersatzteileinbau durch eine Fachwerkstatt\/Meisterwerkstatt erfolgt. Das Ein- und Ausbau des Ersatzteiles kann nicht an uns verrechnet werden.<\/p>\n<p>Ersatzteil: f\u00fcr andere Fahrzeugen (Marken) verf\u00fcgbar auf anfrage. Tel.041 980 27 47. Mobil. 076 589 27 47<\/p>\n<p>Kontakt<br \/>\nAdresse: Autoverwertung Brun AG<br \/>\nM\u00f6\u00f6slimatten 13<br \/>\n6218 Ettiswil<br \/>\nTelefon: 0041 (041) 980 27 47<br \/>\nTelefax: 0041 (041) 980 03 47<\/p>\n<p>Wir bieten Ihnen weitere gebrauchte Autoteile zum Kauf an.<br \/>\nTags: Alufelgen, Aluminum rims, Jantes en aluminium<\/p>\n","protected":false},"excerpt":{"rendered":"<p>Technische Daten Fahrzeug: VW Touran Chassis Nr.: WVGZZZ1TZ9W038759 Baujahr: 2010 Kilometer: 163923 KM Leistung: 170 KW Hubraum: 1390 ccm Typ: 1VD464 Farbcode: silber Hinweise: &#8211; Versand: Versand nur in der Schweiz m\u00f6glich.Im Ausland ist der Transport k\u00e4uferseits. Garantie: 3 Monate Garantie. Bitte beachten Sie, dass die Gew\u00e4hrleistung nur g\u00fcltig ist, wenn der Ersatzteileinbau durch eine&hellip; <a class=\"more-link\" href=\"https:\/\/occasions-teile.ch\/en\/produkt\/vw-touran-alufelgen-2\/\">Continue reading <span class=\"screen-reader-text\">VW Touran  Alufelgen 6.5X16 ET50<\/span><\/a><\/p>\n","protected":false},"featured_media":321758,"template":"","meta":[],"product_brand":[],"product_cat":[23696,1176,1175,550,2172,1280,24018],"product_tag":[],"class_list":{"0":"post-321761","1":"product","2":"type-product","3":"status-publish","4":"has-post-thumbnail","6":"product_cat-de-1-4tsi-de_touran-de_volkswagen-manufacturer-5","7":"product_cat-de-alufelgen-felgensatz","8":"product_cat-de-felgensatz","9":"product_cat-de-raeder-reifen-felgen","10":"product_cat-de_touran","11":"product_cat-de_volkswagen","12":"product_cat-de-wvgzzz1tz9w038759-200000356","13":"product_shipping_class-tarif-4","14":"entry","16":"first","17":"outofstock","18":"taxable","19":"shipping-taxable","20":"purchasable","21":"product-type-simple"},"jetpack_sharing_enabled":true,"_links":{"self":[{"href":"https:\/\/occasions-teile.ch\/en\/wp-json\/wp\/v2\/product\/321761","targetHints":{"allow":["GET"]}}],"collection":[{"href":"https:\/\/occasions-teile.ch\/en\/wp-json\/wp\/v2\/product"}],"about":[{"href":"https:\/\/occasions-teile.ch\/en\/wp-json\/wp\/v2\/types\/product"}],"wp:featuredmedia":[{"embeddable":true,"href":"https:\/\/occasions-teile.ch\/en\/wp-json\/wp\/v2\/media\/321758"}],"wp:attachment":[{"href":"https:\/\/occasions-teile.ch\/en\/wp-json\/wp\/v2\/media?parent=321761"}],"wp:term":[{"taxonomy":"product_brand","embeddable":true,"href":"https:\/\/occasions-teile.ch\/en\/wp-json\/wp\/v2\/product_brand?post=321761"},{"taxonomy":"product_cat","embeddable":true,"href":"https:\/\/occasions-teile.ch\/en\/wp-json\/wp\/v2\/product_cat?post=321761"},{"taxonomy":"product_tag","embeddable":true,"href":"https:\/\/occasions-teile.ch\/en\/wp-json\/wp\/v2\/product_tag?post=321761"}],"curies":[{"name":"wp","href":"https:\/\/api.w.org\/{rel}","templated":true}]}}