{"id":321725,"date":"2024-07-17T16:38:12","date_gmt":"2024-07-17T16:38:12","guid":{"rendered":"https:\/\/occasions-teile.ch\/product\/vw-touran-tuere-hinten-3\/"},"modified":"2024-07-17T16:53:40","modified_gmt":"2024-07-17T16:53:40","slug":"vw-touran-tuere-hinten-3","status":"publish","type":"product","link":"https:\/\/occasions-teile.ch\/en\/produkt\/vw-touran-tuere-hinten-3\/","title":{"rendered":"VW Touran  T\u00fcre hinten"},"content":{"rendered":"<p><span><b>Technische Daten<\/b><\/p>\n<p> Fahrzeug: VW Touran<br \/>\n Chassis Nr.: WVGZZZ1TZ9W038759<br \/>\n Baujahr: 2010<br \/>\n Kilometer: 163923 KM<br \/>\n Leistung: 170 KW<br \/>\n Hubraum: 1390 ccm<br \/>\n Typ: 1VD464<br \/>\n Farbcode: silber<br \/>\n Hinweise: &#8211;<\/p>\n<p> Versand: Versand nur in der Schweiz m\u00f6glich.Im Ausland ist der Transport k\u00e4uferseits.<br \/>\n Garantie: 3 Monate Garantie. Bitte beachten Sie, dass die Gew\u00e4hrleistung nur g\u00fcltig ist, wenn der Ersatzteileinbau durch eine Fachwerkstatt\/Meisterwerkstatt erfolgt. Das Ein- und Ausbau des Ersatzteiles kann nicht an uns verrechnet werden. <\/p>\n<p> Ersatzteil: f\u00fcr andere Fahrzeugen (Marken) verf\u00fcgbar auf anfrage. Tel.041 980 27 47. Mobil. 076 589 27 47<\/p>\n<p> Kontakt<br \/>\n  Adresse: Autoverwertung Brun AG<br \/>\n           M\u00f6\u00f6slimatten 13<br \/>\n           6218 Ettiswil<br \/>\n  Telefon: 0041 (041) 980 27 47<br \/>\n  Telefax: 0041 (041) 980 03 47<\/p>\n<p> Wir bieten Ihnen weitere gebrauchte Autoteile zum Kauf an.<br \/>\n Tags: T\u00fcre hinten, Doors rear , Arrie`re des portes<br \/>\n<\/span><\/p>\n","protected":false},"excerpt":{"rendered":"<p>Technische Daten Fahrzeug: VW Touran Chassis Nr.: WVGZZZ1TZ9W038759 Baujahr: 2010 Kilometer: 163923 KM Leistung: 170 KW Hubraum: 1390 ccm Typ: 1VD464 Farbcode: silber Hinweise: &#8211; Versand: Versand nur in der Schweiz m\u00f6glich.Im Ausland ist der Transport k\u00e4uferseits. Garantie: 3 Monate Garantie. Bitte beachten Sie, dass die Gew\u00e4hrleistung nur g\u00fcltig ist, wenn der Ersatzteileinbau durch eine&hellip; <a class=\"more-link\" href=\"https:\/\/occasions-teile.ch\/en\/produkt\/vw-touran-tuere-hinten-3\/\">Continue reading <span class=\"screen-reader-text\">VW Touran  T\u00fcre hinten<\/span><\/a><\/p>\n","protected":false},"featured_media":321722,"template":"","meta":[],"product_brand":[],"product_cat":[23696,734,488,491,489,733,485,492,2172,2174,2176,732,486,1283,1286,1280,24018,24019,24020],"product_tag":[],"class_list":{"0":"post-321725","1":"product","2":"type-product","3":"status-publish","4":"has-post-thumbnail","6":"product_cat-de-1-4tsi-de_touran-de_volkswagen-manufacturer-5","7":"product_cat-fr-arriere-des-portes","8":"product_cat-en-body-center","9":"product_cat-fr-centre-de-la-carrosserie","10":"product_cat-en-doors","11":"product_cat-en-doors-rear","12":"product_cat-de-karosserie-mitte","13":"product_cat-fr-portes","14":"product_cat-de_touran","15":"product_cat-en_touran","16":"product_cat-fr_touran","17":"product_cat-de-tuere-hinten","18":"product_cat-de-tueren","19":"product_cat-en_volkswagen","20":"product_cat-fr_volkswagen","21":"product_cat-de_volkswagen","22":"product_cat-de-wvgzzz1tz9w038759-200000356","23":"product_cat-en-wvgzzz1tz9w038759-200000356","24":"product_cat-fr-wvgzzz1tz9w038759-200000356","25":"product_shipping_class-tarif-4","26":"entry","28":"first","29":"instock","30":"taxable","31":"shipping-taxable","32":"purchasable","33":"product-type-simple"},"jetpack_sharing_enabled":true,"_links":{"self":[{"href":"https:\/\/occasions-teile.ch\/en\/wp-json\/wp\/v2\/product\/321725","targetHints":{"allow":["GET"]}}],"collection":[{"href":"https:\/\/occasions-teile.ch\/en\/wp-json\/wp\/v2\/product"}],"about":[{"href":"https:\/\/occasions-teile.ch\/en\/wp-json\/wp\/v2\/types\/product"}],"wp:featuredmedia":[{"embeddable":true,"href":"https:\/\/occasions-teile.ch\/en\/wp-json\/wp\/v2\/media\/321722"}],"wp:attachment":[{"href":"https:\/\/occasions-teile.ch\/en\/wp-json\/wp\/v2\/media?parent=321725"}],"wp:term":[{"taxonomy":"product_brand","embeddable":true,"href":"https:\/\/occasions-teile.ch\/en\/wp-json\/wp\/v2\/product_brand?post=321725"},{"taxonomy":"product_cat","embeddable":true,"href":"https:\/\/occasions-teile.ch\/en\/wp-json\/wp\/v2\/product_cat?post=321725"},{"taxonomy":"product_tag","embeddable":true,"href":"https:\/\/occasions-teile.ch\/en\/wp-json\/wp\/v2\/product_tag?post=321725"}],"curies":[{"name":"wp","href":"https:\/\/api.w.org\/{rel}","templated":true}]}}