{"id":321156,"date":"2024-07-11T07:19:32","date_gmt":"2024-07-11T07:19:32","guid":{"rendered":"https:\/\/occasions-teile.ch\/product\/vw-amarok-kuehlergrill\/"},"modified":"2024-07-11T08:26:02","modified_gmt":"2024-07-11T08:26:02","slug":"vw-amarok-kuehlergrill","status":"publish","type":"product","link":"https:\/\/occasions-teile.ch\/en\/produkt\/vw-amarok-kuehlergrill\/","title":{"rendered":"VW Amarok  K\u00fchlergrill"},"content":{"rendered":"<p><span><b>Technische Daten<\/b><\/p>\n<p> Fahrzeug: VW Amarok<br \/>\n Chassis Nr.: WV1ZZZ2HZHH006093<br \/>\n Baujahr: 2016<br \/>\n Kilometer: 162000 KM<br \/>\n Leistung: 224 KW<br \/>\n Hubraum: 2967 ccm<br \/>\n Typ: 3VE715<br \/>\n Farbcode: LeichtBraun<br \/>\n Hinweise: &#8211;<\/p>\n<p> Versand: Versand nur in der Schweiz m\u00f6glich.Im Ausland ist der Transport k\u00e4uferseits.<br \/>\n Garantie: 3 Monate Garantie. Bitte beachten Sie, dass die Gew\u00e4hrleistung nur g\u00fcltig ist, wenn der Ersatzteileinbau durch eine Fachwerkstatt\/Meisterwerkstatt erfolgt. Das Ein- und Ausbau des Ersatzteiles kann nicht an uns verrechnet werden. <\/p>\n<p> Ersatzteil: f\u00fcr andere Fahrzeugen (Marken) verf\u00fcgbar auf anfrage. Tel.041 980 27 47. Mobil. 076 589 27 47<\/p>\n<p> Kontakt<br \/>\n  Adresse: Autoverwertung Brun AG<br \/>\n           M\u00f6\u00f6slimatten 13<br \/>\n           6218 Ettiswil<br \/>\n  Telefon: 0041 (041) 980 27 47<br \/>\n  Telefax: 0041 (041) 980 03 47<\/p>\n<p> Wir bieten Ihnen weitere gebrauchte Autoteile zum Kauf an.<br \/>\n Tags: K\u00fchlergrill, Radiator grille , Grille de calandre<br \/>\n<\/span><\/p>\n","protected":false},"excerpt":{"rendered":"<p>Technische Daten Fahrzeug: VW Amarok Chassis Nr.: WV1ZZZ2HZHH006093 Baujahr: 2016 Kilometer: 162000 KM Leistung: 224 KW Hubraum: 2967 ccm Typ: 3VE715 Farbcode: LeichtBraun Hinweise: &#8211; Versand: Versand nur in der Schweiz m\u00f6glich.Im Ausland ist der Transport k\u00e4uferseits. Garantie: 3 Monate Garantie. Bitte beachten Sie, dass die Gew\u00e4hrleistung nur g\u00fcltig ist, wenn der Ersatzteileinbau durch eine&hellip; <a class=\"more-link\" href=\"https:\/\/occasions-teile.ch\/en\/produkt\/vw-amarok-kuehlergrill\/\">Continue reading <span class=\"screen-reader-text\">VW Amarok  K\u00fchlergrill<\/span><\/a><\/p>\n","protected":false},"featured_media":321153,"template":"","meta":[],"product_brand":[],"product_cat":[23990,5104,5102,5103,515,518,967,968,512,963,964,965,966,1280,1283,1286,23984,23985,23986],"product_tag":[],"class_list":{"0":"post-321156","1":"product","2":"type-product","3":"status-publish","4":"has-post-thumbnail","6":"product_cat-de-3-0tdi-4motion","7":"product_cat-fr_slug_vw_amarok_845","8":"product_cat-de_slug_vw_amarok_369","9":"product_cat-en_slug_vw_amarok_986","10":"product_cat-en-body-front","11":"product_cat-fr-carrosserie-front","12":"product_cat-fr-grille-de-calandre","13":"product_cat-fr-grille-de-calandre-fr-grille-de-calandre","14":"product_cat-de-karosserie-front","15":"product_cat-de-kuehlergrill","16":"product_cat-de-kuehlergrill-de-kuehlergrill","17":"product_cat-en-radiator-grille","18":"product_cat-en-radiator-grille-en-radiator-grille","19":"product_cat-de_volkswagen","20":"product_cat-en_volkswagen","21":"product_cat-fr_volkswagen","22":"product_cat-de-wv1zzz2hzhh006093-200000348","23":"product_cat-en-wv1zzz2hzhh006093-200000348","24":"product_cat-fr-wv1zzz2hzhh006093-200000348","25":"product_shipping_class-tarif-1","26":"entry","28":"first","29":"instock","30":"taxable","31":"shipping-taxable","32":"purchasable","33":"product-type-simple"},"jetpack_sharing_enabled":true,"_links":{"self":[{"href":"https:\/\/occasions-teile.ch\/en\/wp-json\/wp\/v2\/product\/321156","targetHints":{"allow":["GET"]}}],"collection":[{"href":"https:\/\/occasions-teile.ch\/en\/wp-json\/wp\/v2\/product"}],"about":[{"href":"https:\/\/occasions-teile.ch\/en\/wp-json\/wp\/v2\/types\/product"}],"wp:featuredmedia":[{"embeddable":true,"href":"https:\/\/occasions-teile.ch\/en\/wp-json\/wp\/v2\/media\/321153"}],"wp:attachment":[{"href":"https:\/\/occasions-teile.ch\/en\/wp-json\/wp\/v2\/media?parent=321156"}],"wp:term":[{"taxonomy":"product_brand","embeddable":true,"href":"https:\/\/occasions-teile.ch\/en\/wp-json\/wp\/v2\/product_brand?post=321156"},{"taxonomy":"product_cat","embeddable":true,"href":"https:\/\/occasions-teile.ch\/en\/wp-json\/wp\/v2\/product_cat?post=321156"},{"taxonomy":"product_tag","embeddable":true,"href":"https:\/\/occasions-teile.ch\/en\/wp-json\/wp\/v2\/product_tag?post=321156"}],"curies":[{"name":"wp","href":"https:\/\/api.w.org\/{rel}","templated":true}]}}