{"id":321048,"date":"2024-07-10T08:03:00","date_gmt":"2024-07-10T08:03:00","guid":{"rendered":"https:\/\/occasions-teile.ch\/product\/vw-amarok-luftmengenmesser\/"},"modified":"2024-07-10T08:20:51","modified_gmt":"2024-07-10T08:20:51","slug":"vw-amarok-luftmengenmesser","status":"publish","type":"product","link":"https:\/\/occasions-teile.ch\/en\/produkt\/vw-amarok-luftmengenmesser\/","title":{"rendered":"VW Amarok  Luftmengenmesser"},"content":{"rendered":"<p><span><b>Technische Daten<\/b><\/p>\n<p> Fahrzeug: VW Amarok<br \/>\n Chassis Nr.: WV1ZZZ2HZHH006093<br \/>\n Baujahr: 2016<br \/>\n Kilometer: 162000 KM<br \/>\n Leistung: 224 KW<br \/>\n Hubraum: 2967 ccm<br \/>\n Typ: 3VE715<br \/>\n Farbcode: LeichtBraun<br \/>\n Hinweise: &#8211;<\/p>\n<p> Versand: Versand nur in der Schweiz m\u00f6glich.Im Ausland ist der Transport k\u00e4uferseits.<br \/>\n Garantie: 3 Monate Garantie. Bitte beachten Sie, dass die Gew\u00e4hrleistung nur g\u00fcltig ist, wenn der Ersatzteileinbau durch eine Fachwerkstatt\/Meisterwerkstatt erfolgt. Das Ein- und Ausbau des Ersatzteiles kann nicht an uns verrechnet werden. <\/p>\n<p> Ersatzteil: f\u00fcr andere Fahrzeugen (Marken) verf\u00fcgbar auf anfrage. Tel.041 980 27 47. Mobil. 076 589 27 47<\/p>\n<p> Kontakt<br \/>\n  Adresse: Autoverwertung Brun AG<br \/>\n           M\u00f6\u00f6slimatten 13<br \/>\n           6218 Ettiswil<br \/>\n  Telefon: 0041 (041) 980 27 47<br \/>\n  Telefax: 0041 (041) 980 03 47<\/p>\n<p> Wir bieten Ihnen weitere gebrauchte Autoteile zum Kauf an.<br \/>\n Tags: Luftmengenmesser, Air flow meter, De\u00b4bitme`tre d&#8217;air<br \/>\n<\/span><\/p>\n","protected":false},"excerpt":{"rendered":"<p>Technische Daten Fahrzeug: VW Amarok Chassis Nr.: WV1ZZZ2HZHH006093 Baujahr: 2016 Kilometer: 162000 KM Leistung: 224 KW Hubraum: 2967 ccm Typ: 3VE715 Farbcode: LeichtBraun Hinweise: &#8211; Versand: Versand nur in der Schweiz m\u00f6glich.Im Ausland ist der Transport k\u00e4uferseits. Garantie: 3 Monate Garantie. Bitte beachten Sie, dass die Gew\u00e4hrleistung nur g\u00fcltig ist, wenn der Ersatzteileinbau durch eine&hellip; <a class=\"more-link\" href=\"https:\/\/occasions-teile.ch\/en\/produkt\/vw-amarok-luftmengenmesser\/\">Continue reading <span class=\"screen-reader-text\">VW Amarok  Luftmengenmesser<\/span><\/a><\/p>\n","protected":false},"featured_media":321045,"template":"","meta":[],"product_brand":[],"product_cat":[23990,664,663,5102,5102,5102,664,663,664,494,494,494,663,1280,1280,1280,23984,23984,23984],"product_tag":[],"class_list":{"0":"post-321048","1":"product","2":"type-product","3":"status-publish","4":"has-post-thumbnail","6":"product_cat-de-3-0tdi-4motion","7":"product_cat-de-luftmengenmesser","8":"product_cat-de-luft-kraftstoffsystem","9":"product_cat-de_slug_vw_amarok_369","15":"product_cat-de-motor","19":"product_cat-de_volkswagen","22":"product_cat-de-wv1zzz2hzhh006093-200000348","25":"product_shipping_class-tarif-1","26":"entry","28":"first","29":"instock","30":"taxable","31":"shipping-taxable","32":"purchasable","33":"product-type-simple"},"jetpack_sharing_enabled":true,"_links":{"self":[{"href":"https:\/\/occasions-teile.ch\/en\/wp-json\/wp\/v2\/product\/321048","targetHints":{"allow":["GET"]}}],"collection":[{"href":"https:\/\/occasions-teile.ch\/en\/wp-json\/wp\/v2\/product"}],"about":[{"href":"https:\/\/occasions-teile.ch\/en\/wp-json\/wp\/v2\/types\/product"}],"wp:featuredmedia":[{"embeddable":true,"href":"https:\/\/occasions-teile.ch\/en\/wp-json\/wp\/v2\/media\/321045"}],"wp:attachment":[{"href":"https:\/\/occasions-teile.ch\/en\/wp-json\/wp\/v2\/media?parent=321048"}],"wp:term":[{"taxonomy":"product_brand","embeddable":true,"href":"https:\/\/occasions-teile.ch\/en\/wp-json\/wp\/v2\/product_brand?post=321048"},{"taxonomy":"product_cat","embeddable":true,"href":"https:\/\/occasions-teile.ch\/en\/wp-json\/wp\/v2\/product_cat?post=321048"},{"taxonomy":"product_tag","embeddable":true,"href":"https:\/\/occasions-teile.ch\/en\/wp-json\/wp\/v2\/product_tag?post=321048"}],"curies":[{"name":"wp","href":"https:\/\/api.w.org\/{rel}","templated":true}]}}