{"id":318835,"date":"2024-06-18T08:40:30","date_gmt":"2024-06-18T08:40:30","guid":{"rendered":"https:\/\/occasions-teile.ch\/product\/mini-cooper-s-lenksaeule-2\/"},"modified":"2024-06-18T09:05:17","modified_gmt":"2024-06-18T09:05:17","slug":"mini-cooper-s-lenksaeule-2","status":"publish","type":"product","link":"https:\/\/occasions-teile.ch\/en\/produkt\/mini-cooper-s-lenksaeule-2\/","title":{"rendered":"Mini Cooper S  Lenks\u00e4ule"},"content":{"rendered":"<p><span><b>Technische Daten<\/b><\/p>\n<p> Fahrzeug: Mini Cooper S<br \/>\n Chassis Nr.: WMWWH510103C80329<br \/>\n Baujahr: 2018<br \/>\n Kilometer: 76220 KM<br \/>\n Leistung: 170 KW<br \/>\n Hubraum: 1995 ccm<br \/>\n Typ: 1MQ436<br \/>\n Farbcode: Turquise<br \/>\n Hinweise: &#8211;<\/p>\n<p> Versand: Versand nur in der Schweiz m\u00f6glich.Im Ausland ist der Transport k\u00e4uferseits.<br \/>\n Garantie: 3 Monate Garantie. Bitte beachten Sie, dass die Gew\u00e4hrleistung nur g\u00fcltig ist, wenn der Ersatzteileinbau durch eine Fachwerkstatt\/Meisterwerkstatt erfolgt. Das Ein- und Ausbau des Ersatzteiles kann nicht an uns verrechnet werden. <\/p>\n<p> Ersatzteil: f\u00fcr andere Fahrzeugen (Marken) verf\u00fcgbar auf anfrage. Tel.041 980 27 47. Mobil. 076 589 27 47<\/p>\n<p> Kontakt<br \/>\n  Adresse: Autoverwertung Brun AG<br \/>\n           M\u00f6\u00f6slimatten 13<br \/>\n           6218 Ettiswil<br \/>\n  Telefon: 0041 (041) 980 27 47<br \/>\n  Telefax: 0041 (041) 980 03 47<\/p>\n<p> Wir bieten Ihnen weitere gebrauchte Autoteile zum Kauf an.<br \/>\n Tags: Lenks\u00e4ule, Steering column, Colonne de direction<br \/>\n<\/span><\/p>\n","protected":false},"excerpt":{"rendered":"<p>Technische Daten Fahrzeug: Mini Cooper S Chassis Nr.: WMWWH510103C80329 Baujahr: 2018 Kilometer: 76220 KM Leistung: 170 KW Hubraum: 1995 ccm Typ: 1MQ436 Farbcode: Turquise Hinweise: &#8211; Versand: Versand nur in der Schweiz m\u00f6glich.Im Ausland ist der Transport k\u00e4uferseits. Garantie: 3 Monate Garantie. Bitte beachten Sie, dass die Gew\u00e4hrleistung nur g\u00fcltig ist, wenn der Ersatzteileinbau durch&hellip; <a class=\"more-link\" href=\"https:\/\/occasions-teile.ch\/en\/produkt\/mini-cooper-s-lenksaeule-2\/\">Continue reading <span class=\"screen-reader-text\">Mini Cooper S  Lenks\u00e4ule<\/span><\/a><\/p>\n","protected":false},"featured_media":318832,"template":"","meta":[],"product_brand":[],"product_cat":[23952,541,873,874,5432,5432,5432,541,873,874,2220,2220,2220,873,874,541,23949,23949,23949],"product_tag":[],"class_list":{"0":"post-318835","1":"product","2":"type-product","3":"status-publish","4":"has-post-thumbnail","6":"product_cat-de-cabrio-f57","7":"product_cat-de-fahrwerk-lenkung","8":"product_cat-de-lenksaeule","9":"product_cat-de-lenksaeule-de-lenksaeule","10":"product_cat-de_slug_mini_cooper-s_434","16":"product_cat-de_mini","22":"product_cat-de-wmwwh510103c80329-200000338","25":"product_shipping_class-tarif-2","26":"entry","28":"first","29":"instock","30":"taxable","31":"shipping-taxable","32":"purchasable","33":"product-type-simple"},"jetpack_sharing_enabled":true,"_links":{"self":[{"href":"https:\/\/occasions-teile.ch\/en\/wp-json\/wp\/v2\/product\/318835","targetHints":{"allow":["GET"]}}],"collection":[{"href":"https:\/\/occasions-teile.ch\/en\/wp-json\/wp\/v2\/product"}],"about":[{"href":"https:\/\/occasions-teile.ch\/en\/wp-json\/wp\/v2\/types\/product"}],"wp:featuredmedia":[{"embeddable":true,"href":"https:\/\/occasions-teile.ch\/en\/wp-json\/wp\/v2\/media\/318832"}],"wp:attachment":[{"href":"https:\/\/occasions-teile.ch\/en\/wp-json\/wp\/v2\/media?parent=318835"}],"wp:term":[{"taxonomy":"product_brand","embeddable":true,"href":"https:\/\/occasions-teile.ch\/en\/wp-json\/wp\/v2\/product_brand?post=318835"},{"taxonomy":"product_cat","embeddable":true,"href":"https:\/\/occasions-teile.ch\/en\/wp-json\/wp\/v2\/product_cat?post=318835"},{"taxonomy":"product_tag","embeddable":true,"href":"https:\/\/occasions-teile.ch\/en\/wp-json\/wp\/v2\/product_tag?post=318835"}],"curies":[{"name":"wp","href":"https:\/\/api.w.org\/{rel}","templated":true}]}}