{"id":317974,"date":"2024-06-08T09:57:11","date_gmt":"2024-06-08T09:57:11","guid":{"rendered":"https:\/\/occasions-teile.ch\/product\/bmw-bmw-225-hv-kabel\/"},"modified":"2024-06-08T10:47:06","modified_gmt":"2024-06-08T10:47:06","slug":"bmw-bmw-225-hv-kabel","status":"publish","type":"product","link":"https:\/\/occasions-teile.ch\/en\/produkt\/bmw-bmw-225-hv-kabel\/","title":{"rendered":"BMW Bmw 225 HV-Kabel"},"content":{"rendered":"<p><span><b>Technische Daten<\/b><\/p>\n<p> Fahrzeug: BMW Bmw 225<br \/>\n Chassis Nr.: WBA6Y310407G14351<br \/>\n Baujahr: 2020<br \/>\n Kilometer: 40277 KM<br \/>\n Leistung: 136 KW<br \/>\n Hubraum: 1499 ccm<br \/>\n Typ: 1BQ467<br \/>\n Farbcode: White\/Weiss<br \/>\n Hinweise: &#8211;<\/p>\n<p> Versand: Versand nur in der Schweiz m\u00f6glich.Im Ausland ist der Transport k\u00e4uferseits.<br \/>\n Garantie: 3 Monate Garantie. Bitte beachten Sie, dass die Gew\u00e4hrleistung nur g\u00fcltig ist, wenn der Ersatzteileinbau durch eine Fachwerkstatt\/Meisterwerkstatt erfolgt. Das Ein- und Ausbau des Ersatzteiles kann nicht an uns verrechnet werden. <\/p>\n<p> Ersatzteil: f\u00fcr andere Fahrzeugen (Marken) verf\u00fcgbar auf anfrage. Tel.041 980 27 47. Mobil. 076 589 27 47<\/p>\n<p> Kontakt<br \/>\n  Adresse: Autoverwertung Brun AG<br \/>\n           M\u00f6\u00f6slimatten 13<br \/>\n           6218 Ettiswil<br \/>\n  Telefon: 0041 (041) 980 27 47<br \/>\n  Telefax: 0041 (041) 980 03 47<\/p>\n<p> Wir bieten Ihnen weitere gebrauchte Autoteile zum Kauf an.<br \/>\n Tags: HV-Kabel, HV cable, Ca^ble de charge HT<br \/>\n<\/span><\/p>\n","protected":false},"excerpt":{"rendered":"<p>Technische Daten Fahrzeug: BMW Bmw 225 Chassis Nr.: WBA6Y310407G14351 Baujahr: 2020 Kilometer: 40277 KM Leistung: 136 KW Hubraum: 1499 ccm Typ: 1BQ467 Farbcode: White\/Weiss Hinweise: &#8211; Versand: Versand nur in der Schweiz m\u00f6glich.Im Ausland ist der Transport k\u00e4uferseits. Garantie: 3 Monate Garantie. Bitte beachten Sie, dass die Gew\u00e4hrleistung nur g\u00fcltig ist, wenn der Ersatzteileinbau durch&hellip; <a class=\"more-link\" href=\"https:\/\/occasions-teile.ch\/en\/produkt\/bmw-bmw-225-hv-kabel\/\">Continue reading <span class=\"screen-reader-text\">BMW Bmw 225 HV-Kabel<\/span><\/a><\/p>\n","protected":false},"featured_media":317971,"template":"","meta":[],"product_brand":[],"product_cat":[1515,1509,1512,23924,23926,23922,6474,6168,6167,6473,6166,6472,1809,1806,1812,23925,23921,23923,23927],"product_tag":[],"class_list":{"0":"post-317974","1":"product","2":"type-product","3":"status-publish","4":"has-post-thumbnail","6":"product_cat-fr_bmw","7":"product_cat-de_bmw","8":"product_cat-en_bmw","9":"product_cat-en_slug_bmw_bmw-225_138","10":"product_cat-fr_slug_bmw_bmw-225_656","11":"product_cat-de_slug_bmw_bmw-225_526","12":"product_cat-fr-cable-de-charge-ht-hv-kabel","13":"product_cat-fr-cable-de-charge-ht-hybrid-elektro","14":"product_cat-en-hv-cable-hybrid-elektro","15":"product_cat-en-hv-cable-hv-kabel","16":"product_cat-de-hv-kabel-hybrid-elektro","17":"product_cat-de-hv-kabel-hv-kabel","18":"product_cat-en-hybrid-electric","19":"product_cat-de-hybrid-elektro","20":"product_cat-fr-hybride-electrique","21":"product_cat-fr-wba6y310407g14351-200000329","22":"product_cat-de-wba6y310407g14351-200000329","23":"product_cat-en-wba6y310407g14351-200000329","24":"product_cat-de-xe","25":"product_shipping_class-tarif-1","26":"entry","28":"first","29":"instock","30":"taxable","31":"shipping-taxable","32":"purchasable","33":"product-type-simple"},"jetpack_sharing_enabled":true,"_links":{"self":[{"href":"https:\/\/occasions-teile.ch\/en\/wp-json\/wp\/v2\/product\/317974","targetHints":{"allow":["GET"]}}],"collection":[{"href":"https:\/\/occasions-teile.ch\/en\/wp-json\/wp\/v2\/product"}],"about":[{"href":"https:\/\/occasions-teile.ch\/en\/wp-json\/wp\/v2\/types\/product"}],"wp:featuredmedia":[{"embeddable":true,"href":"https:\/\/occasions-teile.ch\/en\/wp-json\/wp\/v2\/media\/317971"}],"wp:attachment":[{"href":"https:\/\/occasions-teile.ch\/en\/wp-json\/wp\/v2\/media?parent=317974"}],"wp:term":[{"taxonomy":"product_brand","embeddable":true,"href":"https:\/\/occasions-teile.ch\/en\/wp-json\/wp\/v2\/product_brand?post=317974"},{"taxonomy":"product_cat","embeddable":true,"href":"https:\/\/occasions-teile.ch\/en\/wp-json\/wp\/v2\/product_cat?post=317974"},{"taxonomy":"product_tag","embeddable":true,"href":"https:\/\/occasions-teile.ch\/en\/wp-json\/wp\/v2\/product_tag?post=317974"}],"curies":[{"name":"wp","href":"https:\/\/api.w.org\/{rel}","templated":true}]}}