{"id":317942,"date":"2024-06-07T14:58:19","date_gmt":"2024-06-07T14:58:19","guid":{"rendered":"https:\/\/occasions-teile.ch\/product\/bmw-bmw-225-federbein-stossdaempfer-hinten-2\/"},"modified":"2024-06-07T15:46:03","modified_gmt":"2024-06-07T15:46:03","slug":"bmw-bmw-225-federbein-stossdaempfer-hinten-2","status":"publish","type":"product","link":"https:\/\/occasions-teile.ch\/en\/produkt\/bmw-bmw-225-federbein-stossdaempfer-hinten-2\/","title":{"rendered":"BMW Bmw 225 Federbein Stossd\u00e4mpfer hinten"},"content":{"rendered":"<p><span><b>Technische Daten<\/b><\/p>\n<p> Fahrzeug: BMW Bmw 225<br \/>\n Chassis Nr.: WBA6Y310407G14351<br \/>\n Baujahr: 2020<br \/>\n Kilometer: 40277 KM<br \/>\n Leistung: 136 KW<br \/>\n Hubraum: 1499 ccm<br \/>\n Typ: 1BQ467<br \/>\n Farbcode: White\/Weiss<br \/>\n Hinweise: &#8211;<\/p>\n<p> Versand: Versand nur in der Schweiz m\u00f6glich.Im Ausland ist der Transport k\u00e4uferseits.<br \/>\n Garantie: 3 Monate Garantie. Bitte beachten Sie, dass die Gew\u00e4hrleistung nur g\u00fcltig ist, wenn der Ersatzteileinbau durch eine Fachwerkstatt\/Meisterwerkstatt erfolgt. Das Ein- und Ausbau des Ersatzteiles kann nicht an uns verrechnet werden. <\/p>\n<p> Ersatzteil: f\u00fcr andere Fahrzeugen (Marken) verf\u00fcgbar auf anfrage. Tel.041 980 27 47. Mobil. 076 589 27 47<\/p>\n<p> Kontakt<br \/>\n  Adresse: Autoverwertung Brun AG<br \/>\n           M\u00f6\u00f6slimatten 13<br \/>\n           6218 Ettiswil<br \/>\n  Telefon: 0041 (041) 980 27 47<br \/>\n  Telefax: 0041 (041) 980 03 47<\/p>\n<p> Wir bieten Ihnen weitere gebrauchte Autoteile zum Kauf an.<br \/>\n Tags: Federbein Stossd\u00e4mpfer hinten, Suspension strut rear shock absorber, Amortisseur arri\u00e8re de jambe de suspension<br \/>\n<\/span><\/p>\n","protected":false},"excerpt":{"rendered":"<p>Technische Daten Fahrzeug: BMW Bmw 225 Chassis Nr.: WBA6Y310407G14351 Baujahr: 2020 Kilometer: 40277 KM Leistung: 136 KW Hubraum: 1499 ccm Typ: 1BQ467 Farbcode: White\/Weiss Hinweise: &#8211; Versand: Versand nur in der Schweiz m\u00f6glich.Im Ausland ist der Transport k\u00e4uferseits. Garantie: 3 Monate Garantie. Bitte beachten Sie, dass die Gew\u00e4hrleistung nur g\u00fcltig ist, wenn der Ersatzteileinbau durch&hellip; <a class=\"more-link\" href=\"https:\/\/occasions-teile.ch\/en\/produkt\/bmw-bmw-225-federbein-stossdaempfer-hinten-2\/\">Continue reading <span class=\"screen-reader-text\">BMW Bmw 225 Federbein Stossd\u00e4mpfer hinten<\/span><\/a><\/p>\n","protected":false},"featured_media":317939,"template":"","meta":[],"product_brand":[],"product_cat":[1509,1512,1515,23924,23926,23922,544,541,762,813,766,815,764,814,547,23923,23925,23921,23927],"product_tag":[],"class_list":{"0":"post-317942","1":"product","2":"type-product","3":"status-publish","4":"has-post-thumbnail","6":"product_cat-de_bmw","7":"product_cat-en_bmw","8":"product_cat-fr_bmw","9":"product_cat-en_slug_bmw_bmw-225_138","10":"product_cat-fr_slug_bmw_bmw-225_656","11":"product_cat-de_slug_bmw_bmw-225_526","12":"product_cat-en-chassis-steering","13":"product_cat-de-fahrwerk-lenkung","14":"product_cat-de-federbeine-stossdaempfer","15":"product_cat-de-federbeine-stossdaempfer-hinten","16":"product_cat-fr-jambes-de-force-amortisseurs","17":"product_cat-fr-jambes-de-force-amortisseurs-arriere","18":"product_cat-en-struts-shock-absorbers","19":"product_cat-en-suspension-struts-shock-absorber-rear","20":"product_cat-fr-train-de-roulement-direction","21":"product_cat-en-wba6y310407g14351-200000329","22":"product_cat-fr-wba6y310407g14351-200000329","23":"product_cat-de-wba6y310407g14351-200000329","24":"product_cat-de-xe","25":"product_shipping_class-tarif-1","26":"entry","28":"first","29":"instock","30":"taxable","31":"shipping-taxable","32":"purchasable","33":"product-type-simple"},"jetpack_sharing_enabled":true,"_links":{"self":[{"href":"https:\/\/occasions-teile.ch\/en\/wp-json\/wp\/v2\/product\/317942","targetHints":{"allow":["GET"]}}],"collection":[{"href":"https:\/\/occasions-teile.ch\/en\/wp-json\/wp\/v2\/product"}],"about":[{"href":"https:\/\/occasions-teile.ch\/en\/wp-json\/wp\/v2\/types\/product"}],"wp:featuredmedia":[{"embeddable":true,"href":"https:\/\/occasions-teile.ch\/en\/wp-json\/wp\/v2\/media\/317939"}],"wp:attachment":[{"href":"https:\/\/occasions-teile.ch\/en\/wp-json\/wp\/v2\/media?parent=317942"}],"wp:term":[{"taxonomy":"product_brand","embeddable":true,"href":"https:\/\/occasions-teile.ch\/en\/wp-json\/wp\/v2\/product_brand?post=317942"},{"taxonomy":"product_cat","embeddable":true,"href":"https:\/\/occasions-teile.ch\/en\/wp-json\/wp\/v2\/product_cat?post=317942"},{"taxonomy":"product_tag","embeddable":true,"href":"https:\/\/occasions-teile.ch\/en\/wp-json\/wp\/v2\/product_tag?post=317942"}],"curies":[{"name":"wp","href":"https:\/\/api.w.org\/{rel}","templated":true}]}}