{"id":316320,"date":"2024-05-21T15:26:54","date_gmt":"2024-05-21T15:26:54","guid":{"rendered":"https:\/\/occasions-teile.ch\/product\/audi-a3-fensterheber-3\/"},"modified":"2024-05-28T04:54:32","modified_gmt":"2024-05-28T04:54:32","slug":"audi-a3-fensterheber-3","status":"publish","type":"product","link":"https:\/\/occasions-teile.ch\/en\/produkt\/audi-a3-fensterheber-3\/","title":{"rendered":"Audi A3  Fensterheber"},"content":{"rendered":"<p><span><b>Technische Daten<\/b><\/p>\n<p> Fahrzeug: Audi A3<br \/>\n Chassis Nr.: WAUZZZGY4MA114870<br \/>\n Baujahr: 2021<br \/>\n Kilometer: 75588 KM<br \/>\n Leistung: 150 KW<br \/>\n Hubraum: 1498 ccm<br \/>\n Typ: 1AN909<br \/>\n Farbcode: Black<br \/>\n Hinweise: &#8211;<\/p>\n<p> Versand: Versand nur in der Schweiz m\u00f6glich.Im Ausland ist der Transport k\u00e4uferseits.<br \/>\n Garantie: 3 Monate Garantie. Bitte beachten Sie, dass die Gew\u00e4hrleistung nur g\u00fcltig ist, wenn der Ersatzteileinbau durch eine Fachwerkstatt\/Meisterwerkstatt erfolgt. Das Ein- und Ausbau des Ersatzteiles kann nicht an uns verrechnet werden. <\/p>\n<p> Ersatzteil: f\u00fcr andere Fahrzeugen (Marken) verf\u00fcgbar auf anfrage. Tel.041 980 27 47. Mobil. 076 589 27 47<\/p>\n<p> Kontakt<br \/>\n  Adresse: Autoverwertung Brun AG<br \/>\n           M\u00f6\u00f6slimatten 13<br \/>\n           6218 Ettiswil<br \/>\n  Telefon: 0041 (041) 980 27 47<br \/>\n  Telefax: 0041 (041) 980 03 47<\/p>\n<p> Wir bieten Ihnen weitere gebrauchte Autoteile zum Kauf an.<br \/>\n Tags: Fensterheber, Window regulator , Le`ve-vitres<br \/>\n<\/span><\/p>\n","protected":false},"excerpt":{"rendered":"<p>Technische Daten Fahrzeug: Audi A3 Chassis Nr.: WAUZZZGY4MA114870 Baujahr: 2021 Kilometer: 75588 KM Leistung: 150 KW Hubraum: 1498 ccm Typ: 1AN909 Farbcode: Black Hinweise: &#8211; Versand: Versand nur in der Schweiz m\u00f6glich.Im Ausland ist der Transport k\u00e4uferseits. Garantie: 3 Monate Garantie. Bitte beachten Sie, dass die Gew\u00e4hrleistung nur g\u00fcltig ist, wenn der Ersatzteileinbau durch eine&hellip; <a class=\"more-link\" href=\"https:\/\/occasions-teile.ch\/en\/produkt\/audi-a3-fensterheber-3\/\">Continue reading <span class=\"screen-reader-text\">Audi A3  Fensterheber<\/span><\/a><\/p>\n","protected":false},"featured_media":316317,"template":"","meta":[],"product_brand":[],"product_cat":[23740,23472,2139,458,1350,1349,485,23286],"product_tag":[],"class_list":{"0":"post-316320","1":"product","2":"type-product","3":"status-publish","4":"has-post-thumbnail","6":"product_cat-de-35-tfsi-mild-hybrid-de_a3-de_audi-manufacturer-132","7":"product_cat-de-35-tfsi-mild-hybrid-de_a3-de_audi-manufacturer-90","8":"product_cat-de_a3","9":"product_cat-de_audi","10":"product_cat-de-fensterheber-de-fensterheber","11":"product_cat-de-fensterheber","12":"product_cat-de-karosserie-mitte","13":"product_cat-de-wauzzzgy4ma114870-200000325","14":"product_shipping_class-tarif-1","15":"entry","17":"first","18":"instock","19":"taxable","20":"shipping-taxable","21":"purchasable","22":"product-type-simple"},"jetpack_sharing_enabled":true,"_links":{"self":[{"href":"https:\/\/occasions-teile.ch\/en\/wp-json\/wp\/v2\/product\/316320","targetHints":{"allow":["GET"]}}],"collection":[{"href":"https:\/\/occasions-teile.ch\/en\/wp-json\/wp\/v2\/product"}],"about":[{"href":"https:\/\/occasions-teile.ch\/en\/wp-json\/wp\/v2\/types\/product"}],"wp:featuredmedia":[{"embeddable":true,"href":"https:\/\/occasions-teile.ch\/en\/wp-json\/wp\/v2\/media\/316317"}],"wp:attachment":[{"href":"https:\/\/occasions-teile.ch\/en\/wp-json\/wp\/v2\/media?parent=316320"}],"wp:term":[{"taxonomy":"product_brand","embeddable":true,"href":"https:\/\/occasions-teile.ch\/en\/wp-json\/wp\/v2\/product_brand?post=316320"},{"taxonomy":"product_cat","embeddable":true,"href":"https:\/\/occasions-teile.ch\/en\/wp-json\/wp\/v2\/product_cat?post=316320"},{"taxonomy":"product_tag","embeddable":true,"href":"https:\/\/occasions-teile.ch\/en\/wp-json\/wp\/v2\/product_tag?post=316320"}],"curies":[{"name":"wp","href":"https:\/\/api.w.org\/{rel}","templated":true}]}}