{"id":316042,"date":"2024-05-16T16:24:36","date_gmt":"2024-05-16T16:24:36","guid":{"rendered":"https:\/\/occasions-teile.ch\/product\/audi-a3-radarsensor-2\/"},"modified":"2025-12-10T09:48:28","modified_gmt":"2025-12-10T09:48:28","slug":"audi-a3-radarsensor-2","status":"publish","type":"product","link":"https:\/\/occasions-teile.ch\/en\/produkt\/audi-a3-radarsensor-2\/","title":{"rendered":"Audi A3  Radarsensor"},"content":{"rendered":"<p><span><b>Technische Daten<\/b><\/p>\n<p> Fahrzeug: Audi A3  35 TFSI Mild Hybrid<br \/>\n Chassis Nr.: WAUZZZGY4MA114870<br \/>\n Baujahr: 2021<br \/>\n Kilometer: 75588 KM<br \/>\n Leistung: 150 KW<br \/>\n Hubraum: 1498 ccm<br \/>\n Typ: 1AN909<br \/>\n Farbcode: Schwarz<br \/>\n Hinweise: &#8211;<\/p>\n<p> Versand: Versand nur in der Schweiz m\u00f6glich.Im Ausland ist der Transport k\u00e4uferseits.<br \/>\n Garantie: 3 Monate Garantie. Bitte beachten Sie, dass die Gew\u00e4hrleistung nur g\u00fcltig ist, wenn der Ersatzteileinbau durch eine Fachwerkstatt\/Meisterwerkstatt erfolgt. Das Ein- und Ausbau des Ersatzteiles kann nicht an uns verrechnet werden. <\/p>\n<p> Ersatzteil: f\u00fcr andere Fahrzeugen (Marken) verf\u00fcgbar auf anfrage. Tel.041 980 27 47. Mobil. 076 589 27 47<\/p>\n<p> Kontakt<br \/>\n  Adresse: Autoverwertung Brun AG<br \/>\n           M\u00f6\u00f6slimatten 13<br \/>\n           6218 Ettiswil<br \/>\n  Telefon: 0041 (041) 980 27 47<br \/>\n  Telefax: 0041 (041) 980 03 47<\/p>\n<p> Wir bieten Ihnen weitere gebrauchte Autoteile zum Kauf an.<br \/>\n Tags: Radarsensor, Radar sensor, Capteur radar<br \/>\n<\/span><\/p>\n","protected":false},"excerpt":{"rendered":"<p>Technische Daten Fahrzeug: Audi A3 35 TFSI Mild Hybrid Chassis Nr.: WAUZZZGY4MA114870 Baujahr: 2021 Kilometer: 75588 KM Leistung: 150 KW Hubraum: 1498 ccm Typ: 1AN909 Farbcode: Schwarz Hinweise: &#8211; Versand: Versand nur in der Schweiz m\u00f6glich.Im Ausland ist der Transport k\u00e4uferseits. Garantie: 3 Monate Garantie. Bitte beachten Sie, dass die Gew\u00e4hrleistung nur g\u00fcltig ist, wenn&hellip; <a class=\"more-link\" href=\"https:\/\/occasions-teile.ch\/en\/produkt\/audi-a3-radarsensor-2\/\">Continue reading <span class=\"screen-reader-text\">Audi A3  Radarsensor<\/span><\/a><\/p>\n","protected":false},"featured_media":316039,"template":"","meta":[],"product_brand":[],"product_cat":[2139,2141,2143,941,939,458,461,464,1108,627,624,621,1107,1106,943,23289,23286,23288],"product_tag":[],"class_list":{"0":"post-316042","1":"product","2":"type-product","3":"status-publish","4":"has-post-thumbnail","6":"product_cat-de_a3","7":"product_cat-en_a3","8":"product_cat-fr_a3","9":"product_cat-en-assistance-systems","10":"product_cat-de-assistenzsysteme","11":"product_cat-de_audi","12":"product_cat-en_audi","13":"product_cat-fr_audi","14":"product_cat-fr-capteur-radar","15":"product_cat-fr-electricite-dispositifs-de-commande","16":"product_cat-en-electrics-control-units","17":"product_cat-de-elektrik-steuergeraete","18":"product_cat-en-radar-sensor","19":"product_cat-de-radarsensor","20":"product_cat-fr-systemes-dassistance","21":"product_cat-fr-wauzzzgy4ma114870-200000325","22":"product_cat-de-wauzzzgy4ma114870-200000325","23":"product_cat-en-wauzzzgy4ma114870-200000325","24":"product_shipping_class-tarif-1","25":"entry","27":"first","28":"instock","29":"taxable","30":"shipping-taxable","31":"purchasable","32":"product-type-simple"},"jetpack_sharing_enabled":true,"_links":{"self":[{"href":"https:\/\/occasions-teile.ch\/en\/wp-json\/wp\/v2\/product\/316042","targetHints":{"allow":["GET"]}}],"collection":[{"href":"https:\/\/occasions-teile.ch\/en\/wp-json\/wp\/v2\/product"}],"about":[{"href":"https:\/\/occasions-teile.ch\/en\/wp-json\/wp\/v2\/types\/product"}],"wp:featuredmedia":[{"embeddable":true,"href":"https:\/\/occasions-teile.ch\/en\/wp-json\/wp\/v2\/media\/316039"}],"wp:attachment":[{"href":"https:\/\/occasions-teile.ch\/en\/wp-json\/wp\/v2\/media?parent=316042"}],"wp:term":[{"taxonomy":"product_brand","embeddable":true,"href":"https:\/\/occasions-teile.ch\/en\/wp-json\/wp\/v2\/product_brand?post=316042"},{"taxonomy":"product_cat","embeddable":true,"href":"https:\/\/occasions-teile.ch\/en\/wp-json\/wp\/v2\/product_cat?post=316042"},{"taxonomy":"product_tag","embeddable":true,"href":"https:\/\/occasions-teile.ch\/en\/wp-json\/wp\/v2\/product_tag?post=316042"}],"curies":[{"name":"wp","href":"https:\/\/api.w.org\/{rel}","templated":true}]}}