{"id":315958,"date":"2024-05-16T13:48:15","date_gmt":"2024-05-16T13:48:15","guid":{"rendered":"https:\/\/occasions-teile.ch\/product\/audi-a3-tankklappe-tankdeckel\/"},"modified":"2024-05-28T06:27:12","modified_gmt":"2024-05-28T06:27:12","slug":"audi-a3-tankklappe-tankdeckel","status":"publish","type":"product","link":"https:\/\/occasions-teile.ch\/en\/produkt\/audi-a3-tankklappe-tankdeckel\/","title":{"rendered":"Audi A3  Tankklappe\/Tankdeckel"},"content":{"rendered":"<p><span><b>Technische Daten<\/b><\/p>\n<p> Fahrzeug: Audi A3<br \/>\n Chassis Nr.: WAUZZZGY4MA114870<br \/>\n Baujahr: 2021<br \/>\n Kilometer: 75588 KM<br \/>\n Leistung: 150 KW<br \/>\n Hubraum: 1498 ccm<br \/>\n Typ: 1AN909<br \/>\n Farbcode: Black<br \/>\n Hinweise: &#8211;<\/p>\n<p> Versand: Versand nur in der Schweiz m\u00f6glich.Im Ausland ist der Transport k\u00e4uferseits.<br \/>\n Garantie: 3 Monate Garantie. Bitte beachten Sie, dass die Gew\u00e4hrleistung nur g\u00fcltig ist, wenn der Ersatzteileinbau durch eine Fachwerkstatt\/Meisterwerkstatt erfolgt. Das Ein- und Ausbau des Ersatzteiles kann nicht an uns verrechnet werden. <\/p>\n<p> Ersatzteil: f\u00fcr andere Fahrzeugen (Marken) verf\u00fcgbar auf anfrage. Tel.041 980 27 47. Mobil. 076 589 27 47<\/p>\n<p> Kontakt<br \/>\n  Adresse: Autoverwertung Brun AG<br \/>\n           M\u00f6\u00f6slimatten 13<br \/>\n           6218 Ettiswil<br \/>\n  Telefon: 0041 (041) 980 27 47<br \/>\n  Telefax: 0041 (041) 980 03 47<\/p>\n<p> Wir bieten Ihnen weitere gebrauchte Autoteile zum Kauf an.<br \/>\n Tags: Tankklappe\/Tankdeckel, Fuel filler flap \/fuel filler cap , Trappe\/bouchon de re\u00b4servoir<br \/>\n<\/span><\/p>\n","protected":false},"excerpt":{"rendered":"<p>Technische Daten Fahrzeug: Audi A3 Chassis Nr.: WAUZZZGY4MA114870 Baujahr: 2021 Kilometer: 75588 KM Leistung: 150 KW Hubraum: 1498 ccm Typ: 1AN909 Farbcode: Black Hinweise: &#8211; Versand: Versand nur in der Schweiz m\u00f6glich.Im Ausland ist der Transport k\u00e4uferseits. Garantie: 3 Monate Garantie. Bitte beachten Sie, dass die Gew\u00e4hrleistung nur g\u00fcltig ist, wenn der Ersatzteileinbau durch eine&hellip; <a class=\"more-link\" href=\"https:\/\/occasions-teile.ch\/en\/produkt\/audi-a3-tankklappe-tankdeckel\/\">Continue reading <span class=\"screen-reader-text\">Audi A3  Tankklappe\/Tankdeckel<\/span><\/a><\/p>\n","protected":false},"featured_media":315955,"template":"","meta":[],"product_brand":[],"product_cat":[23740,23302,2143,2139,2141,458,461,464,488,491,1896,1897,485,1894,1895,1898,1899,23286,23288,23289],"product_tag":[],"class_list":{"0":"post-315958","1":"product","2":"type-product","3":"status-publish","4":"has-post-thumbnail","6":"product_cat-de-35-tfsi-mild-hybrid-de_a3-de_audi-manufacturer-132","7":"product_cat-de-35-tfsi-mild-hybrid-de_a3-de_audi-manufacturer-11","8":"product_cat-fr_a3","9":"product_cat-de_a3","10":"product_cat-en_a3","11":"product_cat-de_audi","12":"product_cat-en_audi","13":"product_cat-fr_audi","14":"product_cat-en-body-center","15":"product_cat-fr-centre-de-la-carrosserie","16":"product_cat-en-fuel-filler-flap-fuel-filler-cap","17":"product_cat-en-fuel-filler-flap-fuel-filler-cap-en-fuel-filler-flap-fuel-filler-cap","18":"product_cat-de-karosserie-mitte","19":"product_cat-de-tankklappe-tankdeckel","20":"product_cat-de-tankklappe-tankdeckel-de-tankklappe-tankdeckel","21":"product_cat-fr-trappe-bouchon-de-reservoir","22":"product_cat-fr-trappe-bouchon-de-reservoir-fr-trappe-bouchon-de-reservoir","23":"product_cat-de-wauzzzgy4ma114870-200000325","24":"product_cat-en-wauzzzgy4ma114870-200000325","25":"product_cat-fr-wauzzzgy4ma114870-200000325","26":"product_shipping_class-tarif-1","27":"entry","29":"first","30":"instock","31":"taxable","32":"shipping-taxable","33":"purchasable","34":"product-type-simple"},"jetpack_sharing_enabled":true,"_links":{"self":[{"href":"https:\/\/occasions-teile.ch\/en\/wp-json\/wp\/v2\/product\/315958","targetHints":{"allow":["GET"]}}],"collection":[{"href":"https:\/\/occasions-teile.ch\/en\/wp-json\/wp\/v2\/product"}],"about":[{"href":"https:\/\/occasions-teile.ch\/en\/wp-json\/wp\/v2\/types\/product"}],"wp:featuredmedia":[{"embeddable":true,"href":"https:\/\/occasions-teile.ch\/en\/wp-json\/wp\/v2\/media\/315955"}],"wp:attachment":[{"href":"https:\/\/occasions-teile.ch\/en\/wp-json\/wp\/v2\/media?parent=315958"}],"wp:term":[{"taxonomy":"product_brand","embeddable":true,"href":"https:\/\/occasions-teile.ch\/en\/wp-json\/wp\/v2\/product_brand?post=315958"},{"taxonomy":"product_cat","embeddable":true,"href":"https:\/\/occasions-teile.ch\/en\/wp-json\/wp\/v2\/product_cat?post=315958"},{"taxonomy":"product_tag","embeddable":true,"href":"https:\/\/occasions-teile.ch\/en\/wp-json\/wp\/v2\/product_tag?post=315958"}],"curies":[{"name":"wp","href":"https:\/\/api.w.org\/{rel}","templated":true}]}}