{"id":315797,"date":"2024-05-14T09:48:26","date_gmt":"2024-05-14T09:48:26","guid":{"rendered":"https:\/\/occasions-teile.ch\/product\/skoda-kodiaq-rueckleuchte-rechts\/"},"modified":"2024-05-25T12:48:40","modified_gmt":"2024-05-25T12:48:40","slug":"skoda-kodiaq-rueckleuchte-rechts","status":"publish","type":"product","link":"https:\/\/occasions-teile.ch\/en\/produkt\/skoda-kodiaq-rueckleuchte-rechts\/","title":{"rendered":"Skoda kodiaq  R\u00fcckleuchte rechts"},"content":{"rendered":"<p><span><b>Technische Daten<\/b><\/p>\n<p> Fahrzeug: Skoda kodiaq<br \/>\n Chassis Nr.: TMBLJ7NS2M8062021<br \/>\n Baujahr: 2021<br \/>\n Kilometer: 218626 KM<br \/>\n Leistung: 150 KW<br \/>\n Hubraum: 1968 ccm<br \/>\n Typ: 1SL238<br \/>\n Farbcode: grau<br \/>\n Hinweise: &#8211;<\/p>\n<p> Versand: Versand nur in der Schweiz m\u00f6glich.Im Ausland ist der Transport k\u00e4uferseits.<br \/>\n Garantie: 3 Monate Garantie. Bitte beachten Sie, dass die Gew\u00e4hrleistung nur g\u00fcltig ist, wenn der Ersatzteileinbau durch eine Fachwerkstatt\/Meisterwerkstatt erfolgt. Das Ein- und Ausbau des Ersatzteiles kann nicht an uns verrechnet werden. <\/p>\n<p> Ersatzteil: f\u00fcr andere Fahrzeugen (Marken) verf\u00fcgbar auf anfrage. Tel.041 980 27 47. Mobil. 076 589 27 47<\/p>\n<p> Kontakt<br \/>\n  Adresse: Autoverwertung Brun AG<br \/>\n           M\u00f6\u00f6slimatten 13<br \/>\n           6218 Ettiswil<br \/>\n  Telefon: 0041 (041) 980 27 47<br \/>\n  Telefax: 0041 (041) 980 03 47<\/p>\n<p> Wir bieten Ihnen weitere gebrauchte Autoteile zum Kauf an.<br \/>\n Tags: R\u00fcckleuchte rechts, Tail light right , Feu arrie`re droit<br \/>\n<\/span><\/p>\n","protected":false},"excerpt":{"rendered":"<p>Technische Daten Fahrzeug: Skoda kodiaq Chassis Nr.: TMBLJ7NS2M8062021 Baujahr: 2021 Kilometer: 218626 KM Leistung: 150 KW Hubraum: 1968 ccm Typ: 1SL238 Farbcode: grau Hinweise: &#8211; Versand: Versand nur in der Schweiz m\u00f6glich.Im Ausland ist der Transport k\u00e4uferseits. Garantie: 3 Monate Garantie. Bitte beachten Sie, dass die Gew\u00e4hrleistung nur g\u00fcltig ist, wenn der Ersatzteileinbau durch eine&hellip; <a class=\"more-link\" href=\"https:\/\/occasions-teile.ch\/en\/produkt\/skoda-kodiaq-rueckleuchte-rechts\/\">Continue reading <span class=\"screen-reader-text\">Skoda kodiaq  R\u00fcckleuchte rechts<\/span><\/a><\/p>\n","protected":false},"featured_media":315794,"template":"","meta":[],"product_brand":[],"product_cat":[23263,23615,524,1471,1681,1128,1123,22857],"product_tag":[],"class_list":{"0":"post-315797","1":"product","2":"type-product","3":"status-publish","4":"has-post-thumbnail","6":"product_cat-de-2-0tdi-de_skoda-kodiaq-de_skoda-manufacturer-79","7":"product_cat-de-2-0tdi-de_skoda-kodiaq-de_skoda-manufacturer-97","8":"product_cat-en-body-rear","9":"product_cat-en_skoda-manufacturer-en","10":"product_cat-en_skoda-kodiaq","11":"product_cat-en-tail-light-right","12":"product_cat-en-taillight","13":"product_cat-en-tmblj7ns2m8062021-200000321","14":"product_shipping_class-tarif-1-en","15":"entry","17":"first","18":"instock","19":"taxable","20":"shipping-taxable","21":"purchasable","22":"product-type-simple"},"jetpack_sharing_enabled":true,"_links":{"self":[{"href":"https:\/\/occasions-teile.ch\/en\/wp-json\/wp\/v2\/product\/315797","targetHints":{"allow":["GET"]}}],"collection":[{"href":"https:\/\/occasions-teile.ch\/en\/wp-json\/wp\/v2\/product"}],"about":[{"href":"https:\/\/occasions-teile.ch\/en\/wp-json\/wp\/v2\/types\/product"}],"wp:featuredmedia":[{"embeddable":true,"href":"https:\/\/occasions-teile.ch\/en\/wp-json\/wp\/v2\/media\/315794"}],"wp:attachment":[{"href":"https:\/\/occasions-teile.ch\/en\/wp-json\/wp\/v2\/media?parent=315797"}],"wp:term":[{"taxonomy":"product_brand","embeddable":true,"href":"https:\/\/occasions-teile.ch\/en\/wp-json\/wp\/v2\/product_brand?post=315797"},{"taxonomy":"product_cat","embeddable":true,"href":"https:\/\/occasions-teile.ch\/en\/wp-json\/wp\/v2\/product_cat?post=315797"},{"taxonomy":"product_tag","embeddable":true,"href":"https:\/\/occasions-teile.ch\/en\/wp-json\/wp\/v2\/product_tag?post=315797"}],"curies":[{"name":"wp","href":"https:\/\/api.w.org\/{rel}","templated":true}]}}