{"id":315114,"date":"2024-05-06T08:11:06","date_gmt":"2024-05-06T08:11:06","guid":{"rendered":"https:\/\/occasions-teile.ch\/product\/skoda-kodiaq-spiegel-aussenspiegel-vorne\/"},"modified":"2024-05-25T12:36:48","modified_gmt":"2024-05-25T12:36:48","slug":"skoda-kodiaq-spiegel-aussenspiegel-vorne","status":"publish","type":"product","link":"https:\/\/occasions-teile.ch\/en\/produkt\/skoda-kodiaq-spiegel-aussenspiegel-vorne\/","title":{"rendered":"Skoda kodiaq  Spiegel Au\u00dfenspiegel vorne"},"content":{"rendered":"<p><span><b>Technische Daten<\/b><\/p>\n<p> Fahrzeug: Skoda kodiaq<br \/>\n Chassis Nr.: TMBLJ7NS2M8062021<br \/>\n Baujahr: 2021<br \/>\n Kilometer: 218626 KM<br \/>\n Leistung: 150 KW<br \/>\n Hubraum: 1968 ccm<br \/>\n Typ: 1SL238<br \/>\n Farbcode: grau<br \/>\n Hinweise: &#8211;<\/p>\n<p> Versand: Versand nur in der Schweiz m\u00f6glich.Im Ausland ist der Transport k\u00e4uferseits.<br \/>\n Garantie: 3 Monate Garantie. Bitte beachten Sie, dass die Gew\u00e4hrleistung nur g\u00fcltig ist, wenn der Ersatzteileinbau durch eine Fachwerkstatt\/Meisterwerkstatt erfolgt. Das Ein- und Ausbau des Ersatzteiles kann nicht an uns verrechnet werden. <\/p>\n<p> Ersatzteil: f\u00fcr andere Fahrzeugen (Marken) verf\u00fcgbar auf anfrage. Tel.041 980 27 47. Mobil. 076 589 27 47<\/p>\n<p> Kontakt<br \/>\n  Adresse: Autoverwertung Brun AG<br \/>\n           M\u00f6\u00f6slimatten 13<br \/>\n           6218 Ettiswil<br \/>\n  Telefon: 0041 (041) 980 27 47<br \/>\n  Telefax: 0041 (041) 980 03 47<\/p>\n<p> Wir bieten Ihnen weitere gebrauchte Autoteile zum Kauf an.<br \/>\n Tags: Spiegel Au\u00dfenspiegel vorne, Exterior mirrors complete , Re\u00b4troviseur exte\u00b4rieur complet<br \/>\n<\/span><\/p>\n","protected":false},"excerpt":{"rendered":"<p>Technische Daten Fahrzeug: Skoda kodiaq Chassis Nr.: TMBLJ7NS2M8062021 Baujahr: 2021 Kilometer: 218626 KM Leistung: 150 KW Hubraum: 1968 ccm Typ: 1SL238 Farbcode: grau Hinweise: &#8211; Versand: Versand nur in der Schweiz m\u00f6glich.Im Ausland ist der Transport k\u00e4uferseits. Garantie: 3 Monate Garantie. Bitte beachten Sie, dass die Gew\u00e4hrleistung nur g\u00fcltig ist, wenn der Ersatzteileinbau durch eine&hellip; <a class=\"more-link\" href=\"https:\/\/occasions-teile.ch\/en\/produkt\/skoda-kodiaq-spiegel-aussenspiegel-vorne\/\">Continue reading <span class=\"screen-reader-text\">Skoda kodiaq  Spiegel Au\u00dfenspiegel vorne<\/span><\/a><\/p>\n","protected":false},"featured_media":315111,"template":"","meta":[],"product_brand":[],"product_cat":[23615,22856,768,485,485,768,769,485,768,769,1463,1463,1463,1679,1679,1679,769,22855,22855,22855],"product_tag":[],"class_list":{"0":"post-315114","1":"product","2":"type-product","3":"status-publish","4":"has-post-thumbnail","6":"product_cat-de-2-0tdi-de_skoda-kodiaq-de_skoda-manufacturer-97","7":"product_cat-de-2-0tdi-de_skoda-kodiaq","8":"product_cat-de-aussenspiegel","9":"product_cat-de-karosserie-mitte","12":"product_cat-de-spiegel-aussenspiegel-vorne","16":"product_cat-de_skoda","19":"product_cat-de_skoda-kodiaq","23":"product_cat-de-tmblj7ns2m8062021-200000321","26":"product_shipping_class-tarif-1","27":"entry","29":"first","30":"instock","31":"taxable","32":"shipping-taxable","33":"purchasable","34":"product-type-simple"},"jetpack_sharing_enabled":true,"_links":{"self":[{"href":"https:\/\/occasions-teile.ch\/en\/wp-json\/wp\/v2\/product\/315114","targetHints":{"allow":["GET"]}}],"collection":[{"href":"https:\/\/occasions-teile.ch\/en\/wp-json\/wp\/v2\/product"}],"about":[{"href":"https:\/\/occasions-teile.ch\/en\/wp-json\/wp\/v2\/types\/product"}],"wp:featuredmedia":[{"embeddable":true,"href":"https:\/\/occasions-teile.ch\/en\/wp-json\/wp\/v2\/media\/315111"}],"wp:attachment":[{"href":"https:\/\/occasions-teile.ch\/en\/wp-json\/wp\/v2\/media?parent=315114"}],"wp:term":[{"taxonomy":"product_brand","embeddable":true,"href":"https:\/\/occasions-teile.ch\/en\/wp-json\/wp\/v2\/product_brand?post=315114"},{"taxonomy":"product_cat","embeddable":true,"href":"https:\/\/occasions-teile.ch\/en\/wp-json\/wp\/v2\/product_cat?post=315114"},{"taxonomy":"product_tag","embeddable":true,"href":"https:\/\/occasions-teile.ch\/en\/wp-json\/wp\/v2\/product_tag?post=315114"}],"curies":[{"name":"wp","href":"https:\/\/api.w.org\/{rel}","templated":true}]}}