{"id":314934,"date":"2024-05-06T04:11:51","date_gmt":"2024-05-06T04:11:51","guid":{"rendered":"https:\/\/occasions-teile.ch\/product\/audi-audi-q4-querlenker-hinten-rechts\/"},"modified":"2024-05-24T21:59:50","modified_gmt":"2024-05-24T21:59:50","slug":"audi-audi-q4-querlenker-hinten-rechts","status":"publish","type":"product","link":"https:\/\/occasions-teile.ch\/en\/produkt\/audi-audi-q4-querlenker-hinten-rechts\/","title":{"rendered":"Audi Audi Q4 Querlenker hinten rechts"},"content":{"rendered":"<p><span><b>Technische Daten<\/b><\/p>\n<p> Fahrzeug: Audi Audi Q4<br \/>\n Chassis Nr.: WAUZZZFZ2PP045267<br \/>\n Baujahr: 2023<br \/>\n Kilometer: 12000 KM<br \/>\n Leistung: 300 KW<br \/>\n Hubraum: &#8211; ccm<br \/>\n Typ: IVI<br \/>\n Farbcode: grau<br \/>\n Hinweise: &#8211;<\/p>\n<p> Versand: Versand nur in der Schweiz m\u00f6glich.Im Ausland ist der Transport k\u00e4uferseits.<br \/>\n Garantie: 3 Monate Garantie. Bitte beachten Sie, dass die Gew\u00e4hrleistung nur g\u00fcltig ist, wenn der Ersatzteileinbau durch eine Fachwerkstatt\/Meisterwerkstatt erfolgt. Das Ein- und Ausbau des Ersatzteiles kann nicht an uns verrechnet werden. <\/p>\n<p> Ersatzteil: f\u00fcr andere Fahrzeugen (Marken) verf\u00fcgbar auf anfrage. Tel.041 980 27 47. Mobil. 076 589 27 47<\/p>\n<p> Kontakt<br \/>\n  Adresse: Autoverwertung Brun AG<br \/>\n           M\u00f6\u00f6slimatten 13<br \/>\n           6218 Ettiswil<br \/>\n  Telefon: 0041 (041) 980 27 47<br \/>\n  Telefax: 0041 (041) 980 03 47<\/p>\n<p> Wir bieten Ihnen weitere gebrauchte Autoteile zum Kauf an.<br \/>\n Tags: Querlenker hinten rechts, Wishbone front right , Bras de suspension arrie`re droit<br \/>\n<\/span><\/p>\n","protected":false},"excerpt":{"rendered":"<p>Technische Daten Fahrzeug: Audi Audi Q4 Chassis Nr.: WAUZZZFZ2PP045267 Baujahr: 2023 Kilometer: 12000 KM Leistung: 300 KW Hubraum: &#8211; ccm Typ: IVI Farbcode: grau Hinweise: &#8211; Versand: Versand nur in der Schweiz m\u00f6glich.Im Ausland ist der Transport k\u00e4uferseits. Garantie: 3 Monate Garantie. Bitte beachten Sie, dass die Gew\u00e4hrleistung nur g\u00fcltig ist, wenn der Ersatzteileinbau durch&hellip; <a class=\"more-link\" href=\"https:\/\/occasions-teile.ch\/en\/produkt\/audi-audi-q4-querlenker-hinten-rechts\/\">Continue reading <span class=\"screen-reader-text\">Audi Audi Q4 Querlenker hinten rechts<\/span><\/a><\/p>\n","protected":false},"featured_media":314931,"template":"","meta":[],"product_brand":[],"product_cat":[458,461,464,22757,22751,22754,793,1760,544,541,789,1099,22813,23592,547,22756,22750,22753,791,1759],"product_tag":[],"class_list":{"0":"post-314934","1":"product","2":"type-product","3":"status-publish","4":"has-post-thumbnail","6":"product_cat-de_audi","7":"product_cat-en_audi","8":"product_cat-fr_audi","9":"product_cat-fr_slug_audi_audi-q4_257","10":"product_cat-de_slug_audi_audi-q4_94","11":"product_cat-en_slug_audi_audi-q4_384","12":"product_cat-fr-bras-de-suspension","13":"product_cat-fr-bras-de-suspension-arriere-droit","14":"product_cat-en-chassis-steering","15":"product_cat-de-fahrwerk-lenkung","16":"product_cat-de-querlenker","17":"product_cat-de-querlenker-hinten-rechts","18":"product_cat-de-spb-e-tron-50-quatt-de_slug_audi_audi-q4_94-de_audi-manufacturer-52","19":"product_cat-de-spb-e-tron-50-quatt-de_slug_audi_audi-q4_94-de_audi-manufacturer-87","20":"product_cat-fr-train-de-roulement-direction","21":"product_cat-fr-wauzzzfz2pp045267-200000322","22":"product_cat-de-wauzzzfz2pp045267-200000322","23":"product_cat-en-wauzzzfz2pp045267-200000322","24":"product_cat-en-wishbone","25":"product_cat-en-wishbone-front-right-en-wishbone","26":"product_shipping_class-tarif-1","27":"entry","29":"first","30":"instock","31":"taxable","32":"shipping-taxable","33":"purchasable","34":"product-type-simple"},"jetpack_sharing_enabled":true,"_links":{"self":[{"href":"https:\/\/occasions-teile.ch\/en\/wp-json\/wp\/v2\/product\/314934","targetHints":{"allow":["GET"]}}],"collection":[{"href":"https:\/\/occasions-teile.ch\/en\/wp-json\/wp\/v2\/product"}],"about":[{"href":"https:\/\/occasions-teile.ch\/en\/wp-json\/wp\/v2\/types\/product"}],"wp:featuredmedia":[{"embeddable":true,"href":"https:\/\/occasions-teile.ch\/en\/wp-json\/wp\/v2\/media\/314931"}],"wp:attachment":[{"href":"https:\/\/occasions-teile.ch\/en\/wp-json\/wp\/v2\/media?parent=314934"}],"wp:term":[{"taxonomy":"product_brand","embeddable":true,"href":"https:\/\/occasions-teile.ch\/en\/wp-json\/wp\/v2\/product_brand?post=314934"},{"taxonomy":"product_cat","embeddable":true,"href":"https:\/\/occasions-teile.ch\/en\/wp-json\/wp\/v2\/product_cat?post=314934"},{"taxonomy":"product_tag","embeddable":true,"href":"https:\/\/occasions-teile.ch\/en\/wp-json\/wp\/v2\/product_tag?post=314934"}],"curies":[{"name":"wp","href":"https:\/\/api.w.org\/{rel}","templated":true}]}}