{"id":314778,"date":"2024-05-06T01:22:21","date_gmt":"2024-05-06T01:22:21","guid":{"rendered":"https:\/\/occasions-teile.ch\/product\/audi-audi-q4-keyless-steuergeraet\/"},"modified":"2024-05-24T22:52:13","modified_gmt":"2024-05-24T22:52:13","slug":"audi-audi-q4-keyless-steuergeraet","status":"publish","type":"product","link":"https:\/\/occasions-teile.ch\/en\/produkt\/audi-audi-q4-keyless-steuergeraet\/","title":{"rendered":"Audi Audi Q4 Keyless Steuerger\u00e4t"},"content":{"rendered":"<p><span><b>Technische Daten<\/b><\/p>\n<p> Fahrzeug: Audi Audi Q4<br \/>\n Chassis Nr.: WAUZZZFZ2PP045267<br \/>\n Baujahr: 2023<br \/>\n Kilometer: 12000 KM<br \/>\n Leistung: 300 KW<br \/>\n Hubraum: &#8211; ccm<br \/>\n Typ: IVI<br \/>\n Farbcode: grau<br \/>\n Hinweise: &#8211;<\/p>\n<p> Versand: Versand nur in der Schweiz m\u00f6glich.Im Ausland ist der Transport k\u00e4uferseits.<br \/>\n Garantie: 3 Monate Garantie. Bitte beachten Sie, dass die Gew\u00e4hrleistung nur g\u00fcltig ist, wenn der Ersatzteileinbau durch eine Fachwerkstatt\/Meisterwerkstatt erfolgt. Das Ein- und Ausbau des Ersatzteiles kann nicht an uns verrechnet werden. <\/p>\n<p> Ersatzteil: f\u00fcr andere Fahrzeugen (Marken) verf\u00fcgbar auf anfrage. Tel.041 980 27 47. Mobil. 076 589 27 47<\/p>\n<p> Kontakt<br \/>\n  Adresse: Autoverwertung Brun AG<br \/>\n           M\u00f6\u00f6slimatten 13<br \/>\n           6218 Ettiswil<br \/>\n  Telefon: 0041 (041) 980 27 47<br \/>\n  Telefax: 0041 (041) 980 03 47<\/p>\n<p> Wir bieten Ihnen weitere gebrauchte Autoteile zum Kauf an.<br \/>\n Tags: Keyless Steuerger\u00e4t, Keyless control unit, Unit\u00e9 de commande sans cl\u00e9<br \/>\n<\/span><\/p>\n","protected":false},"excerpt":{"rendered":"<p>Technische Daten Fahrzeug: Audi Audi Q4 Chassis Nr.: WAUZZZFZ2PP045267 Baujahr: 2023 Kilometer: 12000 KM Leistung: 300 KW Hubraum: &#8211; ccm Typ: IVI Farbcode: grau Hinweise: &#8211; Versand: Versand nur in der Schweiz m\u00f6glich.Im Ausland ist der Transport k\u00e4uferseits. Garantie: 3 Monate Garantie. Bitte beachten Sie, dass die Gew\u00e4hrleistung nur g\u00fcltig ist, wenn der Ersatzteileinbau durch&hellip; <a class=\"more-link\" href=\"https:\/\/occasions-teile.ch\/en\/produkt\/audi-audi-q4-keyless-steuergeraet\/\">Continue reading <span class=\"screen-reader-text\">Audi Audi Q4 Keyless Steuerger\u00e4t<\/span><\/a><\/p>\n","protected":false},"featured_media":314775,"template":"","meta":[],"product_brand":[],"product_cat":[941,939,461,464,458,22754,22757,22751,627,624,621,9313,9312,23592,22774,943,9314,22756,22750,22753],"product_tag":[],"class_list":{"0":"post-314778","1":"product","2":"type-product","3":"status-publish","4":"has-post-thumbnail","6":"product_cat-en-assistance-systems","7":"product_cat-de-assistenzsysteme","8":"product_cat-en_audi","9":"product_cat-fr_audi","10":"product_cat-de_audi","11":"product_cat-en_slug_audi_audi-q4_384","12":"product_cat-fr_slug_audi_audi-q4_257","13":"product_cat-de_slug_audi_audi-q4_94","14":"product_cat-fr-electricite-dispositifs-de-commande","15":"product_cat-en-electrics-control-units","16":"product_cat-de-elektrik-steuergeraete","17":"product_cat-en-keyless-control-unit","18":"product_cat-de-keyless-steuergeraet","19":"product_cat-de-spb-e-tron-50-quatt-de_slug_audi_audi-q4_94-de_audi-manufacturer-87","20":"product_cat-de-spb-e-tron-50-quatt-de_slug_audi_audi-q4_94-de_audi-manufacturer-14","21":"product_cat-fr-systemes-dassistance","22":"product_cat-fr-unite-de-commande-sans-cle","23":"product_cat-fr-wauzzzfz2pp045267-200000322","24":"product_cat-de-wauzzzfz2pp045267-200000322","25":"product_cat-en-wauzzzfz2pp045267-200000322","26":"product_shipping_class-tarif-1","27":"entry","29":"first","30":"instock","31":"taxable","32":"shipping-taxable","33":"purchasable","34":"product-type-simple"},"jetpack_sharing_enabled":true,"_links":{"self":[{"href":"https:\/\/occasions-teile.ch\/en\/wp-json\/wp\/v2\/product\/314778","targetHints":{"allow":["GET"]}}],"collection":[{"href":"https:\/\/occasions-teile.ch\/en\/wp-json\/wp\/v2\/product"}],"about":[{"href":"https:\/\/occasions-teile.ch\/en\/wp-json\/wp\/v2\/types\/product"}],"wp:featuredmedia":[{"embeddable":true,"href":"https:\/\/occasions-teile.ch\/en\/wp-json\/wp\/v2\/media\/314775"}],"wp:attachment":[{"href":"https:\/\/occasions-teile.ch\/en\/wp-json\/wp\/v2\/media?parent=314778"}],"wp:term":[{"taxonomy":"product_brand","embeddable":true,"href":"https:\/\/occasions-teile.ch\/en\/wp-json\/wp\/v2\/product_brand?post=314778"},{"taxonomy":"product_cat","embeddable":true,"href":"https:\/\/occasions-teile.ch\/en\/wp-json\/wp\/v2\/product_cat?post=314778"},{"taxonomy":"product_tag","embeddable":true,"href":"https:\/\/occasions-teile.ch\/en\/wp-json\/wp\/v2\/product_tag?post=314778"}],"curies":[{"name":"wp","href":"https:\/\/api.w.org\/{rel}","templated":true}]}}