{"id":314545,"date":"2024-05-05T12:43:03","date_gmt":"2024-05-05T12:43:03","guid":{"rendered":"https:\/\/occasions-teile.ch\/product\/skoda-fabia-katalysator-3\/"},"modified":"2024-05-23T16:27:58","modified_gmt":"2024-05-23T16:27:58","slug":"skoda-fabia-katalysator-3","status":"publish","type":"product","link":"https:\/\/occasions-teile.ch\/en\/produkt\/skoda-fabia-katalysator-3\/","title":{"rendered":"Skoda Fabia  Katalysator"},"content":{"rendered":"<p><span><b>Technische Daten<\/b><\/p>\n<p> Fahrzeug: Skoda Fabia<br \/>\n Chassis Nr.: TMBEM6NJXFZ079826<br \/>\n Baujahr: 2016<br \/>\n Kilometer: 61268 KM<br \/>\n Leistung: 90 KW<br \/>\n Hubraum: 1197 ccm<br \/>\n Typ: 1SF885<br \/>\n Farbcode: Black<br \/>\n Hinweise: &#8211;<\/p>\n<p> Versand: Versand nur in der Schweiz m\u00f6glich.Im Ausland ist der Transport k\u00e4uferseits.<br \/>\n Garantie: 3 Monate Garantie. Bitte beachten Sie, dass die Gew\u00e4hrleistung nur g\u00fcltig ist, wenn der Ersatzteileinbau durch eine Fachwerkstatt\/Meisterwerkstatt erfolgt. Das Ein- und Ausbau des Ersatzteiles kann nicht an uns verrechnet werden. <\/p>\n<p> Ersatzteil: f\u00fcr andere Fahrzeugen (Marken) verf\u00fcgbar auf anfrage. Tel.041 980 27 47. Mobil. 076 589 27 47<\/p>\n<p> Kontakt<br \/>\n  Adresse: Autoverwertung Brun AG<br \/>\n           M\u00f6\u00f6slimatten 13<br \/>\n           6218 Ettiswil<br \/>\n  Telefon: 0041 (041) 980 27 47<br \/>\n  Telefax: 0041 (041) 980 03 47<\/p>\n<p> Wir bieten Ihnen weitere gebrauchte Autoteile zum Kauf an.<br \/>\n Tags: Katalysator , Catalyst, Catalyseur<br \/>\n<\/span><\/p>\n","protected":false},"excerpt":{"rendered":"<p>Technische Daten Fahrzeug: Skoda Fabia Chassis Nr.: TMBEM6NJXFZ079826 Baujahr: 2016 Kilometer: 61268 KM Leistung: 90 KW Hubraum: 1197 ccm Typ: 1SF885 Farbcode: Black Hinweise: &#8211; Versand: Versand nur in der Schweiz m\u00f6glich.Im Ausland ist der Transport k\u00e4uferseits. Garantie: 3 Monate Garantie. Bitte beachten Sie, dass die Gew\u00e4hrleistung nur g\u00fcltig ist, wenn der Ersatzteileinbau durch eine&hellip; <a class=\"more-link\" href=\"https:\/\/occasions-teile.ch\/en\/produkt\/skoda-fabia-katalysator-3\/\">Continue reading <span class=\"screen-reader-text\">Skoda Fabia  Katalysator<\/span><\/a><\/p>\n","protected":false},"featured_media":314542,"template":"","meta":[],"product_brand":[],"product_cat":[22696,23541,597,646,647,644,645,600,3062,3063,3064,642,643,1463,1471,1476,603,17911,17912,17909],"product_tag":[],"class_list":{"0":"post-314545","1":"product","2":"type-product","3":"status-publish","4":"has-post-thumbnail","6":"product_cat-de-1-2tsi-de_fabia-de_skoda-manufacturer-8","7":"product_cat-de-1-2tsi-de_fabia-de_skoda-manufacturer-10","8":"product_cat-de-abgasanlage","9":"product_cat-fr-catalyseur-filtre-a-particules","10":"product_cat-fr-catalyseur-filtre-a-particules-fr-catalyseur-filtre-a-particules","11":"product_cat-en-catalytic-converter-particle-filter","12":"product_cat-en-catalytic-converter-particle-filter-en-catalytic-converter-particle-filter","13":"product_cat-en-exhaust-system","14":"product_cat-de_fabia","15":"product_cat-en_fabia","16":"product_cat-fr_fabia","17":"product_cat-de-katalysator-partikelfilter","18":"product_cat-de-katalysator-partikelfilter-de-katalysator-partikelfilter","19":"product_cat-de_skoda","20":"product_cat-en_skoda-manufacturer-en","21":"product_cat-fr_skoda-fabricant-2","22":"product_cat-fr-systeme-dechappement","23":"product_cat-en-tmbem6njxfz079826-200000315","24":"product_cat-fr-tmbem6njxfz079826-200000315","25":"product_cat-de-tmbem6njxfz079826-200000315","26":"product_shipping_class-tarif-3","27":"entry","29":"first","30":"instock","31":"taxable","32":"shipping-taxable","33":"purchasable","34":"product-type-simple"},"jetpack_sharing_enabled":true,"_links":{"self":[{"href":"https:\/\/occasions-teile.ch\/en\/wp-json\/wp\/v2\/product\/314545","targetHints":{"allow":["GET"]}}],"collection":[{"href":"https:\/\/occasions-teile.ch\/en\/wp-json\/wp\/v2\/product"}],"about":[{"href":"https:\/\/occasions-teile.ch\/en\/wp-json\/wp\/v2\/types\/product"}],"wp:featuredmedia":[{"embeddable":true,"href":"https:\/\/occasions-teile.ch\/en\/wp-json\/wp\/v2\/media\/314542"}],"wp:attachment":[{"href":"https:\/\/occasions-teile.ch\/en\/wp-json\/wp\/v2\/media?parent=314545"}],"wp:term":[{"taxonomy":"product_brand","embeddable":true,"href":"https:\/\/occasions-teile.ch\/en\/wp-json\/wp\/v2\/product_brand?post=314545"},{"taxonomy":"product_cat","embeddable":true,"href":"https:\/\/occasions-teile.ch\/en\/wp-json\/wp\/v2\/product_cat?post=314545"},{"taxonomy":"product_tag","embeddable":true,"href":"https:\/\/occasions-teile.ch\/en\/wp-json\/wp\/v2\/product_tag?post=314545"}],"curies":[{"name":"wp","href":"https:\/\/api.w.org\/{rel}","templated":true}]}}