{"id":314196,"date":"2024-05-05T06:46:54","date_gmt":"2024-05-05T06:46:54","guid":{"rendered":"https:\/\/occasions-teile.ch\/product\/peugeot-3008-pralltraeger-quertraeger-hinten\/"},"modified":"2024-05-24T11:35:56","modified_gmt":"2024-05-24T11:35:56","slug":"peugeot-3008-pralltraeger-quertraeger-hinten","status":"publish","type":"product","link":"https:\/\/occasions-teile.ch\/en\/produkt\/peugeot-3008-pralltraeger-quertraeger-hinten\/","title":{"rendered":"Peugeot 3008  Pralltr\u00e4ger Quertr\u00e4ger hinten"},"content":{"rendered":"<p><span><b>Technische Daten<\/b><\/p>\n<p> Fahrzeug: Peugeot 3008<br \/>\n Chassis Nr.: VF3M45GZWHS053058<br \/>\n Baujahr: 2017<br \/>\n Kilometer: 112000 KM<br \/>\n Leistung: 165 KW<br \/>\n Hubraum: 1598 ccm<br \/>\n Typ: 1PC116<br \/>\n Farbcode: White\/Weiss<br \/>\n Hinweise: &#8211;<\/p>\n<p> Versand: Versand nur in der Schweiz m\u00f6glich.Im Ausland ist der Transport k\u00e4uferseits.<br \/>\n Garantie: 3 Monate Garantie. Bitte beachten Sie, dass die Gew\u00e4hrleistung nur g\u00fcltig ist, wenn der Ersatzteileinbau durch eine Fachwerkstatt\/Meisterwerkstatt erfolgt. Das Ein- und Ausbau des Ersatzteiles kann nicht an uns verrechnet werden. <\/p>\n<p> Ersatzteil: f\u00fcr andere Fahrzeugen (Marken) verf\u00fcgbar auf anfrage. Tel.041 980 27 47. Mobil. 076 589 27 47<\/p>\n<p> Kontakt<br \/>\n  Adresse: Autoverwertung Brun AG<br \/>\n           M\u00f6\u00f6slimatten 13<br \/>\n           6218 Ettiswil<br \/>\n  Telefon: 0041 (041) 980 27 47<br \/>\n  Telefax: 0041 (041) 980 03 47<\/p>\n<p> Wir bieten Ihnen weitere gebrauchte Autoteile zum Kauf an.<br \/>\n Tags: Pralltr\u00e4ger Quertr\u00e4ger hinten, Impact girder cross girder rear , Barre d&#8217;impact barre transversale arrie`re<br \/>\n<\/span><\/p>\n","protected":false},"excerpt":{"rendered":"<p>Technische Daten Fahrzeug: Peugeot 3008 Chassis Nr.: VF3M45GZWHS053058 Baujahr: 2017 Kilometer: 112000 KM Leistung: 165 KW Hubraum: 1598 ccm Typ: 1PC116 Farbcode: White\/Weiss Hinweise: &#8211; Versand: Versand nur in der Schweiz m\u00f6glich.Im Ausland ist der Transport k\u00e4uferseits. Garantie: 3 Monate Garantie. Bitte beachten Sie, dass die Gew\u00e4hrleistung nur g\u00fcltig ist, wenn der Ersatzteileinbau durch eine&hellip; <a class=\"more-link\" href=\"https:\/\/occasions-teile.ch\/en\/produkt\/peugeot-3008-pralltraeger-quertraeger-hinten\/\">Continue reading <span class=\"screen-reader-text\">Peugeot 3008  Pralltr\u00e4ger Quertr\u00e4ger hinten<\/span><\/a><\/p>\n","protected":false},"featured_media":314193,"template":"","meta":[],"product_brand":[],"product_cat":[22608,23571,3857,521,1184,1264,750,15830],"product_tag":[],"class_list":{"0":"post-314196","1":"product","2":"type-product","3":"status-publish","4":"has-post-thumbnail","6":"product_cat-de-1-6thp-suv-de_slug_peugeot_3008_605-de_peugeot-manufacturer-300","7":"product_cat-de-1-6thp-suv-de_slug_peugeot_3008_605-de_peugeot-manufacturer-324","8":"product_cat-de_slug_peugeot_3008_605","9":"product_cat-de-karosserie-heck","10":"product_cat-de_peugeot","11":"product_cat-de-pralltraeger-quertraeger-hinten","12":"product_cat-de-stossfaengerhintenteile","13":"product_cat-de-vf3m45gzwhs053058-200000308","14":"product_shipping_class-tarif-2","15":"entry","17":"first","18":"instock","19":"taxable","20":"shipping-taxable","21":"purchasable","22":"product-type-simple"},"jetpack_sharing_enabled":true,"_links":{"self":[{"href":"https:\/\/occasions-teile.ch\/en\/wp-json\/wp\/v2\/product\/314196","targetHints":{"allow":["GET"]}}],"collection":[{"href":"https:\/\/occasions-teile.ch\/en\/wp-json\/wp\/v2\/product"}],"about":[{"href":"https:\/\/occasions-teile.ch\/en\/wp-json\/wp\/v2\/types\/product"}],"wp:featuredmedia":[{"embeddable":true,"href":"https:\/\/occasions-teile.ch\/en\/wp-json\/wp\/v2\/media\/314193"}],"wp:attachment":[{"href":"https:\/\/occasions-teile.ch\/en\/wp-json\/wp\/v2\/media?parent=314196"}],"wp:term":[{"taxonomy":"product_brand","embeddable":true,"href":"https:\/\/occasions-teile.ch\/en\/wp-json\/wp\/v2\/product_brand?post=314196"},{"taxonomy":"product_cat","embeddable":true,"href":"https:\/\/occasions-teile.ch\/en\/wp-json\/wp\/v2\/product_cat?post=314196"},{"taxonomy":"product_tag","embeddable":true,"href":"https:\/\/occasions-teile.ch\/en\/wp-json\/wp\/v2\/product_tag?post=314196"}],"curies":[{"name":"wp","href":"https:\/\/api.w.org\/{rel}","templated":true}]}}