{"id":312815,"date":"2024-05-04T08:19:34","date_gmt":"2024-05-04T08:19:34","guid":{"rendered":"https:\/\/occasions-teile.ch\/product\/renault-espace-airbag-armaturenbrett\/"},"modified":"2024-05-29T21:51:51","modified_gmt":"2024-05-29T21:51:51","slug":"renault-espace-airbag-armaturenbrett","status":"publish","type":"product","link":"https:\/\/occasions-teile.ch\/en\/produkt\/renault-espace-airbag-armaturenbrett\/","title":{"rendered":"Renault Espace  Airbag Armaturenbrett"},"content":{"rendered":"<p><span><b>Technische Daten<\/b><\/p>\n<p> Fahrzeug: Renault Espace<br \/>\n Chassis Nr.: VF1RFC00257791281<br \/>\n Baujahr: 2017<br \/>\n Kilometer: 102853 KM<br \/>\n Leistung: 200 KW<br \/>\n Hubraum: 1618 ccm<br \/>\n Typ: 1RC230<br \/>\n Farbcode: Black<br \/>\n Hinweise: &#8211;<\/p>\n<p> Versand: Versand nur in der Schweiz m\u00f6glich.Im Ausland ist der Transport k\u00e4uferseits.<br \/>\n Garantie: 3 Monate Garantie. Bitte beachten Sie, dass die Gew\u00e4hrleistung nur g\u00fcltig ist, wenn der Ersatzteileinbau durch eine Fachwerkstatt\/Meisterwerkstatt erfolgt. Das Ein- und Ausbau des Ersatzteiles kann nicht an uns verrechnet werden. <\/p>\n<p> Ersatzteil: f\u00fcr andere Fahrzeugen (Marken) verf\u00fcgbar auf anfrage. Tel.041 980 27 47. Mobil. 076 589 27 47<\/p>\n<p> Kontakt<br \/>\n  Adresse: Autoverwertung Brun AG<br \/>\n           M\u00f6\u00f6slimatten 13<br \/>\n           6218 Ettiswil<br \/>\n  Telefon: 0041 (041) 980 27 47<br \/>\n  Telefax: 0041 (041) 980 03 47<\/p>\n<p> Wir bieten Ihnen weitere gebrauchte Autoteile zum Kauf an.<br \/>\n Tags: Airbag Armaturenbrett, Dashboard , Tableau de bord<br \/>\n<\/span><\/p>\n","protected":false},"excerpt":{"rendered":"<p>Technische Daten Fahrzeug: Renault Espace Chassis Nr.: VF1RFC00257791281 Baujahr: 2017 Kilometer: 102853 KM Leistung: 200 KW Hubraum: 1618 ccm Typ: 1RC230 Farbcode: Black Hinweise: &#8211; Versand: Versand nur in der Schweiz m\u00f6glich.Im Ausland ist der Transport k\u00e4uferseits. Garantie: 3 Monate Garantie. Bitte beachten Sie, dass die Gew\u00e4hrleistung nur g\u00fcltig ist, wenn der Ersatzteileinbau durch eine&hellip; <a class=\"more-link\" href=\"https:\/\/occasions-teile.ch\/en\/produkt\/renault-espace-airbag-armaturenbrett\/\">Continue reading <span class=\"screen-reader-text\">Renault Espace  Airbag Armaturenbrett<\/span><\/a><\/p>\n","protected":false},"featured_media":312812,"template":"","meta":[],"product_brand":[],"product_cat":[22264,23914,806,805,809,808,3533,3534,3535,804,810,807,2439,2433,2436,812,811,12974,12975,12972],"product_tag":[],"class_list":{"0":"post-312815","1":"product","2":"type-product","3":"status-publish","4":"has-post-thumbnail","6":"product_cat-de-1-6-de_slug_renault_espace_66-de_renault-manufacturer-527","7":"product_cat-de-1-6-de_slug_renault_espace_66-de_renault-manufacturer-550","8":"product_cat-de-armaturenbrett","9":"product_cat-de-armaturenbrett-handschuhfach","10":"product_cat-en-dashboard","11":"product_cat-en-dashboard-glove-compartment","12":"product_cat-de_slug_renault_espace_66","13":"product_cat-en_slug_renault_espace_640","14":"product_cat-fr_slug_renault_espace_687","15":"product_cat-de-innenraum","16":"product_cat-fr-interieur","17":"product_cat-en-interior","18":"product_cat-fr_renault","19":"product_cat-de_renault","20":"product_cat-en_renault","21":"product_cat-fr-tableau-de-bord","22":"product_cat-fr-tableau-de-bord-boite-a-gants","23":"product_cat-en-vf1rfc00257791281-200000296","24":"product_cat-fr-vf1rfc00257791281-200000296","25":"product_cat-de-vf1rfc00257791281-200000296","26":"product_shipping_class-tarif-4","27":"entry","29":"first","30":"instock","31":"taxable","32":"shipping-taxable","33":"purchasable","34":"product-type-simple"},"jetpack_sharing_enabled":true,"_links":{"self":[{"href":"https:\/\/occasions-teile.ch\/en\/wp-json\/wp\/v2\/product\/312815","targetHints":{"allow":["GET"]}}],"collection":[{"href":"https:\/\/occasions-teile.ch\/en\/wp-json\/wp\/v2\/product"}],"about":[{"href":"https:\/\/occasions-teile.ch\/en\/wp-json\/wp\/v2\/types\/product"}],"wp:featuredmedia":[{"embeddable":true,"href":"https:\/\/occasions-teile.ch\/en\/wp-json\/wp\/v2\/media\/312812"}],"wp:attachment":[{"href":"https:\/\/occasions-teile.ch\/en\/wp-json\/wp\/v2\/media?parent=312815"}],"wp:term":[{"taxonomy":"product_brand","embeddable":true,"href":"https:\/\/occasions-teile.ch\/en\/wp-json\/wp\/v2\/product_brand?post=312815"},{"taxonomy":"product_cat","embeddable":true,"href":"https:\/\/occasions-teile.ch\/en\/wp-json\/wp\/v2\/product_cat?post=312815"},{"taxonomy":"product_tag","embeddable":true,"href":"https:\/\/occasions-teile.ch\/en\/wp-json\/wp\/v2\/product_tag?post=312815"}],"curies":[{"name":"wp","href":"https:\/\/api.w.org\/{rel}","templated":true}]}}