{"id":312697,"date":"2024-05-04T06:23:25","date_gmt":"2024-05-04T06:23:25","guid":{"rendered":"https:\/\/occasions-teile.ch\/product\/audi-a7-bremszange-bremssattel-vorne-3\/"},"modified":"2024-05-27T23:53:59","modified_gmt":"2024-05-27T23:53:59","slug":"audi-a7-bremszange-bremssattel-vorne-3","status":"publish","type":"product","link":"https:\/\/occasions-teile.ch\/en\/produkt\/audi-a7-bremszange-bremssattel-vorne-3\/","title":{"rendered":"Audi A7  Bremszange Bremssattel vorne"},"content":{"rendered":"<p><span><b>Technische Daten<\/b><\/p>\n<p> Fahrzeug: Audi A7<br \/>\n Chassis Nr.: WAUZZZ4G1DN120954<br \/>\n Baujahr: 2013<br \/>\n Kilometer: 185128 KM<br \/>\n Leistung: 313 KW<br \/>\n Hubraum: 2967 ccm<br \/>\n Typ: 1AC832<br \/>\n Farbcode: Black<br \/>\n Hinweise: &#8211;<\/p>\n<p> Versand: Versand nur in der Schweiz m\u00f6glich.Im Ausland ist der Transport k\u00e4uferseits.<br \/>\n Garantie: 3 Monate Garantie. Bitte beachten Sie, dass die Gew\u00e4hrleistung nur g\u00fcltig ist, wenn der Ersatzteileinbau durch eine Fachwerkstatt\/Meisterwerkstatt erfolgt. Das Ein- und Ausbau des Ersatzteiles kann nicht an uns verrechnet werden. <\/p>\n<p> Ersatzteil: f\u00fcr andere Fahrzeugen (Marken) verf\u00fcgbar auf anfrage. Tel.041 980 27 47. Mobil. 076 589 27 47<\/p>\n<p> Kontakt<br \/>\n  Adresse: Autoverwertung Brun AG<br \/>\n           M\u00f6\u00f6slimatten 13<br \/>\n           6218 Ettiswil<br \/>\n  Telefon: 0041 (041) 980 27 47<br \/>\n  Telefax: 0041 (041) 980 03 47<\/p>\n<p> Wir bieten Ihnen weitere gebrauchte Autoteile zum Kauf an.<br \/>\n Tags: Bremszange Bremssattel vorne, Brake caliper front, E\u00b4trier de frein avant<br \/>\n<\/span><\/p>\n","protected":false},"excerpt":{"rendered":"<p>Technische Daten Fahrzeug: Audi A7 Chassis Nr.: WAUZZZ4G1DN120954 Baujahr: 2013 Kilometer: 185128 KM Leistung: 313 KW Hubraum: 2967 ccm Typ: 1AC832 Farbcode: Black Hinweise: &#8211; Versand: Versand nur in der Schweiz m\u00f6glich.Im Ausland ist der Transport k\u00e4uferseits. Garantie: 3 Monate Garantie. Bitte beachten Sie, dass die Gew\u00e4hrleistung nur g\u00fcltig ist, wenn der Ersatzteileinbau durch eine&hellip; <a class=\"more-link\" href=\"https:\/\/occasions-teile.ch\/en\/produkt\/audi-a7-bremszange-bremssattel-vorne-3\/\">Continue reading <span class=\"screen-reader-text\">Audi A7  Bremszange Bremssattel vorne<\/span><\/a><\/p>\n","protected":false},"featured_media":312694,"template":"","meta":[],"product_brand":[],"product_cat":[22235,23732,2039,2035,2037,464,458,461,780,779,533,530,777,778,781,782,536,2038,2034,2036],"product_tag":[],"class_list":{"0":"post-312697","1":"product","2":"type-product","3":"status-publish","4":"has-post-thumbnail","6":"product_cat-de-4g-3-0tdi-de_a7-de_audi-manufacturer-302","7":"product_cat-de-4g-3-0tdi-de_a7-de_audi-manufacturer-308","8":"product_cat-fr_a7","9":"product_cat-de_a7","10":"product_cat-en_a7","11":"product_cat-fr_audi","12":"product_cat-de_audi","13":"product_cat-en_audi","14":"product_cat-en-brake-caliper-front","15":"product_cat-en-brake-calipercarrier","16":"product_cat-en-brake-brake-system","17":"product_cat-de-bremse-bremsanlage","18":"product_cat-de-bremssatteltraeger","19":"product_cat-de-bremszange-bremssattel-vorne","20":"product_cat-fr-etrier-de-frein-support","21":"product_cat-fr-etrier-de-frein-avant","22":"product_cat-fr-frein-systeme-de-freinage","23":"product_cat-fr-wauzzz4g1dn120954","24":"product_cat-de-wauzzz4g1dn120954","25":"product_cat-en-wauzzz4g1dn120954","26":"product_shipping_class-tarif-1","27":"entry","29":"first","30":"instock","31":"taxable","32":"shipping-taxable","33":"purchasable","34":"product-type-simple"},"jetpack_sharing_enabled":true,"_links":{"self":[{"href":"https:\/\/occasions-teile.ch\/en\/wp-json\/wp\/v2\/product\/312697","targetHints":{"allow":["GET"]}}],"collection":[{"href":"https:\/\/occasions-teile.ch\/en\/wp-json\/wp\/v2\/product"}],"about":[{"href":"https:\/\/occasions-teile.ch\/en\/wp-json\/wp\/v2\/types\/product"}],"wp:featuredmedia":[{"embeddable":true,"href":"https:\/\/occasions-teile.ch\/en\/wp-json\/wp\/v2\/media\/312694"}],"wp:attachment":[{"href":"https:\/\/occasions-teile.ch\/en\/wp-json\/wp\/v2\/media?parent=312697"}],"wp:term":[{"taxonomy":"product_brand","embeddable":true,"href":"https:\/\/occasions-teile.ch\/en\/wp-json\/wp\/v2\/product_brand?post=312697"},{"taxonomy":"product_cat","embeddable":true,"href":"https:\/\/occasions-teile.ch\/en\/wp-json\/wp\/v2\/product_cat?post=312697"},{"taxonomy":"product_tag","embeddable":true,"href":"https:\/\/occasions-teile.ch\/en\/wp-json\/wp\/v2\/product_tag?post=312697"}],"curies":[{"name":"wp","href":"https:\/\/api.w.org\/{rel}","templated":true}]}}