{"id":312229,"date":"2024-05-03T22:42:02","date_gmt":"2024-05-03T22:42:02","guid":{"rendered":"https:\/\/occasions-teile.ch\/product\/vw-tiguan-rueckfahrkamera\/"},"modified":"2024-05-25T19:27:46","modified_gmt":"2024-05-25T19:27:46","slug":"vw-tiguan-rueckfahrkamera","status":"publish","type":"product","link":"https:\/\/occasions-teile.ch\/en\/produkt\/vw-tiguan-rueckfahrkamera\/","title":{"rendered":"VW Tiguan  R\u00fcckfahrkamera"},"content":{"rendered":"<p><span><b>Technische Daten<\/b><\/p>\n<p> Fahrzeug: VW Tiguan<br \/>\n Chassis Nr.: WVGZZZ5NZEW090694<br \/>\n Baujahr: 2014<br \/>\n Kilometer: 155721 KM<br \/>\n Leistung: 140 KW<br \/>\n Hubraum: 1968 ccm<br \/>\n Typ: 1VE608<br \/>\n Farbcode: White\/Weiss<br \/>\n Hinweise: &#8211;<\/p>\n<p> Versand: Versand nur in der Schweiz m\u00f6glich.Im Ausland ist der Transport k\u00e4uferseits.<br \/>\n Garantie: 3 Monate Garantie. Bitte beachten Sie, dass die Gew\u00e4hrleistung nur g\u00fcltig ist, wenn der Ersatzteileinbau durch eine Fachwerkstatt\/Meisterwerkstatt erfolgt. Das Ein- und Ausbau des Ersatzteiles kann nicht an uns verrechnet werden. <\/p>\n<p> Ersatzteil: f\u00fcr andere Fahrzeugen (Marken) verf\u00fcgbar auf anfrage. Tel.041 980 27 47. Mobil. 076 589 27 47<\/p>\n<p> Kontakt<br \/>\n  Adresse: Autoverwertung Brun AG<br \/>\n           M\u00f6\u00f6slimatten 13<br \/>\n           6218 Ettiswil<br \/>\n  Telefon: 0041 (041) 980 27 47<br \/>\n  Telefax: 0041 (041) 980 03 47<\/p>\n<p> Wir bieten Ihnen weitere gebrauchte Autoteile zum Kauf an.<br \/>\n Tags: R\u00fcckfahrkamera , backup camera, cam\u00e9ra de recul<br \/>\n<\/span><\/p>\n","protected":false},"excerpt":{"rendered":"<p>Technische Daten Fahrzeug: VW Tiguan Chassis Nr.: WVGZZZ5NZEW090694 Baujahr: 2014 Kilometer: 155721 KM Leistung: 140 KW Hubraum: 1968 ccm Typ: 1VE608 Farbcode: White\/Weiss Hinweise: &#8211; Versand: Versand nur in der Schweiz m\u00f6glich.Im Ausland ist der Transport k\u00e4uferseits. Garantie: 3 Monate Garantie. Bitte beachten Sie, dass die Gew\u00e4hrleistung nur g\u00fcltig ist, wenn der Ersatzteileinbau durch eine&hellip; <a class=\"more-link\" href=\"https:\/\/occasions-teile.ch\/en\/produkt\/vw-tiguan-rueckfahrkamera\/\">Continue reading <span class=\"screen-reader-text\">VW Tiguan  R\u00fcckfahrkamera<\/span><\/a><\/p>\n","protected":false},"featured_media":312226,"template":"","meta":[],"product_brand":[],"product_cat":[22118,23624,961,960,962,627,957,624,621,959,958,1669,1671,1667,1280,1283,1286,12235,12237,12238],"product_tag":[],"class_list":{"0":"post-312229","1":"product","2":"type-product","3":"status-publish","4":"has-post-thumbnail","6":"product_cat-de-2-0tdi-4motion-de_tiguan-de_volkswagen-manufacturer-146","7":"product_cat-de-2-0tdi-4motion-de_tiguan-de_volkswagen-manufacturer-162","8":"product_cat-fr-aide-au-stationnementcamera-de-recul","9":"product_cat-en-backup-camera","10":"product_cat-fr-camera-de-recul","11":"product_cat-fr-electricite-dispositifs-de-commande","12":"product_cat-de-einparkhilferueckfahrkamera","13":"product_cat-en-electrics-control-units","14":"product_cat-de-elektrik-steuergeraete","15":"product_cat-en-parking-aidrear-view-camera","16":"product_cat-de-rueckfahrkamera","17":"product_cat-en_tiguan","18":"product_cat-fr_tiguan","19":"product_cat-de_tiguan","20":"product_cat-de_volkswagen","21":"product_cat-en_volkswagen","22":"product_cat-fr_volkswagen","23":"product_cat-de-wvgzzz5nzew090694-200000295","24":"product_cat-en-wvgzzz5nzew090694-200000295","25":"product_cat-fr-wvgzzz5nzew090694-200000295","26":"product_shipping_class-tarif-1","27":"entry","29":"first","30":"instock","31":"taxable","32":"shipping-taxable","33":"purchasable","34":"product-type-simple"},"jetpack_sharing_enabled":true,"_links":{"self":[{"href":"https:\/\/occasions-teile.ch\/en\/wp-json\/wp\/v2\/product\/312229","targetHints":{"allow":["GET"]}}],"collection":[{"href":"https:\/\/occasions-teile.ch\/en\/wp-json\/wp\/v2\/product"}],"about":[{"href":"https:\/\/occasions-teile.ch\/en\/wp-json\/wp\/v2\/types\/product"}],"wp:featuredmedia":[{"embeddable":true,"href":"https:\/\/occasions-teile.ch\/en\/wp-json\/wp\/v2\/media\/312226"}],"wp:attachment":[{"href":"https:\/\/occasions-teile.ch\/en\/wp-json\/wp\/v2\/media?parent=312229"}],"wp:term":[{"taxonomy":"product_brand","embeddable":true,"href":"https:\/\/occasions-teile.ch\/en\/wp-json\/wp\/v2\/product_brand?post=312229"},{"taxonomy":"product_cat","embeddable":true,"href":"https:\/\/occasions-teile.ch\/en\/wp-json\/wp\/v2\/product_cat?post=312229"},{"taxonomy":"product_tag","embeddable":true,"href":"https:\/\/occasions-teile.ch\/en\/wp-json\/wp\/v2\/product_tag?post=312229"}],"curies":[{"name":"wp","href":"https:\/\/api.w.org\/{rel}","templated":true}]}}