{"id":31201,"date":"2023-05-05T14:18:14","date_gmt":"2023-05-05T14:18:14","guid":{"rendered":"https:\/\/occasions-teile.ch\/product\/mazda-cx-5-heizungsregulierung-klimabedienteil\/"},"modified":"2024-05-27T06:56:22","modified_gmt":"2024-05-27T06:56:22","slug":"mazda-cx-5-heizungsregulierung-klimabedienteil","status":"publish","type":"product","link":"https:\/\/occasions-teile.ch\/en\/produkt\/mazda-cx-5-heizungsregulierung-klimabedienteil\/","title":{"rendered":"Mazda CX-5  Heizungsregulierung, Klimabedienteil"},"content":{"rendered":"<p><span><b>Technische Daten<\/b><\/p>\n<p> Fahrzeug: Mazda CX-5<br \/>\n Chassis Nr.: JMZKEN92600146494<br \/>\n Baujahr: 2013<br \/>\n Kilometer: 151965 KM<br \/>\n Leistung: 175 KW<br \/>\n Hubraum: 2191 ccm<br \/>\n Typ: 1MA855<br \/>\n Farbcode: Black<br \/>\n Hinweise: &#8211;<\/p>\n<p> Versand: Versand nur in der Schweiz m\u00f6glich.Im Ausland ist der Transport k\u00e4uferseits.<br \/>\n Garantie: 3 Monate Garantie. Bitte beachten Sie, dass die Gew\u00e4hrleistung nur g\u00fcltig ist, wenn der Ersatzteileinbau durch eine Fachwerkstatt\/Meisterwerkstatt erfolgt. Das Ein- und Ausbau des Ersatzteiles kann nicht an uns verrechnet werden. <\/p>\n<p> Ersatzteil: f\u00fcr andere Fahrzeugen (Marken) verf\u00fcgbar auf anfrage. Tel.041 980 27 47. Mobil. 076 589 27 47<\/p>\n<p> Kontakt<br \/>\n  Adresse: Autoverwertung Brun AG<br \/>\n           M\u00f6\u00f6slimatten 13<br \/>\n           6218 Ettiswil<br \/>\n  Telefon: 0041 (041) 980 27 47<br \/>\n  Telefax: 0041 (041) 980 03 47<\/p>\n<p> Wir bieten Ihnen weitere gebrauchte Autoteile zum Kauf an.<br \/>\n<\/span><\/p>\n","protected":false},"excerpt":{"rendered":"<p>Technische Daten Fahrzeug: Mazda CX-5 Chassis Nr.: JMZKEN92600146494 Baujahr: 2013 Kilometer: 151965 KM Leistung: 175 KW Hubraum: 2191 ccm Typ: 1MA855 Farbcode: Black Hinweise: &#8211; Versand: Versand nur in der Schweiz m\u00f6glich.Im Ausland ist der Transport k\u00e4uferseits. Garantie: 3 Monate Garantie. Bitte beachten Sie, dass die Gew\u00e4hrleistung nur g\u00fcltig ist, wenn der Ersatzteileinbau durch eine&hellip; <a class=\"more-link\" href=\"https:\/\/occasions-teile.ch\/en\/produkt\/mazda-cx-5-heizungsregulierung-klimabedienteil\/\">Continue reading <span class=\"screen-reader-text\">Mazda CX-5  Heizungsregulierung, Klimabedienteil<\/span><\/a><\/p>\n","protected":false},"featured_media":31195,"template":"","meta":[],"product_brand":[],"product_cat":[23679,717,1957,1959,1955,834,833,714,711,832,831,1958,1954,1956,1314,1308,1311,835,836],"product_tag":[],"class_list":{"0":"post-31201","1":"product","2":"type-product","3":"status-publish","4":"has-post-thumbnail","6":"product_cat-de-2-2d-ke102-de_cx-5-de_mazda-manufacturer-77","7":"product_cat-fr-chauffage-climatisation","8":"product_cat-en_cx-5","9":"product_cat-fr_cx-5","10":"product_cat-de_cx-5","11":"product_cat-en-heating-regulationclimate-control-panel-en-heating-regulationclimate-control-panel","12":"product_cat-en-heating-regulationclimate-control-panel","13":"product_cat-en-heating-air-conditioning","14":"product_cat-de-heizung-klima","15":"product_cat-de-heizungsregulierung-klimabedienteil","16":"product_cat-de-heizungsregulierungklimabedienteil","17":"product_cat-fr-jmzken92600146494","18":"product_cat-de-jmzken92600146494","19":"product_cat-en-jmzken92600146494","20":"product_cat-fr_mazda","21":"product_cat-de_mazda","22":"product_cat-en_mazda","23":"product_cat-fr-regulation-du-chauffageelement-de-commande-de-la-climatisation","24":"product_cat-fr-regulation-du-chauffageelement-de-commande-de-la-climatisation-fr-regulation-du-chauffageelement-de-commande-de-la-climatisation","25":"product_shipping_class-tarif-1","26":"entry","28":"first","29":"instock","30":"taxable","31":"shipping-taxable","32":"purchasable","33":"product-type-simple"},"jetpack_sharing_enabled":true,"_links":{"self":[{"href":"https:\/\/occasions-teile.ch\/en\/wp-json\/wp\/v2\/product\/31201","targetHints":{"allow":["GET"]}}],"collection":[{"href":"https:\/\/occasions-teile.ch\/en\/wp-json\/wp\/v2\/product"}],"about":[{"href":"https:\/\/occasions-teile.ch\/en\/wp-json\/wp\/v2\/types\/product"}],"wp:featuredmedia":[{"embeddable":true,"href":"https:\/\/occasions-teile.ch\/en\/wp-json\/wp\/v2\/media\/31195"}],"wp:attachment":[{"href":"https:\/\/occasions-teile.ch\/en\/wp-json\/wp\/v2\/media?parent=31201"}],"wp:term":[{"taxonomy":"product_brand","embeddable":true,"href":"https:\/\/occasions-teile.ch\/en\/wp-json\/wp\/v2\/product_brand?post=31201"},{"taxonomy":"product_cat","embeddable":true,"href":"https:\/\/occasions-teile.ch\/en\/wp-json\/wp\/v2\/product_cat?post=31201"},{"taxonomy":"product_tag","embeddable":true,"href":"https:\/\/occasions-teile.ch\/en\/wp-json\/wp\/v2\/product_tag?post=31201"}],"curies":[{"name":"wp","href":"https:\/\/api.w.org\/{rel}","templated":true}]}}