{"id":311330,"date":"2024-05-03T07:31:03","date_gmt":"2024-05-03T07:31:03","guid":{"rendered":"https:\/\/occasions-teile.ch\/product\/mini-cooper-s-kuehlergrill-3\/"},"modified":"2024-05-27T13:49:51","modified_gmt":"2024-05-27T13:49:51","slug":"mini-cooper-s-kuehlergrill-3","status":"publish","type":"product","link":"https:\/\/occasions-teile.ch\/en\/produkt\/mini-cooper-s-kuehlergrill-3\/","title":{"rendered":"Mini Cooper S  K\u00fchlergrill"},"content":{"rendered":"<p><span><b>Technische Daten<\/b><\/p>\n<p> Fahrzeug: Mini Cooper S<br \/>\n Chassis Nr.: WMWSS71060WN50887<br \/>\n Baujahr: 2014<br \/>\n Kilometer: 58079 KM<br \/>\n Leistung: 184 KW<br \/>\n Hubraum: 1598 ccm<br \/>\n Typ: 1MP810<br \/>\n Farbcode: blau<br \/>\n Hinweise: &#8211;<\/p>\n<p> Versand: Versand nur in der Schweiz m\u00f6glich.Im Ausland ist der Transport k\u00e4uferseits.<br \/>\n Garantie: 3 Monate Garantie. Bitte beachten Sie, dass die Gew\u00e4hrleistung nur g\u00fcltig ist, wenn der Ersatzteileinbau durch eine Fachwerkstatt\/Meisterwerkstatt erfolgt. Das Ein- und Ausbau des Ersatzteiles kann nicht an uns verrechnet werden. <\/p>\n<p> Ersatzteil: f\u00fcr andere Fahrzeugen (Marken) verf\u00fcgbar auf anfrage. Tel.041 980 27 47. Mobil. 076 589 27 47<\/p>\n<p> Kontakt<br \/>\n  Adresse: Autoverwertung Brun AG<br \/>\n           M\u00f6\u00f6slimatten 13<br \/>\n           6218 Ettiswil<br \/>\n  Telefon: 0041 (041) 980 27 47<br \/>\n  Telefax: 0041 (041) 980 03 47<\/p>\n<p> Wir bieten Ihnen weitere gebrauchte Autoteile zum Kauf an.<br \/>\n Tags: K\u00fchlergrill, Radiator grille , Grille de calandre<br \/>\n<\/span><\/p>\n","protected":false},"excerpt":{"rendered":"<p>Technische Daten Fahrzeug: Mini Cooper S Chassis Nr.: WMWSS71060WN50887 Baujahr: 2014 Kilometer: 58079 KM Leistung: 184 KW Hubraum: 1598 ccm Typ: 1MP810 Farbcode: blau Hinweise: &#8211; Versand: Versand nur in der Schweiz m\u00f6glich.Im Ausland ist der Transport k\u00e4uferseits. Garantie: 3 Monate Garantie. Bitte beachten Sie, dass die Gew\u00e4hrleistung nur g\u00fcltig ist, wenn der Ersatzteileinbau durch&hellip; <a class=\"more-link\" href=\"https:\/\/occasions-teile.ch\/en\/produkt\/mini-cooper-s-kuehlergrill-3\/\">Continue reading <span class=\"screen-reader-text\">Mini Cooper S  K\u00fchlergrill<\/span><\/a><\/p>\n","protected":false},"featured_media":311327,"template":"","meta":[],"product_brand":[],"product_cat":[515,515,5433,5433,5433,966,965,515,966,965,2223,2223,2223,21894,23685,965,966,11193,11193,11193],"product_tag":[],"class_list":{"0":"post-311330","1":"product","2":"type-product","3":"status-publish","4":"has-post-thumbnail","6":"product_cat-en-body-front","8":"product_cat-en_slug_mini_cooper-s_839","11":"product_cat-en-radiator-grille-en-radiator-grille","12":"product_cat-en-radiator-grille","16":"product_cat-en_mini","19":"product_cat-de-paceman-all4-de_slug_mini_cooper-s_434-de_mini-manufacturer-115","20":"product_cat-de-paceman-all4-de_slug_mini_cooper-s_434-de_mini-manufacturer-150","23":"product_cat-en-wmwss771060wn50887-200000283","26":"product_shipping_class-tarif-1-en","27":"entry","29":"first","30":"instock","31":"taxable","32":"shipping-taxable","33":"purchasable","34":"product-type-simple"},"jetpack_sharing_enabled":true,"_links":{"self":[{"href":"https:\/\/occasions-teile.ch\/en\/wp-json\/wp\/v2\/product\/311330","targetHints":{"allow":["GET"]}}],"collection":[{"href":"https:\/\/occasions-teile.ch\/en\/wp-json\/wp\/v2\/product"}],"about":[{"href":"https:\/\/occasions-teile.ch\/en\/wp-json\/wp\/v2\/types\/product"}],"wp:featuredmedia":[{"embeddable":true,"href":"https:\/\/occasions-teile.ch\/en\/wp-json\/wp\/v2\/media\/311327"}],"wp:attachment":[{"href":"https:\/\/occasions-teile.ch\/en\/wp-json\/wp\/v2\/media?parent=311330"}],"wp:term":[{"taxonomy":"product_brand","embeddable":true,"href":"https:\/\/occasions-teile.ch\/en\/wp-json\/wp\/v2\/product_brand?post=311330"},{"taxonomy":"product_cat","embeddable":true,"href":"https:\/\/occasions-teile.ch\/en\/wp-json\/wp\/v2\/product_cat?post=311330"},{"taxonomy":"product_tag","embeddable":true,"href":"https:\/\/occasions-teile.ch\/en\/wp-json\/wp\/v2\/product_tag?post=311330"}],"curies":[{"name":"wp","href":"https:\/\/api.w.org\/{rel}","templated":true}]}}