{"id":310982,"date":"2024-05-03T01:42:10","date_gmt":"2024-05-03T01:42:10","guid":{"rendered":"https:\/\/occasions-teile.ch\/product\/alfa-romeo-tonale-sensoren-parkhilfe-hinten\/"},"modified":"2024-05-26T03:51:26","modified_gmt":"2024-05-26T03:51:26","slug":"alfa-romeo-tonale-sensoren-parkhilfe-hinten","status":"publish","type":"product","link":"https:\/\/occasions-teile.ch\/en\/produkt\/alfa-romeo-tonale-sensoren-parkhilfe-hinten\/","title":{"rendered":"Alfa Romeo Tonale  Sensoren Parkhilfe hinten"},"content":{"rendered":"<p><span><b>Technische Daten<\/b><\/p>\n<p> Fahrzeug: Alfa Romeo Tonale<br \/>\n Chassis Nr.: ZARPATDW7N3043516<br \/>\n Baujahr: 2023<br \/>\n Kilometer: 17500 KM<br \/>\n Leistung: 179 KW<br \/>\n Hubraum: 1332 ccm<br \/>\n Typ: 1AA771<br \/>\n Farbcode: White\/Weiss<br \/>\n Hinweise: &#8211;<\/p>\n<p> Versand: Versand nur in der Schweiz m\u00f6glich.Im Ausland ist der Transport k\u00e4uferseits.<br \/>\n Garantie: 3 Monate Garantie. Bitte beachten Sie, dass die Gew\u00e4hrleistung nur g\u00fcltig ist, wenn der Ersatzteileinbau durch eine Fachwerkstatt\/Meisterwerkstatt erfolgt. Das Ein- und Ausbau des Ersatzteiles kann nicht an uns verrechnet werden. <\/p>\n<p> Ersatzteil: f\u00fcr andere Fahrzeugen (Marken) verf\u00fcgbar auf anfrage. Tel.041 980 27 47. Mobil. 076 589 27 47<\/p>\n<p> Kontakt<br \/>\n  Adresse: Autoverwertung Brun AG<br \/>\n           M\u00f6\u00f6slimatten 13<br \/>\n           6218 Ettiswil<br \/>\n  Telefon: 0041 (041) 980 27 47<br \/>\n  Telefax: 0041 (041) 980 03 47<\/p>\n<p> Wir bieten Ihnen weitere gebrauchte Autoteile zum Kauf an.<br \/>\n Tags: Sensoren Parkhilfe hinten, Sensors Parking aidbehind, Capteurs Aide au stationnement arrie`re<br \/>\n<\/span><\/p>\n","protected":false},"excerpt":{"rendered":"<p>Technische Daten Fahrzeug: Alfa Romeo Tonale Chassis Nr.: ZARPATDW7N3043516 Baujahr: 2023 Kilometer: 17500 KM Leistung: 179 KW Hubraum: 1332 ccm Typ: 1AA771 Farbcode: White\/Weiss Hinweise: &#8211; Versand: Versand nur in der Schweiz m\u00f6glich.Im Ausland ist der Transport k\u00e4uferseits. Garantie: 3 Monate Garantie. Bitte beachten Sie, dass die Gew\u00e4hrleistung nur g\u00fcltig ist, wenn der Ersatzteileinbau durch&hellip; <a class=\"more-link\" href=\"https:\/\/occasions-teile.ch\/en\/produkt\/alfa-romeo-tonale-sensoren-parkhilfe-hinten\/\">Continue reading <span class=\"screen-reader-text\">Alfa Romeo Tonale  Sensoren Parkhilfe hinten<\/span><\/a><\/p>\n","protected":false},"featured_media":310979,"template":"","meta":[],"product_brand":[],"product_cat":[21808,23639,961,474,468,471,6297,627,957,624,621,959,6295,6296,10855,10858,10852,10857,10851,10854],"product_tag":[],"class_list":{"0":"post-310982","1":"product","2":"type-product","3":"status-publish","4":"has-post-thumbnail","6":"product_cat-de-1-3-phev-de_slug_alfa-romeo_tonale_239-de_alfa-romeo-manufacturer-204","7":"product_cat-de-1-3-phev-de_slug_alfa-romeo_tonale_239-de_alfa-romeo-manufacturer-222","8":"product_cat-fr-aide-au-stationnementcamera-de-recul","9":"product_cat-fr_alfa-romeo","10":"product_cat-de_alfa-romeo","11":"product_cat-en_alfa-romeo","12":"product_cat-fr-capteurs-aide-au-stationnement-arriere-einparkhilferueckfahrkamera","13":"product_cat-fr-electricite-dispositifs-de-commande","14":"product_cat-de-einparkhilferueckfahrkamera","15":"product_cat-en-electrics-control-units","16":"product_cat-de-elektrik-steuergeraete","17":"product_cat-en-parking-aidrear-view-camera","18":"product_cat-de-sensoren-parkhilfe-hinten-einparkhilferueckfahrkamera","19":"product_cat-en-sensors-parking-aidbehind-einparkhilferueckfahrkamera","20":"product_cat-en_slug_alfa-romeo_tonale_67","21":"product_cat-fr_slug_alfa-romeo_tonale_874","22":"product_cat-de_slug_alfa-romeo_tonale_239","23":"product_cat-fr-zarpatdw7n3043516-200000279","24":"product_cat-de-zarpatdw7n3043516-200000279","25":"product_cat-en-zarpatdw7n3043516-200000279","26":"product_shipping_class-tarif-1","27":"entry","29":"first","30":"instock","31":"taxable","32":"shipping-taxable","33":"purchasable","34":"product-type-simple"},"jetpack_sharing_enabled":true,"_links":{"self":[{"href":"https:\/\/occasions-teile.ch\/en\/wp-json\/wp\/v2\/product\/310982","targetHints":{"allow":["GET"]}}],"collection":[{"href":"https:\/\/occasions-teile.ch\/en\/wp-json\/wp\/v2\/product"}],"about":[{"href":"https:\/\/occasions-teile.ch\/en\/wp-json\/wp\/v2\/types\/product"}],"wp:featuredmedia":[{"embeddable":true,"href":"https:\/\/occasions-teile.ch\/en\/wp-json\/wp\/v2\/media\/310979"}],"wp:attachment":[{"href":"https:\/\/occasions-teile.ch\/en\/wp-json\/wp\/v2\/media?parent=310982"}],"wp:term":[{"taxonomy":"product_brand","embeddable":true,"href":"https:\/\/occasions-teile.ch\/en\/wp-json\/wp\/v2\/product_brand?post=310982"},{"taxonomy":"product_cat","embeddable":true,"href":"https:\/\/occasions-teile.ch\/en\/wp-json\/wp\/v2\/product_cat?post=310982"},{"taxonomy":"product_tag","embeddable":true,"href":"https:\/\/occasions-teile.ch\/en\/wp-json\/wp\/v2\/product_tag?post=310982"}],"curies":[{"name":"wp","href":"https:\/\/api.w.org\/{rel}","templated":true}]}}