{"id":310530,"date":"2024-05-02T18:34:07","date_gmt":"2024-05-02T18:34:07","guid":{"rendered":"https:\/\/occasions-teile.ch\/product\/opel-corsa-alufelgen-2\/"},"modified":"2024-05-27T16:43:34","modified_gmt":"2024-05-27T16:43:34","slug":"opel-corsa-alufelgen-2","status":"publish","type":"product","link":"https:\/\/occasions-teile.ch\/en\/produkt\/opel-corsa-alufelgen-2\/","title":{"rendered":"Opel Corsa  Alufelgen"},"content":{"rendered":"<p><span><b>Technische Daten<\/b><\/p>\n<p> Fahrzeug: Opel Corsa<br \/>\n Chassis Nr.: VXKUPHNSSL4346098<br \/>\n Baujahr: 2020<br \/>\n Kilometer: 29465 KM<br \/>\n Leistung: 131 KW<br \/>\n Hubraum: 1199 ccm<br \/>\n Typ: 1XV771<br \/>\n Farbcode: White\/Weiss<br \/>\n Hinweise: 6,5J16CH4-38<\/p>\n<p> Versand: Versand nur in der Schweiz m\u00f6glich.Im Ausland ist der Transport k\u00e4uferseits.<br \/>\n Garantie: 3 Monate Garantie. Bitte beachten Sie, dass die Gew\u00e4hrleistung nur g\u00fcltig ist, wenn der Ersatzteileinbau durch eine Fachwerkstatt\/Meisterwerkstatt erfolgt. Das Ein- und Ausbau des Ersatzteiles kann nicht an uns verrechnet werden. <\/p>\n<p> Ersatzteil: f\u00fcr andere Fahrzeugen (Marken) verf\u00fcgbar auf anfrage. Tel.041 980 27 47. Mobil. 076 589 27 47<\/p>\n<p> Kontakt<br \/>\n  Adresse: Autoverwertung Brun AG<br \/>\n           M\u00f6\u00f6slimatten 13<br \/>\n           6218 Ettiswil<br \/>\n  Telefon: 0041 (041) 980 27 47<br \/>\n  Telefax: 0041 (041) 980 03 47<\/p>\n<p> Wir bieten Ihnen weitere gebrauchte Autoteile zum Kauf an.<br \/>\n Tags: Alufelgen, Aluminum rims, Jantes en aluminium<br \/>\n<\/span><\/p>\n","protected":false},"excerpt":{"rendered":"<p>Technische Daten Fahrzeug: Opel Corsa Chassis Nr.: VXKUPHNSSL4346098 Baujahr: 2020 Kilometer: 29465 KM Leistung: 131 KW Hubraum: 1199 ccm Typ: 1XV771 Farbcode: White\/Weiss Hinweise: 6,5J16CH4-38 Versand: Versand nur in der Schweiz m\u00f6glich.Im Ausland ist der Transport k\u00e4uferseits. Garantie: 3 Monate Garantie. Bitte beachten Sie, dass die Gew\u00e4hrleistung nur g\u00fcltig ist, wenn der Ersatzteileinbau durch eine&hellip; <a class=\"more-link\" href=\"https:\/\/occasions-teile.ch\/en\/produkt\/opel-corsa-alufelgen-2\/\">Continue reading <span class=\"screen-reader-text\">Opel Corsa  Alufelgen<\/span><\/a><\/p>\n","protected":false},"featured_media":310527,"template":"","meta":[],"product_brand":[],"product_cat":[1176,1217,1217,1217,21695,23638,1175,1176,1175,613,613,613,550,550,1175,1176,10210,10210,10210,550],"product_tag":[],"class_list":{"0":"post-310530","1":"product","2":"type-product","3":"status-publish","4":"has-post-thumbnail","6":"product_cat-de-alufelgen-felgensatz","7":"product_cat-de_corsa","10":"product_cat-de-e-de_corsa-de_opel-manufacturer-119","11":"product_cat-de-e-1-0t-de_corsa-de_opel-manufacturer-22","12":"product_cat-de-felgensatz","15":"product_cat-de_opel","18":"product_cat-de-raeder-reifen-felgen","22":"product_cat-de-vxkuphnssl4346098-200000268","26":"product_shipping_class-tarif-1","27":"entry","29":"first","30":"instock","31":"taxable","32":"shipping-taxable","33":"purchasable","34":"product-type-simple"},"jetpack_sharing_enabled":true,"_links":{"self":[{"href":"https:\/\/occasions-teile.ch\/en\/wp-json\/wp\/v2\/product\/310530","targetHints":{"allow":["GET"]}}],"collection":[{"href":"https:\/\/occasions-teile.ch\/en\/wp-json\/wp\/v2\/product"}],"about":[{"href":"https:\/\/occasions-teile.ch\/en\/wp-json\/wp\/v2\/types\/product"}],"wp:featuredmedia":[{"embeddable":true,"href":"https:\/\/occasions-teile.ch\/en\/wp-json\/wp\/v2\/media\/310527"}],"wp:attachment":[{"href":"https:\/\/occasions-teile.ch\/en\/wp-json\/wp\/v2\/media?parent=310530"}],"wp:term":[{"taxonomy":"product_brand","embeddable":true,"href":"https:\/\/occasions-teile.ch\/en\/wp-json\/wp\/v2\/product_brand?post=310530"},{"taxonomy":"product_cat","embeddable":true,"href":"https:\/\/occasions-teile.ch\/en\/wp-json\/wp\/v2\/product_cat?post=310530"},{"taxonomy":"product_tag","embeddable":true,"href":"https:\/\/occasions-teile.ch\/en\/wp-json\/wp\/v2\/product_tag?post=310530"}],"curies":[{"name":"wp","href":"https:\/\/api.w.org\/{rel}","templated":true}]}}