{"id":310199,"date":"2024-05-02T13:20:45","date_gmt":"2024-05-02T13:20:45","guid":{"rendered":"https:\/\/occasions-teile.ch\/product\/opel-corsa-wischermotor-hinten\/"},"modified":"2024-05-27T16:47:27","modified_gmt":"2024-05-27T16:47:27","slug":"opel-corsa-wischermotor-hinten","status":"publish","type":"product","link":"https:\/\/occasions-teile.ch\/en\/produkt\/opel-corsa-wischermotor-hinten\/","title":{"rendered":"Opel Corsa  Wischermotor hinten"},"content":{"rendered":"<p><span><b>Technische Daten<\/b><\/p>\n<p> Fahrzeug: Opel Corsa<br \/>\n Chassis Nr.: VXKUPHNSSL4346098<br \/>\n Baujahr: 2020<br \/>\n Kilometer: 29465 KM<br \/>\n Leistung: 131 KW<br \/>\n Hubraum: 1199 ccm<br \/>\n Typ: 1XV771<br \/>\n Farbcode: White\/Weiss<br \/>\n Hinweise: &#8211;<\/p>\n<p> Versand: Versand nur in der Schweiz m\u00f6glich.Im Ausland ist der Transport k\u00e4uferseits.<br \/>\n Garantie: 3 Monate Garantie. Bitte beachten Sie, dass die Gew\u00e4hrleistung nur g\u00fcltig ist, wenn der Ersatzteileinbau durch eine Fachwerkstatt\/Meisterwerkstatt erfolgt. Das Ein- und Ausbau des Ersatzteiles kann nicht an uns verrechnet werden. <\/p>\n<p> Ersatzteil: f\u00fcr andere Fahrzeugen (Marken) verf\u00fcgbar auf anfrage. Tel.041 980 27 47. Mobil. 076 589 27 47<\/p>\n<p> Kontakt<br \/>\n  Adresse: Autoverwertung Brun AG<br \/>\n           M\u00f6\u00f6slimatten 13<br \/>\n           6218 Ettiswil<br \/>\n  Telefon: 0041 (041) 980 27 47<br \/>\n  Telefax: 0041 (041) 980 03 47<\/p>\n<p> Wir bieten Ihnen weitere gebrauchte Autoteile zum Kauf an.<br \/>\n Tags: Wischermotor hinten, Wiper motor rear, Arrie`re du moteur d&#8217;essuie-glace<br \/>\n<\/span><\/p>\n","protected":false},"excerpt":{"rendered":"<p>Technische Daten Fahrzeug: Opel Corsa Chassis Nr.: VXKUPHNSSL4346098 Baujahr: 2020 Kilometer: 29465 KM Leistung: 131 KW Hubraum: 1199 ccm Typ: 1XV771 Farbcode: White\/Weiss Hinweise: &#8211; Versand: Versand nur in der Schweiz m\u00f6glich.Im Ausland ist der Transport k\u00e4uferseits. Garantie: 3 Monate Garantie. Bitte beachten Sie, dass die Gew\u00e4hrleistung nur g\u00fcltig ist, wenn der Ersatzteileinbau durch eine&hellip; <a class=\"more-link\" href=\"https:\/\/occasions-teile.ch\/en\/produkt\/opel-corsa-wischermotor-hinten\/\">Continue reading <span class=\"screen-reader-text\">Opel Corsa  Wischermotor hinten<\/span><\/a><\/p>\n","protected":false},"featured_media":310196,"template":"","meta":[],"product_brand":[],"product_cat":[681,682,1217,1217,1217,21613,23638,669,613,613,613,669,10210,10210,10210,669,681,682,681,682],"product_tag":[],"class_list":{"0":"post-310199","1":"product","2":"type-product","3":"status-publish","4":"has-post-thumbnail","6":"product_cat-de-wischermotorhinten","7":"product_cat-de-wischermotorhinten-de-wischermotorhinten","8":"product_cat-de_corsa","11":"product_cat-de-e-de_corsa-de_opel-manufacturer-97","12":"product_cat-de-e-1-0t-de_corsa-de_opel-manufacturer-22","13":"product_cat-de-scheibenreinigung","14":"product_cat-de_opel","18":"product_cat-de-vxkuphnssl4346098-200000268","26":"product_shipping_class-tarif-1","27":"entry","29":"first","30":"instock","31":"taxable","32":"shipping-taxable","33":"purchasable","34":"product-type-simple"},"jetpack_sharing_enabled":true,"_links":{"self":[{"href":"https:\/\/occasions-teile.ch\/en\/wp-json\/wp\/v2\/product\/310199","targetHints":{"allow":["GET"]}}],"collection":[{"href":"https:\/\/occasions-teile.ch\/en\/wp-json\/wp\/v2\/product"}],"about":[{"href":"https:\/\/occasions-teile.ch\/en\/wp-json\/wp\/v2\/types\/product"}],"wp:featuredmedia":[{"embeddable":true,"href":"https:\/\/occasions-teile.ch\/en\/wp-json\/wp\/v2\/media\/310196"}],"wp:attachment":[{"href":"https:\/\/occasions-teile.ch\/en\/wp-json\/wp\/v2\/media?parent=310199"}],"wp:term":[{"taxonomy":"product_brand","embeddable":true,"href":"https:\/\/occasions-teile.ch\/en\/wp-json\/wp\/v2\/product_brand?post=310199"},{"taxonomy":"product_cat","embeddable":true,"href":"https:\/\/occasions-teile.ch\/en\/wp-json\/wp\/v2\/product_cat?post=310199"},{"taxonomy":"product_tag","embeddable":true,"href":"https:\/\/occasions-teile.ch\/en\/wp-json\/wp\/v2\/product_tag?post=310199"}],"curies":[{"name":"wp","href":"https:\/\/api.w.org\/{rel}","templated":true}]}}