{"id":309814,"date":"2024-05-02T07:10:08","date_gmt":"2024-05-02T07:10:08","guid":{"rendered":"https:\/\/occasions-teile.ch\/product\/skoda-octavia-nox-sensor\/"},"modified":"2024-05-26T11:53:59","modified_gmt":"2024-05-26T11:53:59","slug":"skoda-octavia-nox-sensor","status":"publish","type":"product","link":"https:\/\/occasions-teile.ch\/en\/produkt\/skoda-octavia-nox-sensor\/","title":{"rendered":"Skoda Octavia  NOx-sensor"},"content":{"rendered":"<p><span><b>Technische Daten<\/b><\/p>\n<p> Fahrzeug: Skoda Octavia<br \/>\n Chassis Nr.: TMBLK7NE5L0007745<br \/>\n Baujahr: 2019<br \/>\n Kilometer: 31667 KM<br \/>\n Leistung: 185 KW<br \/>\n Hubraum: 1968 ccm<br \/>\n Typ: 1SG664<br \/>\n Farbcode: Black<br \/>\n Hinweise: &#8211;<\/p>\n<p> Versand: Versand nur in der Schweiz m\u00f6glich.Im Ausland ist der Transport k\u00e4uferseits.<br \/>\n Garantie: 3 Monate Garantie. Bitte beachten Sie, dass die Gew\u00e4hrleistung nur g\u00fcltig ist, wenn der Ersatzteileinbau durch eine Fachwerkstatt\/Meisterwerkstatt erfolgt. Das Ein- und Ausbau des Ersatzteiles kann nicht an uns verrechnet werden. <\/p>\n<p> Ersatzteil: f\u00fcr andere Fahrzeugen (Marken) verf\u00fcgbar auf anfrage. Tel.041 980 27 47. Mobil. 076 589 27 47<\/p>\n<p> Kontakt<br \/>\n  Adresse: Autoverwertung Brun AG<br \/>\n           M\u00f6\u00f6slimatten 13<br \/>\n           6218 Ettiswil<br \/>\n  Telefon: 0041 (041) 980 27 47<br \/>\n  Telefax: 0041 (041) 980 03 47<\/p>\n<p> Wir bieten Ihnen weitere gebrauchte Autoteile zum Kauf an.<br \/>\n Tags: NOx-sensor , NOx-sensor, Capteur NOx<br \/>\n<\/span><\/p>\n","protected":false},"excerpt":{"rendered":"<p>Technische Daten Fahrzeug: Skoda Octavia Chassis Nr.: TMBLK7NE5L0007745 Baujahr: 2019 Kilometer: 31667 KM Leistung: 185 KW Hubraum: 1968 ccm Typ: 1SG664 Farbcode: Black Hinweise: &#8211; Versand: Versand nur in der Schweiz m\u00f6glich.Im Ausland ist der Transport k\u00e4uferseits. Garantie: 3 Monate Garantie. Bitte beachten Sie, dass die Gew\u00e4hrleistung nur g\u00fcltig ist, wenn der Ersatzteileinbau durch eine&hellip; <a class=\"more-link\" href=\"https:\/\/occasions-teile.ch\/en\/produkt\/skoda-octavia-nox-sensor\/\">Continue reading <span class=\"screen-reader-text\">Skoda Octavia  NOx-sensor<\/span><\/a><\/p>\n","protected":false},"featured_media":309811,"template":"","meta":[],"product_brand":[],"product_cat":[23651,21521,600,1656,1657,1472,1471,9861],"product_tag":[],"class_list":{"0":"post-309814","1":"product","2":"type-product","3":"status-publish","4":"has-post-thumbnail","6":"product_cat-de-2-0tdi-4x4-de_octavia-de_skoda-manufacturer-62","7":"product_cat-de-2-0tdi-4x4-de_octavia-de_skoda-manufacturer-50","8":"product_cat-en-exhaust-system","9":"product_cat-en-lambda-sensors-temperature-sensors-exhaust-gas","10":"product_cat-en-nox-sensor","11":"product_cat-en_octavia-en_skoda-manufacturer-en","12":"product_cat-en_skoda-manufacturer-en","13":"product_cat-en-tmblk7ne5l0007745-200000264","14":"product_shipping_class-tarif-1","15":"entry","17":"first","18":"instock","19":"taxable","20":"shipping-taxable","21":"purchasable","22":"product-type-simple"},"jetpack_sharing_enabled":true,"_links":{"self":[{"href":"https:\/\/occasions-teile.ch\/en\/wp-json\/wp\/v2\/product\/309814","targetHints":{"allow":["GET"]}}],"collection":[{"href":"https:\/\/occasions-teile.ch\/en\/wp-json\/wp\/v2\/product"}],"about":[{"href":"https:\/\/occasions-teile.ch\/en\/wp-json\/wp\/v2\/types\/product"}],"wp:featuredmedia":[{"embeddable":true,"href":"https:\/\/occasions-teile.ch\/en\/wp-json\/wp\/v2\/media\/309811"}],"wp:attachment":[{"href":"https:\/\/occasions-teile.ch\/en\/wp-json\/wp\/v2\/media?parent=309814"}],"wp:term":[{"taxonomy":"product_brand","embeddable":true,"href":"https:\/\/occasions-teile.ch\/en\/wp-json\/wp\/v2\/product_brand?post=309814"},{"taxonomy":"product_cat","embeddable":true,"href":"https:\/\/occasions-teile.ch\/en\/wp-json\/wp\/v2\/product_cat?post=309814"},{"taxonomy":"product_tag","embeddable":true,"href":"https:\/\/occasions-teile.ch\/en\/wp-json\/wp\/v2\/product_tag?post=309814"}],"curies":[{"name":"wp","href":"https:\/\/api.w.org\/{rel}","templated":true}]}}