{"id":309790,"date":"2024-05-02T06:47:36","date_gmt":"2024-05-02T06:47:36","guid":{"rendered":"https:\/\/occasions-teile.ch\/product\/maserati-granturismo-heizungsregulierung-klimabedienteil\/"},"modified":"2024-05-25T02:40:10","modified_gmt":"2024-05-25T02:40:10","slug":"maserati-granturismo-heizungsregulierung-klimabedienteil","status":"publish","type":"product","link":"https:\/\/occasions-teile.ch\/en\/produkt\/maserati-granturismo-heizungsregulierung-klimabedienteil\/","title":{"rendered":"Maserati GranTurismo  Heizungsregulierung Klimabedienteil"},"content":{"rendered":"<p><span><b>Technische Daten<\/b><\/p>\n<p> Fahrzeug: Maserati GranTurismo<br \/>\n Chassis Nr.: ZAMGH45B000039592<br \/>\n Baujahr: 2008<br \/>\n Kilometer: 89270 KM<br \/>\n Leistung: 405 KW<br \/>\n Hubraum: 4244 ccm<br \/>\n Typ: 1MA124<br \/>\n Farbcode: Black<br \/>\n Hinweise: &#8211;<\/p>\n<p> Versand: Versand nur in der Schweiz m\u00f6glich.Im Ausland ist der Transport k\u00e4uferseits.<br \/>\n Garantie: 3 Monate Garantie. Bitte beachten Sie, dass die Gew\u00e4hrleistung nur g\u00fcltig ist, wenn der Ersatzteileinbau durch eine Fachwerkstatt\/Meisterwerkstatt erfolgt. Das Ein- und Ausbau des Ersatzteiles kann nicht an uns verrechnet werden. <\/p>\n<p> Ersatzteil: f\u00fcr andere Fahrzeugen (Marken) verf\u00fcgbar auf anfrage. Tel.041 980 27 47. Mobil. 076 589 27 47<\/p>\n<p> Kontakt<br \/>\n  Adresse: Autoverwertung Brun AG<br \/>\n           M\u00f6\u00f6slimatten 13<br \/>\n           6218 Ettiswil<br \/>\n  Telefon: 0041 (041) 980 27 47<br \/>\n  Telefax: 0041 (041) 980 03 47<\/p>\n<p> Wir bieten Ihnen weitere gebrauchte Autoteile zum Kauf an.<br \/>\n Tags: Heizungsregulierung Klimabedienteil, Heating regulation,climate control panel , Re\u00b4gulation du chauffage,e\u00b4le\u00b4ment de commande de la climatisation<br \/>\n<\/span><\/p>\n","protected":false},"excerpt":{"rendered":"<p>Technische Daten Fahrzeug: Maserati GranTurismo Chassis Nr.: ZAMGH45B000039592 Baujahr: 2008 Kilometer: 89270 KM Leistung: 405 KW Hubraum: 4244 ccm Typ: 1MA124 Farbcode: Black Hinweise: &#8211; Versand: Versand nur in der Schweiz m\u00f6glich.Im Ausland ist der Transport k\u00e4uferseits. Garantie: 3 Monate Garantie. Bitte beachten Sie, dass die Gew\u00e4hrleistung nur g\u00fcltig ist, wenn der Ersatzteileinbau durch eine&hellip; <a class=\"more-link\" href=\"https:\/\/occasions-teile.ch\/en\/produkt\/maserati-granturismo-heizungsregulierung-klimabedienteil\/\">Continue reading <span class=\"screen-reader-text\">Maserati GranTurismo  Heizungsregulierung Klimabedienteil<\/span><\/a><\/p>\n","protected":false},"featured_media":309787,"template":"","meta":[],"product_brand":[],"product_cat":[21515,23596,717,4124,4125,4126,833,834,714,711,832,831,1718,1721,1724,836,835,9778,9774,9776],"product_tag":[],"class_list":{"0":"post-309790","1":"product","2":"type-product","3":"status-publish","4":"has-post-thumbnail","6":"product_cat-de-4-2-de_slug_maserati_granturismo_959-de_maserati-manufacturer-115","7":"product_cat-de-4-2-de_slug_maserati_granturismo_959-de_maserati-manufacturer-120","8":"product_cat-fr-chauffage-climatisation","9":"product_cat-de_slug_maserati_granturismo_959","10":"product_cat-en_slug_maserati_granturismo_994","11":"product_cat-fr_slug_maserati_granturismo_992","12":"product_cat-en-heating-regulationclimate-control-panel","13":"product_cat-en-heating-regulationclimate-control-panel-en-heating-regulationclimate-control-panel","14":"product_cat-en-heating-air-conditioning","15":"product_cat-de-heizung-klima","16":"product_cat-de-heizungsregulierung-klimabedienteil","17":"product_cat-de-heizungsregulierungklimabedienteil","18":"product_cat-de_maserati","19":"product_cat-en_maserati","20":"product_cat-fr_maserati","21":"product_cat-fr-regulation-du-chauffageelement-de-commande-de-la-climatisation-fr-regulation-du-chauffageelement-de-commande-de-la-climatisation","22":"product_cat-fr-regulation-du-chauffageelement-de-commande-de-la-climatisation","23":"product_cat-fr-zamgh45b000039592-200000262","24":"product_cat-de-zamgh45b000039592-200000262","25":"product_cat-en-zamgh45b000039592-200000262","26":"product_shipping_class-tarif-1","27":"entry","29":"first","30":"instock","31":"taxable","32":"shipping-taxable","33":"purchasable","34":"product-type-simple"},"jetpack_sharing_enabled":true,"_links":{"self":[{"href":"https:\/\/occasions-teile.ch\/en\/wp-json\/wp\/v2\/product\/309790","targetHints":{"allow":["GET"]}}],"collection":[{"href":"https:\/\/occasions-teile.ch\/en\/wp-json\/wp\/v2\/product"}],"about":[{"href":"https:\/\/occasions-teile.ch\/en\/wp-json\/wp\/v2\/types\/product"}],"wp:featuredmedia":[{"embeddable":true,"href":"https:\/\/occasions-teile.ch\/en\/wp-json\/wp\/v2\/media\/309787"}],"wp:attachment":[{"href":"https:\/\/occasions-teile.ch\/en\/wp-json\/wp\/v2\/media?parent=309790"}],"wp:term":[{"taxonomy":"product_brand","embeddable":true,"href":"https:\/\/occasions-teile.ch\/en\/wp-json\/wp\/v2\/product_brand?post=309790"},{"taxonomy":"product_cat","embeddable":true,"href":"https:\/\/occasions-teile.ch\/en\/wp-json\/wp\/v2\/product_cat?post=309790"},{"taxonomy":"product_tag","embeddable":true,"href":"https:\/\/occasions-teile.ch\/en\/wp-json\/wp\/v2\/product_tag?post=309790"}],"curies":[{"name":"wp","href":"https:\/\/api.w.org\/{rel}","templated":true}]}}