{"id":309562,"date":"2024-05-02T03:07:23","date_gmt":"2024-05-02T03:07:23","guid":{"rendered":"https:\/\/occasions-teile.ch\/product\/vw-caddy-blattfeder-2\/"},"modified":"2024-05-28T08:31:12","modified_gmt":"2024-05-28T08:31:12","slug":"vw-caddy-blattfeder-2","status":"publish","type":"product","link":"https:\/\/occasions-teile.ch\/en\/produkt\/vw-caddy-blattfeder-2\/","title":{"rendered":"VW Caddy  BLATTFEDER"},"content":{"rendered":"<p><span><b>Technische Daten<\/b><\/p>\n<p> Fahrzeug: VW Caddy<br \/>\n Chassis Nr.: WV1ZZZ2KZKX062150<br \/>\n Baujahr: 2019<br \/>\n Kilometer: 73626 KM<br \/>\n Leistung: 122 KW<br \/>\n Hubraum: 1968 ccm<br \/>\n Typ: 3VE630<br \/>\n Farbcode: orange<br \/>\n Hinweise: &#8211;<\/p>\n<p> Versand: Versand nur in der Schweiz m\u00f6glich.Im Ausland ist der Transport k\u00e4uferseits.<br \/>\n Garantie: 3 Monate Garantie. Bitte beachten Sie, dass die Gew\u00e4hrleistung nur g\u00fcltig ist, wenn der Ersatzteileinbau durch eine Fachwerkstatt\/Meisterwerkstatt erfolgt. Das Ein- und Ausbau des Ersatzteiles kann nicht an uns verrechnet werden. <\/p>\n<p> Ersatzteil: f\u00fcr andere Fahrzeugen (Marken) verf\u00fcgbar auf anfrage. Tel.041 980 27 47. Mobil. 076 589 27 47<\/p>\n<p> Kontakt<br \/>\n  Adresse: Autoverwertung Brun AG<br \/>\n           M\u00f6\u00f6slimatten 13<br \/>\n           6218 Ettiswil<br \/>\n  Telefon: 0041 (041) 980 27 47<br \/>\n  Telefax: 0041 (041) 980 03 47<\/p>\n<p> Wir bieten Ihnen weitere gebrauchte Autoteile zum Kauf an.<br \/>\n Tags: BLATTFEDER, LEAF SPRING, RESSORT \u00c0 LAMES<br \/>\n<\/span><\/p>\n","protected":false},"excerpt":{"rendered":"<p>Technische Daten Fahrzeug: VW Caddy Chassis Nr.: WV1ZZZ2KZKX062150 Baujahr: 2019 Kilometer: 73626 KM Leistung: 122 KW Hubraum: 1968 ccm Typ: 3VE630 Farbcode: orange Hinweise: &#8211; Versand: Versand nur in der Schweiz m\u00f6glich.Im Ausland ist der Transport k\u00e4uferseits. Garantie: 3 Monate Garantie. Bitte beachten Sie, dass die Gew\u00e4hrleistung nur g\u00fcltig ist, wenn der Ersatzteileinbau durch eine&hellip; <a class=\"more-link\" href=\"https:\/\/occasions-teile.ch\/en\/produkt\/vw-caddy-blattfeder-2\/\">Continue reading <span class=\"screen-reader-text\">VW Caddy  BLATTFEDER<\/span><\/a><\/p>\n","protected":false},"featured_media":309559,"template":"","meta":[],"product_brand":[],"product_cat":[1582,1628,1630,1632,544,541,951,23743,21458,1583,1584,955,953,547,1280,1283,1286,9335,9337,9338],"product_tag":[],"class_list":{"0":"post-309562","1":"product","2":"type-product","3":"status-publish","4":"has-post-thumbnail","6":"product_cat-de-blattfeder","7":"product_cat-de_caddy","8":"product_cat-en_caddy","9":"product_cat-fr_caddy","10":"product_cat-en-chassis-steering","11":"product_cat-de-fahrwerk-lenkung","12":"product_cat-de-federn","13":"product_cat-de-kasten-bmt-4motion-de_caddy-de_volkswagen-manufacturer-97","14":"product_cat-de-kasten-bmt-4motion-de_caddy-de_volkswagen-manufacturer-92","15":"product_cat-en-leaf-spring","16":"product_cat-fr-ressort-a-lames","17":"product_cat-fr-ressorts","18":"product_cat-en-springs","19":"product_cat-fr-train-de-roulement-direction","20":"product_cat-de_volkswagen","21":"product_cat-en_volkswagen","22":"product_cat-fr_volkswagen","23":"product_cat-de-wv1zzz2kzkx062150-200000261","24":"product_cat-en-wv1zzz2kzkx062150-200000261","25":"product_cat-fr-wv1zzz2kzkx062150-200000261","26":"product_shipping_class-tarif-1","27":"entry","29":"first","30":"instock","31":"taxable","32":"shipping-taxable","33":"purchasable","34":"product-type-simple"},"jetpack_sharing_enabled":true,"_links":{"self":[{"href":"https:\/\/occasions-teile.ch\/en\/wp-json\/wp\/v2\/product\/309562","targetHints":{"allow":["GET"]}}],"collection":[{"href":"https:\/\/occasions-teile.ch\/en\/wp-json\/wp\/v2\/product"}],"about":[{"href":"https:\/\/occasions-teile.ch\/en\/wp-json\/wp\/v2\/types\/product"}],"wp:featuredmedia":[{"embeddable":true,"href":"https:\/\/occasions-teile.ch\/en\/wp-json\/wp\/v2\/media\/309559"}],"wp:attachment":[{"href":"https:\/\/occasions-teile.ch\/en\/wp-json\/wp\/v2\/media?parent=309562"}],"wp:term":[{"taxonomy":"product_brand","embeddable":true,"href":"https:\/\/occasions-teile.ch\/en\/wp-json\/wp\/v2\/product_brand?post=309562"},{"taxonomy":"product_cat","embeddable":true,"href":"https:\/\/occasions-teile.ch\/en\/wp-json\/wp\/v2\/product_cat?post=309562"},{"taxonomy":"product_tag","embeddable":true,"href":"https:\/\/occasions-teile.ch\/en\/wp-json\/wp\/v2\/product_tag?post=309562"}],"curies":[{"name":"wp","href":"https:\/\/api.w.org\/{rel}","templated":true}]}}