{"id":309490,"date":"2024-05-02T01:54:35","date_gmt":"2024-05-02T01:54:35","guid":{"rendered":"https:\/\/occasions-teile.ch\/product\/renault-espace-kotfluegel-vorn\/"},"modified":"2024-05-29T23:11:49","modified_gmt":"2024-05-29T23:11:49","slug":"renault-espace-kotfluegel-vorn","status":"publish","type":"product","link":"https:\/\/occasions-teile.ch\/en\/produkt\/renault-espace-kotfluegel-vorn\/","title":{"rendered":"Renault Espace  Kotfl\u00fcgel vorn"},"content":{"rendered":"<p><span><b>Technische Daten<\/b><\/p>\n<p> Fahrzeug: Renault Espace<br \/>\n Chassis Nr.: VF1RFC00X55574203<br \/>\n Baujahr: 2016<br \/>\n Kilometer: 122000 KM<br \/>\n Leistung: 200 KW<br \/>\n Hubraum: 1618 ccm<br \/>\n Typ: 1RC231<br \/>\n Farbcode: grau<br \/>\n Hinweise: &#8211;<\/p>\n<p> Versand: Versand nur in der Schweiz m\u00f6glich.Im Ausland ist der Transport k\u00e4uferseits.<br \/>\n Garantie: 3 Monate Garantie. Bitte beachten Sie, dass die Gew\u00e4hrleistung nur g\u00fcltig ist, wenn der Ersatzteileinbau durch eine Fachwerkstatt\/Meisterwerkstatt erfolgt. Das Ein- und Ausbau des Ersatzteiles kann nicht an uns verrechnet werden. <\/p>\n<p> Ersatzteil: f\u00fcr andere Fahrzeugen (Marken) verf\u00fcgbar auf anfrage. Tel.041 980 27 47. Mobil. 076 589 27 47<\/p>\n<p> Kontakt<br \/>\n  Adresse: Autoverwertung Brun AG<br \/>\n           M\u00f6\u00f6slimatten 13<br \/>\n           6218 Ettiswil<br \/>\n  Telefon: 0041 (041) 980 27 47<br \/>\n  Telefax: 0041 (041) 980 03 47<\/p>\n<p> Wir bieten Ihnen weitere gebrauchte Autoteile zum Kauf an.<br \/>\n Tags: Kotfl\u00fcgel vorn, Mudguard fore, Ailes avant<br \/>\n<\/span><\/p>\n","protected":false},"excerpt":{"rendered":"<p>Technische Daten Fahrzeug: Renault Espace Chassis Nr.: VF1RFC00X55574203 Baujahr: 2016 Kilometer: 122000 KM Leistung: 200 KW Hubraum: 1618 ccm Typ: 1RC231 Farbcode: grau Hinweise: &#8211; Versand: Versand nur in der Schweiz m\u00f6glich.Im Ausland ist der Transport k\u00e4uferseits. Garantie: 3 Monate Garantie. Bitte beachten Sie, dass die Gew\u00e4hrleistung nur g\u00fcltig ist, wenn der Ersatzteileinbau durch eine&hellip; <a class=\"more-link\" href=\"https:\/\/occasions-teile.ch\/en\/produkt\/renault-espace-kotfluegel-vorn\/\">Continue reading <span class=\"screen-reader-text\">Renault Espace  Kotfl\u00fcgel vorn<\/span><\/a><\/p>\n","protected":false},"featured_media":309487,"template":"","meta":[],"product_brand":[],"product_cat":[21440,23914,982,983,515,518,3534,3535,3533,980,512,978,979,981,2433,2436,2439,9376,9372,9374],"product_tag":[],"class_list":{"0":"post-309490","1":"product","2":"type-product","3":"status-publish","4":"has-post-thumbnail","6":"product_cat-de-1-6-de_slug_renault_espace_66-de_renault-manufacturer-479","7":"product_cat-de-1-6-de_slug_renault_espace_66-de_renault-manufacturer-550","8":"product_cat-fr-aile","9":"product_cat-fr-ailes-avant","10":"product_cat-en-body-front","11":"product_cat-fr-carrosserie-front","12":"product_cat-en_slug_renault_espace_640","13":"product_cat-fr_slug_renault_espace_687","14":"product_cat-de_slug_renault_espace_66","15":"product_cat-en-fender","16":"product_cat-de-karosserie-front","17":"product_cat-de-kotfluegel","18":"product_cat-de-kotfluegel-vorn","19":"product_cat-en-mudguard-fore","20":"product_cat-de_renault","21":"product_cat-en_renault","22":"product_cat-fr_renault","23":"product_cat-fr-vf1rfc00x55574203-200000258","24":"product_cat-de-vf1rfc00x55574203-200000258","25":"product_cat-en-vf1rfc00x55574203-200000258","26":"product_shipping_class-tarif-2","27":"entry","29":"first","30":"instock","31":"taxable","32":"shipping-taxable","33":"purchasable","34":"product-type-simple"},"jetpack_sharing_enabled":true,"_links":{"self":[{"href":"https:\/\/occasions-teile.ch\/en\/wp-json\/wp\/v2\/product\/309490","targetHints":{"allow":["GET"]}}],"collection":[{"href":"https:\/\/occasions-teile.ch\/en\/wp-json\/wp\/v2\/product"}],"about":[{"href":"https:\/\/occasions-teile.ch\/en\/wp-json\/wp\/v2\/types\/product"}],"wp:featuredmedia":[{"embeddable":true,"href":"https:\/\/occasions-teile.ch\/en\/wp-json\/wp\/v2\/media\/309487"}],"wp:attachment":[{"href":"https:\/\/occasions-teile.ch\/en\/wp-json\/wp\/v2\/media?parent=309490"}],"wp:term":[{"taxonomy":"product_brand","embeddable":true,"href":"https:\/\/occasions-teile.ch\/en\/wp-json\/wp\/v2\/product_brand?post=309490"},{"taxonomy":"product_cat","embeddable":true,"href":"https:\/\/occasions-teile.ch\/en\/wp-json\/wp\/v2\/product_cat?post=309490"},{"taxonomy":"product_tag","embeddable":true,"href":"https:\/\/occasions-teile.ch\/en\/wp-json\/wp\/v2\/product_tag?post=309490"}],"curies":[{"name":"wp","href":"https:\/\/api.w.org\/{rel}","templated":true}]}}