{"id":309358,"date":"2024-05-01T23:53:02","date_gmt":"2024-05-01T23:53:02","guid":{"rendered":"https:\/\/occasions-teile.ch\/product\/vw-passat-antriebswelle-hinten-links\/"},"modified":"2024-05-28T14:18:16","modified_gmt":"2024-05-28T14:18:16","slug":"vw-passat-antriebswelle-hinten-links","status":"publish","type":"product","link":"https:\/\/occasions-teile.ch\/en\/produkt\/vw-passat-antriebswelle-hinten-links\/","title":{"rendered":"VW Passat  Antriebswelle hinten links"},"content":{"rendered":"<p><span><b>Technische Daten<\/b><\/p>\n<p> Fahrzeug: VW Passat<br \/>\n Chassis Nr.: WVWZZZ3CZKE200461<br \/>\n Baujahr: 2019<br \/>\n Kilometer: 164234 KM<br \/>\n Leistung: 190 KW<br \/>\n Hubraum: 1968 ccm<br \/>\n Typ: 1VJ334<br \/>\n Farbcode: silber<br \/>\n Hinweise: &#8211;<\/p>\n<p> Versand: Versand nur in der Schweiz m\u00f6glich.Im Ausland ist der Transport k\u00e4uferseits.<br \/>\n Garantie: 3 Monate Garantie. Bitte beachten Sie, dass die Gew\u00e4hrleistung nur g\u00fcltig ist, wenn der Ersatzteileinbau durch eine Fachwerkstatt\/Meisterwerkstatt erfolgt. Das Ein- und Ausbau des Ersatzteiles kann nicht an uns verrechnet werden. <\/p>\n<p> Ersatzteil: f\u00fcr andere Fahrzeugen (Marken) verf\u00fcgbar auf anfrage. Tel.041 980 27 47. Mobil. 076 589 27 47<\/p>\n<p> Kontakt<br \/>\n  Adresse: Autoverwertung Brun AG<br \/>\n           M\u00f6\u00f6slimatten 13<br \/>\n           6218 Ettiswil<br \/>\n  Telefon: 0041 (041) 980 27 47<br \/>\n  Telefax: 0041 (041) 980 03 47<\/p>\n<p> Wir bieten Ihnen weitere gebrauchte Autoteile zum Kauf an.<br \/>\n Tags: Antriebswelle hinten links, Drive shaft rear left , Arbre d&#8217;entrai^nement arrie`re gauche<br \/>\n<\/span><\/p>\n","protected":false},"excerpt":{"rendered":"<p>Technische Daten Fahrzeug: VW Passat Chassis Nr.: WVWZZZ3CZKE200461 Baujahr: 2019 Kilometer: 164234 KM Leistung: 190 KW Hubraum: 1968 ccm Typ: 1VJ334 Farbcode: silber Hinweise: &#8211; Versand: Versand nur in der Schweiz m\u00f6glich.Im Ausland ist der Transport k\u00e4uferseits. Garantie: 3 Monate Garantie. Bitte beachten Sie, dass die Gew\u00e4hrleistung nur g\u00fcltig ist, wenn der Ersatzteileinbau durch eine&hellip; <a class=\"more-link\" href=\"https:\/\/occasions-teile.ch\/en\/produkt\/vw-passat-antriebswelle-hinten-links\/\">Continue reading <span class=\"screen-reader-text\">VW Passat  Antriebswelle hinten links<\/span><\/a><\/p>\n","protected":false},"featured_media":309355,"template":"","meta":[],"product_brand":[],"product_cat":[1089,783,1091,787,21407,23765,1090,785,651,648,1299,1301,1303,654,1280,1283,1286,9423,9184,9422],"product_tag":[],"class_list":{"0":"post-309358","1":"product","2":"type-product","3":"status-publish","4":"has-post-thumbnail","6":"product_cat-de-antriebswelle-hinten-links","7":"product_cat-de-antriebswellen","8":"product_cat-fr-arbre-dentrainement-arriere-gauche","9":"product_cat-fr-arbres-de-transmission","10":"product_cat-de-b8-variant-de_passat-de_volkswagen-manufacturer-111","11":"product_cat-de-b8-variant-de_passat-de_volkswagen-manufacturer-136","12":"product_cat-en-drive-shaft-rear-left","13":"product_cat-en-drive-shafts","14":"product_cat-en-gearbox-drive","15":"product_cat-de-getriebe-antrieb","16":"product_cat-de_passat","17":"product_cat-en_passat","18":"product_cat-fr_passat","19":"product_cat-fr-transmission-entrainement","20":"product_cat-de_volkswagen","21":"product_cat-en_volkswagen","22":"product_cat-fr_volkswagen","23":"product_cat-fr-wvwzzz3czke200461-200000257","24":"product_cat-de-wvwzzz3czke200461-200000257","25":"product_cat-en-wvwzzz3czke200461-200000257","26":"product_shipping_class-tarif-1","27":"entry","29":"first","30":"instock","31":"taxable","32":"shipping-taxable","33":"purchasable","34":"product-type-simple"},"jetpack_sharing_enabled":true,"_links":{"self":[{"href":"https:\/\/occasions-teile.ch\/en\/wp-json\/wp\/v2\/product\/309358","targetHints":{"allow":["GET"]}}],"collection":[{"href":"https:\/\/occasions-teile.ch\/en\/wp-json\/wp\/v2\/product"}],"about":[{"href":"https:\/\/occasions-teile.ch\/en\/wp-json\/wp\/v2\/types\/product"}],"wp:featuredmedia":[{"embeddable":true,"href":"https:\/\/occasions-teile.ch\/en\/wp-json\/wp\/v2\/media\/309355"}],"wp:attachment":[{"href":"https:\/\/occasions-teile.ch\/en\/wp-json\/wp\/v2\/media?parent=309358"}],"wp:term":[{"taxonomy":"product_brand","embeddable":true,"href":"https:\/\/occasions-teile.ch\/en\/wp-json\/wp\/v2\/product_brand?post=309358"},{"taxonomy":"product_cat","embeddable":true,"href":"https:\/\/occasions-teile.ch\/en\/wp-json\/wp\/v2\/product_cat?post=309358"},{"taxonomy":"product_tag","embeddable":true,"href":"https:\/\/occasions-teile.ch\/en\/wp-json\/wp\/v2\/product_tag?post=309358"}],"curies":[{"name":"wp","href":"https:\/\/api.w.org\/{rel}","templated":true}]}}