{"id":308521,"date":"2024-05-01T08:14:18","date_gmt":"2024-05-01T08:14:18","guid":{"rendered":"https:\/\/occasions-teile.ch\/product\/audi-a3-klimakondensator-klimakuehler\/"},"modified":"2024-05-26T01:08:24","modified_gmt":"2024-05-26T01:08:24","slug":"audi-a3-klimakondensator-klimakuehler","status":"publish","type":"product","link":"https:\/\/occasions-teile.ch\/en\/produkt\/audi-a3-klimakondensator-klimakuehler\/","title":{"rendered":"Audi A3  Klimakondensator Klimak\u00fchler"},"content":{"rendered":"<p><span><b>Technische Daten<\/b><\/p>\n<p> Fahrzeug: Audi A3<br \/>\n Chassis Nr.: WAUZZZ8VXEA080987<br \/>\n Baujahr: 2013<br \/>\n Kilometer: 186916 KM<br \/>\n Leistung: 184 KW<br \/>\n Hubraum: 1967 ccm<br \/>\n Typ: X<br \/>\n Farbcode: White\/Weiss<br \/>\n Hinweise: &#8211;<\/p>\n<p> Versand: Versand nur in der Schweiz m\u00f6glich.Im Ausland ist der Transport k\u00e4uferseits.<br \/>\n Garantie: 3 Monate Garantie. Bitte beachten Sie, dass die Gew\u00e4hrleistung nur g\u00fcltig ist, wenn der Ersatzteileinbau durch eine Fachwerkstatt\/Meisterwerkstatt erfolgt. Das Ein- und Ausbau des Ersatzteiles kann nicht an uns verrechnet werden. <\/p>\n<p> Ersatzteil: f\u00fcr andere Fahrzeugen (Marken) verf\u00fcgbar auf anfrage. Tel.041 980 27 47. Mobil. 076 589 27 47<\/p>\n<p> Kontakt<br \/>\n  Adresse: Autoverwertung Brun AG<br \/>\n           M\u00f6\u00f6slimatten 13<br \/>\n           6218 Ettiswil<br \/>\n  Telefon: 0041 (041) 980 27 47<br \/>\n  Telefax: 0041 (041) 980 03 47<\/p>\n<p> Wir bieten Ihnen weitere gebrauchte Autoteile zum Kauf an.<br \/>\n Tags: Klimakondensator Klimak\u00fchler , Air conditioning condenser air conditioning cooler,  Refroidisseur de climatisation \u00e0 condensateur de climatisation<br \/>\n<\/span><\/p>\n","protected":false},"excerpt":{"rendered":"<p>Technische Daten Fahrzeug: Audi A3 Chassis Nr.: WAUZZZ8VXEA080987 Baujahr: 2013 Kilometer: 186916 KM Leistung: 184 KW Hubraum: 1967 ccm Typ: X Farbcode: White\/Weiss Hinweise: &#8211; Versand: Versand nur in der Schweiz m\u00f6glich.Im Ausland ist der Transport k\u00e4uferseits. Garantie: 3 Monate Garantie. Bitte beachten Sie, dass die Gew\u00e4hrleistung nur g\u00fcltig ist, wenn der Ersatzteileinbau durch eine&hellip; <a class=\"more-link\" href=\"https:\/\/occasions-teile.ch\/en\/produkt\/audi-a3-klimakondensator-klimakuehler\/\">Continue reading <span class=\"screen-reader-text\">Audi A3  Klimakondensator Klimak\u00fchler<\/span><\/a><\/p>\n","protected":false},"featured_media":308518,"template":"","meta":[],"product_brand":[],"product_cat":[21200,23637,2139,2141,2143,458,461,464,717,1041,1040,1043,1042,714,711,1039,1038,7694,7691,7693],"product_tag":[],"class_list":{"0":"post-308521","1":"product","2":"type-product","3":"status-publish","4":"has-post-thumbnail","6":"product_cat-de-2-0-sportback-quattro-de_a3-de_audi-manufacturer-88","7":"product_cat-de-2-0-sportback-quattro-de_a3-de_audi-manufacturer-91","8":"product_cat-de_a3","9":"product_cat-en_a3","10":"product_cat-fr_a3","11":"product_cat-de_audi","12":"product_cat-en_audi","13":"product_cat-fr_audi","14":"product_cat-fr-chauffage-climatisation","15":"product_cat-en-condenser-climate","16":"product_cat-en-condenserclimate","17":"product_cat-fr-condenseur-climatisation","18":"product_cat-fr-condenseurclimatisation","19":"product_cat-en-heating-air-conditioning","20":"product_cat-de-heizung-klima","21":"product_cat-de-kondensator-klima-klimakuehler","22":"product_cat-de-kondensatorklima","23":"product_cat-fr-wauzzz8vxea080987-200000225","24":"product_cat-de-wauzzz8vxea080987-200000225","25":"product_cat-en-wauzzz8vxea080987-200000225","26":"product_shipping_class-tarif-1","27":"entry","29":"first","30":"instock","31":"taxable","32":"shipping-taxable","33":"purchasable","34":"product-type-simple"},"jetpack_sharing_enabled":true,"_links":{"self":[{"href":"https:\/\/occasions-teile.ch\/en\/wp-json\/wp\/v2\/product\/308521","targetHints":{"allow":["GET"]}}],"collection":[{"href":"https:\/\/occasions-teile.ch\/en\/wp-json\/wp\/v2\/product"}],"about":[{"href":"https:\/\/occasions-teile.ch\/en\/wp-json\/wp\/v2\/types\/product"}],"wp:featuredmedia":[{"embeddable":true,"href":"https:\/\/occasions-teile.ch\/en\/wp-json\/wp\/v2\/media\/308518"}],"wp:attachment":[{"href":"https:\/\/occasions-teile.ch\/en\/wp-json\/wp\/v2\/media?parent=308521"}],"wp:term":[{"taxonomy":"product_brand","embeddable":true,"href":"https:\/\/occasions-teile.ch\/en\/wp-json\/wp\/v2\/product_brand?post=308521"},{"taxonomy":"product_cat","embeddable":true,"href":"https:\/\/occasions-teile.ch\/en\/wp-json\/wp\/v2\/product_cat?post=308521"},{"taxonomy":"product_tag","embeddable":true,"href":"https:\/\/occasions-teile.ch\/en\/wp-json\/wp\/v2\/product_tag?post=308521"}],"curies":[{"name":"wp","href":"https:\/\/api.w.org\/{rel}","templated":true}]}}