{"id":308280,"date":"2024-04-30T14:51:51","date_gmt":"2024-04-30T14:51:51","guid":{"rendered":"https:\/\/occasions-teile.ch\/product\/maserati-ghibli-motorbock-motorhalter\/"},"modified":"2024-05-29T05:13:15","modified_gmt":"2024-05-29T05:13:15","slug":"maserati-ghibli-motorbock-motorhalter","status":"publish","type":"product","link":"https:\/\/occasions-teile.ch\/en\/produkt\/maserati-ghibli-motorbock-motorhalter\/","title":{"rendered":"Maserati Ghibli  Motorbock Motorhalter"},"content":{"rendered":"<p><span><b>Technische Daten<\/b><\/p>\n<p> Fahrzeug: Maserati Ghibli<br \/>\n Chassis Nr.: ZAMRT57B001101163<br \/>\n Baujahr: 2014<br \/>\n Kilometer: 140976 KM<br \/>\n Leistung: 410 KW<br \/>\n Hubraum: 2979 ccm<br \/>\n Typ: 1MA154<br \/>\n Farbcode: Black<br \/>\n Hinweise: &#8211;<\/p>\n<p> Versand: Versand nur in der Schweiz m\u00f6glich.Im Ausland ist der Transport k\u00e4uferseits.<br \/>\n Garantie: 3 Monate Garantie. Bitte beachten Sie, dass die Gew\u00e4hrleistung nur g\u00fcltig ist, wenn der Ersatzteileinbau durch eine Fachwerkstatt\/Meisterwerkstatt erfolgt. Das Ein- und Ausbau des Ersatzteiles kann nicht an uns verrechnet werden. <\/p>\n<p> Ersatzteil: f\u00fcr andere Fahrzeugen (Marken) verf\u00fcgbar auf anfrage. Tel.041 980 27 47. Mobil. 076 589 27 47<\/p>\n<p> Kontakt<br \/>\n  Adresse: Autoverwertung Brun AG<br \/>\n           M\u00f6\u00f6slimatten 13<br \/>\n           6218 Ettiswil<br \/>\n  Telefon: 0041 (041) 980 27 47<br \/>\n  Telefax: 0041 (041) 980 03 47<\/p>\n<p> Wir bieten Ihnen weitere gebrauchte Autoteile zum Kauf an.<br \/>\n Tags: Motorbock Motorhalter, Engine mount\/motor holder, Support de moteur moteur Gates<br \/>\n<\/span><\/p>\n","protected":false},"excerpt":{"rendered":"<p>Technische Daten Fahrzeug: Maserati Ghibli Chassis Nr.: ZAMRT57B001101163 Baujahr: 2014 Kilometer: 140976 KM Leistung: 410 KW Hubraum: 2979 ccm Typ: 1MA154 Farbcode: Black Hinweise: &#8211; Versand: Versand nur in der Schweiz m\u00f6glich.Im Ausland ist der Transport k\u00e4uferseits. Garantie: 3 Monate Garantie. Bitte beachten Sie, dass die Gew\u00e4hrleistung nur g\u00fcltig ist, wenn der Ersatzteileinbau durch eine&hellip; <a class=\"more-link\" href=\"https:\/\/occasions-teile.ch\/en\/produkt\/maserati-ghibli-motorbock-motorhalter\/\">Continue reading <span class=\"screen-reader-text\">Maserati Ghibli  Motorbock Motorhalter<\/span><\/a><\/p>\n","protected":false},"featured_media":308277,"template":"","meta":[],"product_brand":[],"product_cat":[1363,1364,1719,1725,1722,1724,1721,1718,500,494,497,1361,1362,21091,23813,1365,1366,1720,1717,1723],"product_tag":[],"class_list":{"0":"post-308280","1":"product","2":"type-product","3":"status-publish","4":"has-post-thumbnail","6":"product_cat-en-engine-mount-motor-holder","7":"product_cat-en-engine-mount-motor-holder-en-engine-mount-motor-holder","8":"product_cat-de_ghibli","9":"product_cat-fr_ghibli","10":"product_cat-en_ghibli","11":"product_cat-fr_maserati","12":"product_cat-en_maserati","13":"product_cat-de_maserati","14":"product_cat-fr-moteur","15":"product_cat-de-motor","16":"product_cat-en-motor","17":"product_cat-de-motorbock-motorhalter","18":"product_cat-de-motorbock-motorhalter-de-motorbock-motorhalter","19":"product_cat-de-s-q4-de_ghibli-de_maserati-manufacturer-28","20":"product_cat-de-s-q4-de_ghibli-de_maserati-manufacturer-30","21":"product_cat-fr-support-de-moteur-moteur-gates","22":"product_cat-fr-support-de-moteur-moteur-gates-fr-support-de-moteur-moteur-gates","23":"product_cat-en-zamrt57b001101163","24":"product_cat-de-zamrt57b001101163","25":"product_cat-fr-zamrt57b001101163","26":"product_shipping_class-tarif-1","27":"entry","29":"first","30":"instock","31":"taxable","32":"shipping-taxable","33":"purchasable","34":"product-type-simple"},"jetpack_sharing_enabled":true,"_links":{"self":[{"href":"https:\/\/occasions-teile.ch\/en\/wp-json\/wp\/v2\/product\/308280","targetHints":{"allow":["GET"]}}],"collection":[{"href":"https:\/\/occasions-teile.ch\/en\/wp-json\/wp\/v2\/product"}],"about":[{"href":"https:\/\/occasions-teile.ch\/en\/wp-json\/wp\/v2\/types\/product"}],"wp:featuredmedia":[{"embeddable":true,"href":"https:\/\/occasions-teile.ch\/en\/wp-json\/wp\/v2\/media\/308277"}],"wp:attachment":[{"href":"https:\/\/occasions-teile.ch\/en\/wp-json\/wp\/v2\/media?parent=308280"}],"wp:term":[{"taxonomy":"product_brand","embeddable":true,"href":"https:\/\/occasions-teile.ch\/en\/wp-json\/wp\/v2\/product_brand?post=308280"},{"taxonomy":"product_cat","embeddable":true,"href":"https:\/\/occasions-teile.ch\/en\/wp-json\/wp\/v2\/product_cat?post=308280"},{"taxonomy":"product_tag","embeddable":true,"href":"https:\/\/occasions-teile.ch\/en\/wp-json\/wp\/v2\/product_tag?post=308280"}],"curies":[{"name":"wp","href":"https:\/\/api.w.org\/{rel}","templated":true}]}}