{"id":308166,"date":"2024-04-30T12:54:23","date_gmt":"2024-04-30T12:54:23","guid":{"rendered":"https:\/\/occasions-teile.ch\/product\/mini-mini-stossfaenger-stossstange-vorne\/"},"modified":"2024-05-28T10:12:48","modified_gmt":"2024-05-28T10:12:48","slug":"mini-mini-stossfaenger-stossstange-vorne","status":"publish","type":"product","link":"https:\/\/occasions-teile.ch\/en\/produkt\/mini-mini-stossfaenger-stossstange-vorne\/","title":{"rendered":"Mini Mini  Stossf\u00e4nger Stossstange vorne"},"content":{"rendered":"<p><span><b>Technische Daten<\/b><\/p>\n<p> Fahrzeug: Mini Mini<br \/>\n Chassis Nr.: WMWME31060TU16245<br \/>\n Baujahr: 2008<br \/>\n Kilometer: 130864 KM<br \/>\n Leistung: 95 KW<br \/>\n Hubraum: 1397 ccm<br \/>\n Typ: 1MN439<br \/>\n Farbcode: Black<br \/>\n Hinweise: &#8211;<\/p>\n<p> Versand: Versand nur in der Schweiz m\u00f6glich.Im Ausland ist der Transport k\u00e4uferseits.<br \/>\n Garantie: 3 Monate Garantie. Bitte beachten Sie, dass die Gew\u00e4hrleistung nur g\u00fcltig ist, wenn der Ersatzteileinbau durch eine Fachwerkstatt\/Meisterwerkstatt erfolgt. Das Ein- und Ausbau des Ersatzteiles kann nicht an uns verrechnet werden. <\/p>\n<p> Ersatzteil: f\u00fcr andere Fahrzeugen (Marken) verf\u00fcgbar auf anfrage. Tel.041 980 27 47. Mobil. 076 589 27 47<\/p>\n<p> Kontakt<br \/>\n  Adresse: Autoverwertung Brun AG<br \/>\n           M\u00f6\u00f6slimatten 13<br \/>\n           6218 Ettiswil<br \/>\n  Telefon: 0041 (041) 980 27 47<br \/>\n  Telefax: 0041 (041) 980 03 47<\/p>\n<p> Wir bieten Ihnen weitere gebrauchte Autoteile zum Kauf an.<br \/>\n Tags: Stossf\u00e4nger Stossstange vorne, Bumper front, Pare-chocs avant<br \/>\n<\/span><\/p>\n","protected":false},"excerpt":{"rendered":"<p>Technische Daten Fahrzeug: Mini Mini Chassis Nr.: WMWME31060TU16245 Baujahr: 2008 Kilometer: 130864 KM Leistung: 95 KW Hubraum: 1397 ccm Typ: 1MN439 Farbcode: Black Hinweise: &#8211; Versand: Versand nur in der Schweiz m\u00f6glich.Im Ausland ist der Transport k\u00e4uferseits. Garantie: 3 Monate Garantie. Bitte beachten Sie, dass die Gew\u00e4hrleistung nur g\u00fcltig ist, wenn der Ersatzteileinbau durch eine&hellip; <a class=\"more-link\" href=\"https:\/\/occasions-teile.ch\/en\/produkt\/mini-mini-stossfaenger-stossstange-vorne\/\">Continue reading <span class=\"screen-reader-text\">Mini Mini  Stossf\u00e4nger Stossstange vorne<\/span><\/a><\/p>\n","protected":false},"featured_media":308163,"template":"","meta":[],"product_brand":[],"product_cat":[512,2221,2220,21061,23758,1397,1026,2219],"product_tag":[],"class_list":{"0":"post-308166","1":"product","2":"type-product","3":"status-publish","4":"has-post-thumbnail","6":"product_cat-de-karosserie-front","7":"product_cat-de_mini-de_mini","8":"product_cat-de_mini","9":"product_cat-de-one-r56-de_mini-de_mini-de_mini-manufacturer-20","10":"product_cat-de-one-r56-de_mini-de_mini-de_mini-manufacturer-22","11":"product_cat-de-stossfaenger-stossstange-vorne","12":"product_cat-de-stossfaengervornteile","13":"product_cat-de-wmwme31060tu16245-20000190","14":"product_shipping_class-tarif-3","15":"entry","17":"first","18":"instock","19":"taxable","20":"shipping-taxable","21":"purchasable","22":"product-type-simple"},"jetpack_sharing_enabled":true,"_links":{"self":[{"href":"https:\/\/occasions-teile.ch\/en\/wp-json\/wp\/v2\/product\/308166","targetHints":{"allow":["GET"]}}],"collection":[{"href":"https:\/\/occasions-teile.ch\/en\/wp-json\/wp\/v2\/product"}],"about":[{"href":"https:\/\/occasions-teile.ch\/en\/wp-json\/wp\/v2\/types\/product"}],"wp:featuredmedia":[{"embeddable":true,"href":"https:\/\/occasions-teile.ch\/en\/wp-json\/wp\/v2\/media\/308163"}],"wp:attachment":[{"href":"https:\/\/occasions-teile.ch\/en\/wp-json\/wp\/v2\/media?parent=308166"}],"wp:term":[{"taxonomy":"product_brand","embeddable":true,"href":"https:\/\/occasions-teile.ch\/en\/wp-json\/wp\/v2\/product_brand?post=308166"},{"taxonomy":"product_cat","embeddable":true,"href":"https:\/\/occasions-teile.ch\/en\/wp-json\/wp\/v2\/product_cat?post=308166"},{"taxonomy":"product_tag","embeddable":true,"href":"https:\/\/occasions-teile.ch\/en\/wp-json\/wp\/v2\/product_tag?post=308166"}],"curies":[{"name":"wp","href":"https:\/\/api.w.org\/{rel}","templated":true}]}}