{"id":308158,"date":"2024-04-30T12:46:52","date_gmt":"2024-04-30T12:46:52","guid":{"rendered":"https:\/\/occasions-teile.ch\/product\/vw-passat-katalysator-3\/"},"modified":"2024-10-13T17:57:18","modified_gmt":"2024-10-13T17:57:18","slug":"vw-passat-katalysator-3","status":"publish","type":"product","link":"https:\/\/occasions-teile.ch\/en\/produkt\/vw-passat-katalysator-3\/","title":{"rendered":"VW Passat  Katalysator"},"content":{"rendered":"<p><span><b>Technische Daten<\/b><\/p>\n<p> Fahrzeug: VW Passat<br \/>\n Chassis Nr.: wvwzzz3czbe385224<br \/>\n Baujahr: 2011<br \/>\n Kilometer: 323165 KM<br \/>\n Leistung: 140 KW<br \/>\n Hubraum: 1968 ccm<br \/>\n Typ: xxxx<br \/>\n Farbcode: &#8211;<br \/>\n Hinweise: &#8211;<\/p>\n<p> Versand: Versand nur in der Schweiz m\u00f6glich.Im Ausland ist der Transport k\u00e4uferseits.<br \/>\n Garantie: 3 Monate Garantie. Bitte beachten Sie, dass die Gew\u00e4hrleistung nur g\u00fcltig ist, wenn der Ersatzteileinbau durch eine Fachwerkstatt\/Meisterwerkstatt erfolgt. Das Ein- und Ausbau des Ersatzteiles kann nicht an uns verrechnet werden. <\/p>\n<p> Ersatzteil: f\u00fcr andere Fahrzeugen (Marken) verf\u00fcgbar auf anfrage. Tel.041 980 27 47. Mobil. 076 589 27 47<\/p>\n<p> Kontakt<br \/>\n  Adresse: Autoverwertung Brun AG<br \/>\n           M\u00f6\u00f6slimatten 13<br \/>\n           6218 Ettiswil<br \/>\n  Telefon: 0041 (041) 980 27 47<br \/>\n  Telefax: 0041 (041) 980 03 47<\/p>\n<p> Wir bieten Ihnen weitere gebrauchte Autoteile zum Kauf an.<br \/>\n Tags: Katalysator , Catalyst, Catalyseur<br \/>\n<\/span><\/p>\n","protected":false},"excerpt":{"rendered":"<p>Technische Daten Fahrzeug: VW Passat Chassis Nr.: wvwzzz3czbe385224 Baujahr: 2011 Kilometer: 323165 KM Leistung: 140 KW Hubraum: 1968 ccm Typ: xxxx Farbcode: &#8211; Hinweise: &#8211; Versand: Versand nur in der Schweiz m\u00f6glich.Im Ausland ist der Transport k\u00e4uferseits. Garantie: 3 Monate Garantie. Bitte beachten Sie, dass die Gew\u00e4hrleistung nur g\u00fcltig ist, wenn der Ersatzteileinbau durch eine&hellip; <a class=\"more-link\" href=\"https:\/\/occasions-teile.ch\/en\/produkt\/vw-passat-katalysator-3\/\">Continue reading <span class=\"screen-reader-text\">VW Passat  Katalysator<\/span><\/a><\/p>\n","protected":false},"featured_media":308155,"template":"","meta":[],"product_brand":[],"product_cat":[21059,23644,642,643,597,1299,23536,1280,1298],"product_tag":[],"class_list":{"0":"post-308158","1":"product","2":"type-product","3":"status-publish","4":"has-post-thumbnail","6":"product_cat-de-2-0tdi-de_passat-de_volkswagen-manufacturer-29","7":"product_cat-de-b7-variant-2-0tdi-de_passat-de_volkswagen-manufacturer-26","8":"product_cat-de-katalysator-partikelfilter","9":"product_cat-de-katalysator-partikelfilter-de-katalysator-partikelfilter","10":"product_cat-de-abgasanlage","11":"product_cat-de_passat","12":"product_cat-de-passat-2-0tdi-de_passat","13":"product_cat-de_volkswagen","14":"product_cat-de-wvwzzz3czbe385224","15":"product_shipping_class-tarif-1","16":"entry","18":"first","19":"instock","20":"taxable","21":"shipping-taxable","22":"purchasable","23":"product-type-simple"},"jetpack_sharing_enabled":true,"_links":{"self":[{"href":"https:\/\/occasions-teile.ch\/en\/wp-json\/wp\/v2\/product\/308158","targetHints":{"allow":["GET"]}}],"collection":[{"href":"https:\/\/occasions-teile.ch\/en\/wp-json\/wp\/v2\/product"}],"about":[{"href":"https:\/\/occasions-teile.ch\/en\/wp-json\/wp\/v2\/types\/product"}],"wp:featuredmedia":[{"embeddable":true,"href":"https:\/\/occasions-teile.ch\/en\/wp-json\/wp\/v2\/media\/308155"}],"wp:attachment":[{"href":"https:\/\/occasions-teile.ch\/en\/wp-json\/wp\/v2\/media?parent=308158"}],"wp:term":[{"taxonomy":"product_brand","embeddable":true,"href":"https:\/\/occasions-teile.ch\/en\/wp-json\/wp\/v2\/product_brand?post=308158"},{"taxonomy":"product_cat","embeddable":true,"href":"https:\/\/occasions-teile.ch\/en\/wp-json\/wp\/v2\/product_cat?post=308158"},{"taxonomy":"product_tag","embeddable":true,"href":"https:\/\/occasions-teile.ch\/en\/wp-json\/wp\/v2\/product_tag?post=308158"}],"curies":[{"name":"wp","href":"https:\/\/api.w.org\/{rel}","templated":true}]}}