{"id":306359,"date":"2024-04-29T08:05:57","date_gmt":"2024-04-29T08:05:57","guid":{"rendered":"https:\/\/occasions-teile.ch\/product\/toyota-yaris-bremszange-bremssattel-vorne-4\/"},"modified":"2024-05-28T17:13:55","modified_gmt":"2024-05-28T17:13:55","slug":"toyota-yaris-bremszange-bremssattel-vorne-4","status":"publish","type":"product","link":"https:\/\/occasions-teile.ch\/en\/produkt\/toyota-yaris-bremszange-bremssattel-vorne-4\/","title":{"rendered":"Toyota Yaris  Bremszange Bremssattel vorne"},"content":{"rendered":"<p><span><b>Technische Daten<\/b><\/p>\n<p> Fahrzeug: Toyota Yaris<br \/>\n Chassis Nr.: VNKKG3D300A142232<br \/>\n Baujahr: 2019<br \/>\n Kilometer: 83454 KM<br \/>\n Leistung: 111 KW<br \/>\n Hubraum: 1496 ccm<br \/>\n Typ: X<br \/>\n Farbcode: White\/Weiss<br \/>\n Hinweise: &#8211;<\/p>\n<p> Versand: Versand nur in der Schweiz m\u00f6glich.Im Ausland ist der Transport k\u00e4uferseits.<br \/>\n Garantie: 3 Monate Garantie. Bitte beachten Sie, dass die Gew\u00e4hrleistung nur g\u00fcltig ist, wenn der Ersatzteileinbau durch eine Fachwerkstatt\/Meisterwerkstatt erfolgt. Das Ein- und Ausbau des Ersatzteiles kann nicht an uns verrechnet werden. <\/p>\n<p> Ersatzteil: f\u00fcr andere Fahrzeugen (Marken) verf\u00fcgbar auf anfrage. Tel.041 980 27 47. Mobil. 076 589 27 47<\/p>\n<p> Kontakt<br \/>\n  Adresse: Autoverwertung Brun AG<br \/>\n           M\u00f6\u00f6slimatten 13<br \/>\n           6218 Ettiswil<br \/>\n  Telefon: 0041 (041) 980 27 47<br \/>\n  Telefax: 0041 (041) 980 03 47<\/p>\n<p> Wir bieten Ihnen weitere gebrauchte Autoteile zum Kauf an.<br \/>\n Tags: Bremszange Bremssattel vorne, Brake caliper front, E\u00b4trier de frein avant<br \/>\n<\/span><\/p>\n","protected":false},"excerpt":{"rendered":"<p>Technische Daten Fahrzeug: Toyota Yaris Chassis Nr.: VNKKG3D300A142232 Baujahr: 2019 Kilometer: 83454 KM Leistung: 111 KW Hubraum: 1496 ccm Typ: X Farbcode: White\/Weiss Hinweise: &#8211; Versand: Versand nur in der Schweiz m\u00f6glich.Im Ausland ist der Transport k\u00e4uferseits. Garantie: 3 Monate Garantie. Bitte beachten Sie, dass die Gew\u00e4hrleistung nur g\u00fcltig ist, wenn der Ersatzteileinbau durch eine&hellip; <a class=\"more-link\" href=\"https:\/\/occasions-teile.ch\/en\/produkt\/toyota-yaris-bremszange-bremssattel-vorne-4\/\">Continue reading <span class=\"screen-reader-text\">Toyota Yaris  Bremszange Bremssattel vorne<\/span><\/a><\/p>\n","protected":false},"featured_media":306356,"template":"","meta":[],"product_brand":[],"product_cat":[20606,23697,780,779,533,530,777,778,781,782,536,1332,1329,1335,1328,1334,1331,1333,1330,1336],"product_tag":[],"class_list":{"0":"post-306359","1":"product","2":"type-product","3":"status-publish","4":"has-post-thumbnail","6":"product_cat-de-1-5-de_yaris-de_toyota-manufacturer-23","7":"product_cat-de-1-5-hybrid-de_yaris-de_toyota-manufacturer-47","8":"product_cat-en-brake-caliper-front","9":"product_cat-en-brake-calipercarrier","10":"product_cat-en-brake-brake-system","11":"product_cat-de-bremse-bremsanlage","12":"product_cat-de-bremssatteltraeger","13":"product_cat-de-bremszange-bremssattel-vorne","14":"product_cat-fr-etrier-de-frein-support","15":"product_cat-fr-etrier-de-frein-avant","16":"product_cat-fr-frein-systeme-de-freinage","17":"product_cat-en_toyota","18":"product_cat-de_toyota","19":"product_cat-fr_toyota","20":"product_cat-de-vnkkg3d300a142232","21":"product_cat-fr-vnkkg3d300a142232","22":"product_cat-en-vnkkg3d300a142232","23":"product_cat-en_yaris","24":"product_cat-de_yaris","25":"product_cat-fr_yaris","26":"product_shipping_class-tarif-1","27":"entry","29":"first","30":"instock","31":"taxable","32":"shipping-taxable","33":"purchasable","34":"product-type-simple"},"jetpack_sharing_enabled":true,"_links":{"self":[{"href":"https:\/\/occasions-teile.ch\/en\/wp-json\/wp\/v2\/product\/306359","targetHints":{"allow":["GET"]}}],"collection":[{"href":"https:\/\/occasions-teile.ch\/en\/wp-json\/wp\/v2\/product"}],"about":[{"href":"https:\/\/occasions-teile.ch\/en\/wp-json\/wp\/v2\/types\/product"}],"wp:featuredmedia":[{"embeddable":true,"href":"https:\/\/occasions-teile.ch\/en\/wp-json\/wp\/v2\/media\/306356"}],"wp:attachment":[{"href":"https:\/\/occasions-teile.ch\/en\/wp-json\/wp\/v2\/media?parent=306359"}],"wp:term":[{"taxonomy":"product_brand","embeddable":true,"href":"https:\/\/occasions-teile.ch\/en\/wp-json\/wp\/v2\/product_brand?post=306359"},{"taxonomy":"product_cat","embeddable":true,"href":"https:\/\/occasions-teile.ch\/en\/wp-json\/wp\/v2\/product_cat?post=306359"},{"taxonomy":"product_tag","embeddable":true,"href":"https:\/\/occasions-teile.ch\/en\/wp-json\/wp\/v2\/product_tag?post=306359"}],"curies":[{"name":"wp","href":"https:\/\/api.w.org\/{rel}","templated":true}]}}