{"id":306204,"date":"2024-04-29T05:37:33","date_gmt":"2024-04-29T05:37:33","guid":{"rendered":"https:\/\/occasions-teile.ch\/product\/jeep-compass-querlenker-hinten-rechts-3\/"},"modified":"2024-05-27T04:18:23","modified_gmt":"2024-05-27T04:18:23","slug":"jeep-compass-querlenker-hinten-rechts-3","status":"publish","type":"product","link":"https:\/\/occasions-teile.ch\/en\/produkt\/jeep-compass-querlenker-hinten-rechts-3\/","title":{"rendered":"Jeep Compass  Querlenker hinten rechts"},"content":{"rendered":"<p><span><b>Technische Daten<\/b><\/p>\n<p> Fahrzeug: Jeep Compass<br \/>\n Chassis Nr.: 3C4NJDCH7KT588738<br \/>\n Baujahr: 2019<br \/>\n Kilometer: 65603 KM<br \/>\n Leistung: 170 KW<br \/>\n Hubraum: 1368 ccm<br \/>\n Typ: 1JB362<br \/>\n Farbcode: grau<br \/>\n Hinweise: &#8211;<\/p>\n<p> Versand: Versand nur in der Schweiz m\u00f6glich.Im Ausland ist der Transport k\u00e4uferseits.<br \/>\n Garantie: 3 Monate Garantie. Bitte beachten Sie, dass die Gew\u00e4hrleistung nur g\u00fcltig ist, wenn der Ersatzteileinbau durch eine Fachwerkstatt\/Meisterwerkstatt erfolgt. Das Ein- und Ausbau des Ersatzteiles kann nicht an uns verrechnet werden. <\/p>\n<p> Ersatzteil: f\u00fcr andere Fahrzeugen (Marken) verf\u00fcgbar auf anfrage. Tel.041 980 27 47. Mobil. 076 589 27 47<\/p>\n<p> Kontakt<br \/>\n  Adresse: Autoverwertung Brun AG<br \/>\n           M\u00f6\u00f6slimatten 13<br \/>\n           6218 Ettiswil<br \/>\n  Telefon: 0041 (041) 980 27 47<br \/>\n  Telefax: 0041 (041) 980 03 47<\/p>\n<p> Wir bieten Ihnen weitere gebrauchte Autoteile zum Kauf an.<br \/>\n Tags: Querlenker hinten rechts, Wishbone front right , Bras de suspension arrie`re droit<br \/>\n<\/span><\/p>\n","protected":false},"excerpt":{"rendered":"<p>Technische Daten Fahrzeug: Jeep Compass Chassis Nr.: 3C4NJDCH7KT588738 Baujahr: 2019 Kilometer: 65603 KM Leistung: 170 KW Hubraum: 1368 ccm Typ: 1JB362 Farbcode: grau Hinweise: &#8211; Versand: Versand nur in der Schweiz m\u00f6glich.Im Ausland ist der Transport k\u00e4uferseits. Garantie: 3 Monate Garantie. Bitte beachten Sie, dass die Gew\u00e4hrleistung nur g\u00fcltig ist, wenn der Ersatzteileinbau durch eine&hellip; <a class=\"more-link\" href=\"https:\/\/occasions-teile.ch\/en\/produkt\/jeep-compass-querlenker-hinten-rechts-3\/\">Continue reading <span class=\"screen-reader-text\">Jeep Compass  Querlenker hinten rechts<\/span><\/a><\/p>\n","protected":false},"featured_media":306201,"template":"","meta":[],"product_brand":[],"product_cat":[20569,23674,8012,2301,541,2202,789,1099],"product_tag":[],"class_list":{"0":"post-306204","1":"product","2":"type-product","3":"status-publish","4":"has-post-thumbnail","6":"product_cat-de-1-4-multiair-de_compass-de_jeep-manufacturer-126","7":"product_cat-de-1-4-multiair-de_compass-de_jeep-manufacturer-134","8":"product_cat-de-3c4njdch7kt588738-200000248","9":"product_cat-de_compass","10":"product_cat-de-fahrwerk-lenkung","11":"product_cat-de_jeep","12":"product_cat-de-querlenker","13":"product_cat-de-querlenker-hinten-rechts","14":"product_shipping_class-tarif-1","15":"entry","17":"first","18":"instock","19":"taxable","20":"shipping-taxable","21":"purchasable","22":"product-type-simple"},"jetpack_sharing_enabled":true,"_links":{"self":[{"href":"https:\/\/occasions-teile.ch\/en\/wp-json\/wp\/v2\/product\/306204","targetHints":{"allow":["GET"]}}],"collection":[{"href":"https:\/\/occasions-teile.ch\/en\/wp-json\/wp\/v2\/product"}],"about":[{"href":"https:\/\/occasions-teile.ch\/en\/wp-json\/wp\/v2\/types\/product"}],"wp:featuredmedia":[{"embeddable":true,"href":"https:\/\/occasions-teile.ch\/en\/wp-json\/wp\/v2\/media\/306201"}],"wp:attachment":[{"href":"https:\/\/occasions-teile.ch\/en\/wp-json\/wp\/v2\/media?parent=306204"}],"wp:term":[{"taxonomy":"product_brand","embeddable":true,"href":"https:\/\/occasions-teile.ch\/en\/wp-json\/wp\/v2\/product_brand?post=306204"},{"taxonomy":"product_cat","embeddable":true,"href":"https:\/\/occasions-teile.ch\/en\/wp-json\/wp\/v2\/product_cat?post=306204"},{"taxonomy":"product_tag","embeddable":true,"href":"https:\/\/occasions-teile.ch\/en\/wp-json\/wp\/v2\/product_tag?post=306204"}],"curies":[{"name":"wp","href":"https:\/\/api.w.org\/{rel}","templated":true}]}}