{"id":306124,"date":"2024-04-29T03:06:53","date_gmt":"2024-04-29T03:06:53","guid":{"rendered":"https:\/\/occasions-teile.ch\/product\/seat-leon-federn-hinten\/"},"modified":"2024-05-27T03:08:57","modified_gmt":"2024-05-27T03:08:57","slug":"seat-leon-federn-hinten","status":"publish","type":"product","link":"https:\/\/occasions-teile.ch\/en\/produkt\/seat-leon-federn-hinten\/","title":{"rendered":"SEAT Leon  Federn hinten"},"content":{"rendered":"<p><span><b>Technische Daten<\/b><\/p>\n<p> Fahrzeug: SEAT Leon<br \/>\n Chassis Nr.: VSSZZZ5FZLR092585<br \/>\n Baujahr: 2020<br \/>\n Kilometer: 45610 KM<br \/>\n Leistung: 136 KW<br \/>\n Hubraum: 1495 ccm<br \/>\n Typ: 1sh866<br \/>\n Farbcode: Black<br \/>\n Hinweise: &#8211;<\/p>\n<p> Versand: Versand nur in der Schweiz m\u00f6glich.Im Ausland ist der Transport k\u00e4uferseits.<br \/>\n Garantie: 3 Monate Garantie. Bitte beachten Sie, dass die Gew\u00e4hrleistung nur g\u00fcltig ist, wenn der Ersatzteileinbau durch eine Fachwerkstatt\/Meisterwerkstatt erfolgt. Das Ein- und Ausbau des Ersatzteiles kann nicht an uns verrechnet werden. <\/p>\n<p> Ersatzteil: f\u00fcr andere Fahrzeugen (Marken) verf\u00fcgbar auf anfrage. Tel.041 980 27 47. Mobil. 076 589 27 47<\/p>\n<p> Kontakt<br \/>\n  Adresse: Autoverwertung Brun AG<br \/>\n           M\u00f6\u00f6slimatten 13<br \/>\n           6218 Ettiswil<br \/>\n  Telefon: 0041 (041) 980 27 47<br \/>\n  Telefax: 0041 (041) 980 03 47<\/p>\n<p> Wir bieten Ihnen weitere gebrauchte Autoteile zum Kauf an.<br \/>\n Tags: Federn hinten, Spring Rear , Ressorts arrie`re<br \/>\n<\/span><\/p>\n","protected":false},"excerpt":{"rendered":"<p>Technische Daten Fahrzeug: SEAT Leon Chassis Nr.: VSSZZZ5FZLR092585 Baujahr: 2020 Kilometer: 45610 KM Leistung: 136 KW Hubraum: 1495 ccm Typ: 1sh866 Farbcode: Black Hinweise: &#8211; Versand: Versand nur in der Schweiz m\u00f6glich.Im Ausland ist der Transport k\u00e4uferseits. Garantie: 3 Monate Garantie. Bitte beachten Sie, dass die Gew\u00e4hrleistung nur g\u00fcltig ist, wenn der Ersatzteileinbau durch eine&hellip; <a class=\"more-link\" href=\"https:\/\/occasions-teile.ch\/en\/produkt\/seat-leon-federn-hinten\/\">Continue reading <span class=\"screen-reader-text\">SEAT Leon  Federn hinten<\/span><\/a><\/p>\n","protected":false},"featured_media":306121,"template":"","meta":[],"product_brand":[],"product_cat":[20540,23673,541,951,952,1495,1494,1821],"product_tag":[],"class_list":{"0":"post-306124","1":"product","2":"type-product","3":"status-publish","4":"has-post-thumbnail","6":"product_cat-de-5f1-1-5-tsi-de_leon-de_seat-manufacturer-27","7":"product_cat-de-5f1-1-5-tsi-de_leon-de_seat-manufacturer-41","8":"product_cat-de-fahrwerk-lenkung","9":"product_cat-de-federn","10":"product_cat-de-federn-hinten","11":"product_cat-de_leon","12":"product_cat-de_seat","13":"product_cat-de-vsszzz5fzlr092585","14":"product_shipping_class-tarif-1","15":"entry","17":"first","18":"instock","19":"taxable","20":"shipping-taxable","21":"purchasable","22":"product-type-simple"},"jetpack_sharing_enabled":true,"_links":{"self":[{"href":"https:\/\/occasions-teile.ch\/en\/wp-json\/wp\/v2\/product\/306124","targetHints":{"allow":["GET"]}}],"collection":[{"href":"https:\/\/occasions-teile.ch\/en\/wp-json\/wp\/v2\/product"}],"about":[{"href":"https:\/\/occasions-teile.ch\/en\/wp-json\/wp\/v2\/types\/product"}],"wp:featuredmedia":[{"embeddable":true,"href":"https:\/\/occasions-teile.ch\/en\/wp-json\/wp\/v2\/media\/306121"}],"wp:attachment":[{"href":"https:\/\/occasions-teile.ch\/en\/wp-json\/wp\/v2\/media?parent=306124"}],"wp:term":[{"taxonomy":"product_brand","embeddable":true,"href":"https:\/\/occasions-teile.ch\/en\/wp-json\/wp\/v2\/product_brand?post=306124"},{"taxonomy":"product_cat","embeddable":true,"href":"https:\/\/occasions-teile.ch\/en\/wp-json\/wp\/v2\/product_cat?post=306124"},{"taxonomy":"product_tag","embeddable":true,"href":"https:\/\/occasions-teile.ch\/en\/wp-json\/wp\/v2\/product_tag?post=306124"}],"curies":[{"name":"wp","href":"https:\/\/api.w.org\/{rel}","templated":true}]}}