{"id":305282,"date":"2024-04-28T10:28:18","date_gmt":"2024-04-28T10:28:18","guid":{"rendered":"https:\/\/occasions-teile.ch\/product\/subaru-impreza-wischermotor-vorne\/"},"modified":"2024-05-26T10:41:33","modified_gmt":"2024-05-26T10:41:33","slug":"subaru-impreza-wischermotor-vorne","status":"publish","type":"product","link":"https:\/\/occasions-teile.ch\/en\/produkt\/subaru-impreza-wischermotor-vorne\/","title":{"rendered":"Subaru Impreza  Wischermotor vorne"},"content":{"rendered":"<p><span><b>Technische Daten<\/b><\/p>\n<p> Fahrzeug: Subaru Impreza<br \/>\n Chassis Nr.: JF1GP3LC5CG017213<br \/>\n Baujahr: 2013<br \/>\n Kilometer: 140792 KM<br \/>\n Leistung: 114 KW<br \/>\n Hubraum: 1600 ccm<br \/>\n Typ: 1SC750<br \/>\n Farbcode: Black<br \/>\n Hinweise: &#8211;<\/p>\n<p> Versand: Versand nur in der Schweiz m\u00f6glich.Im Ausland ist der Transport k\u00e4uferseits.<br \/>\n Garantie: 3 Monate Garantie. Bitte beachten Sie, dass die Gew\u00e4hrleistung nur g\u00fcltig ist, wenn der Ersatzteileinbau durch eine Fachwerkstatt\/Meisterwerkstatt erfolgt. Das Ein- und Ausbau des Ersatzteiles kann nicht an uns verrechnet werden. <\/p>\n<p> Ersatzteil: f\u00fcr andere Fahrzeugen (Marken) verf\u00fcgbar auf anfrage. Tel.041 980 27 47. Mobil. 076 589 27 47<\/p>\n<p> Kontakt<br \/>\n  Adresse: Autoverwertung Brun AG<br \/>\n           M\u00f6\u00f6slimatten 13<br \/>\n           6218 Ettiswil<br \/>\n  Telefon: 0041 (041) 980 27 47<br \/>\n  Telefax: 0041 (041) 980 03 47<\/p>\n<p> Wir bieten Ihnen weitere gebrauchte Autoteile zum Kauf an.<br \/>\n Tags: Wischermotor vorne, Wiper motor front, Moteur d&#8217;essuie-glace avant<br \/>\n<\/span><\/p>\n","protected":false},"excerpt":{"rendered":"<p>Technische Daten Fahrzeug: Subaru Impreza Chassis Nr.: JF1GP3LC5CG017213 Baujahr: 2013 Kilometer: 140792 KM Leistung: 114 KW Hubraum: 1600 ccm Typ: 1SC750 Farbcode: Black Hinweise: &#8211; Versand: Versand nur in der Schweiz m\u00f6glich.Im Ausland ist der Transport k\u00e4uferseits. Garantie: 3 Monate Garantie. Bitte beachten Sie, dass die Gew\u00e4hrleistung nur g\u00fcltig ist, wenn der Ersatzteileinbau durch eine&hellip; <a class=\"more-link\" href=\"https:\/\/occasions-teile.ch\/en\/produkt\/subaru-impreza-wischermotor-vorne\/\">Continue reading <span class=\"screen-reader-text\">Subaru Impreza  Wischermotor vorne<\/span><\/a><\/p>\n","protected":false},"featured_media":305279,"template":"","meta":[],"product_brand":[],"product_cat":[20292,23649,1595,1597,1599,2183,2184,2185,676,677,675,669,1205,1199,1202,672,673,674,670,671],"product_tag":[],"class_list":{"0":"post-305282","1":"product","2":"type-product","3":"status-publish","4":"has-post-thumbnail","6":"product_cat-de-gp3-de_impreza-de_subaru-manufacturer-33","7":"product_cat-de-gp3-de_impreza-de_subaru-manufacturer-39","8":"product_cat-de_impreza","9":"product_cat-en_impreza","10":"product_cat-fr_impreza","11":"product_cat-de-jf1gp3lc5cg017213-20000186","12":"product_cat-en-jf1gp3lc5cg017213-20000186","13":"product_cat-fr-jf1gp3lc5cg017213-20000186","14":"product_cat-fr-moteur-dessuie-glace-avant","15":"product_cat-fr-moteur-dessuie-glace-avant-fr-moteur-dessuie-glace-avant","16":"product_cat-fr-nettoyage-des-vitres","17":"product_cat-de-scheibenreinigung","18":"product_cat-fr_subaru","19":"product_cat-de_subaru","20":"product_cat-en_subaru","21":"product_cat-en-window-cleaning","22":"product_cat-en-wiper-motor-front","23":"product_cat-en-wiper-motor-front-en-wiper-motor-front","24":"product_cat-de-wischermotorvorn","25":"product_cat-de-wischermotorvorn-de-wischermotorvorn","26":"product_shipping_class-tarif-1","27":"entry","29":"first","30":"instock","31":"taxable","32":"shipping-taxable","33":"purchasable","34":"product-type-simple"},"jetpack_sharing_enabled":true,"_links":{"self":[{"href":"https:\/\/occasions-teile.ch\/en\/wp-json\/wp\/v2\/product\/305282","targetHints":{"allow":["GET"]}}],"collection":[{"href":"https:\/\/occasions-teile.ch\/en\/wp-json\/wp\/v2\/product"}],"about":[{"href":"https:\/\/occasions-teile.ch\/en\/wp-json\/wp\/v2\/types\/product"}],"wp:featuredmedia":[{"embeddable":true,"href":"https:\/\/occasions-teile.ch\/en\/wp-json\/wp\/v2\/media\/305279"}],"wp:attachment":[{"href":"https:\/\/occasions-teile.ch\/en\/wp-json\/wp\/v2\/media?parent=305282"}],"wp:term":[{"taxonomy":"product_brand","embeddable":true,"href":"https:\/\/occasions-teile.ch\/en\/wp-json\/wp\/v2\/product_brand?post=305282"},{"taxonomy":"product_cat","embeddable":true,"href":"https:\/\/occasions-teile.ch\/en\/wp-json\/wp\/v2\/product_cat?post=305282"},{"taxonomy":"product_tag","embeddable":true,"href":"https:\/\/occasions-teile.ch\/en\/wp-json\/wp\/v2\/product_tag?post=305282"}],"curies":[{"name":"wp","href":"https:\/\/api.w.org\/{rel}","templated":true}]}}