{"id":304938,"date":"2024-04-28T05:13:13","date_gmt":"2024-04-28T05:13:13","guid":{"rendered":"https:\/\/occasions-teile.ch\/product\/renault-clio-alufelgen\/"},"modified":"2024-09-24T14:15:04","modified_gmt":"2024-09-24T14:15:04","slug":"renault-clio-alufelgen","status":"publish","type":"product","link":"https:\/\/occasions-teile.ch\/en\/produkt\/renault-clio-alufelgen\/","title":{"rendered":"Renault Clio  Alufelgen"},"content":{"rendered":"<p><span><b>Technische Daten<\/b><\/p>\n<p> Fahrzeug: Renault Clio<br \/>\n Chassis Nr.: VF15RB20A54114947<br \/>\n Baujahr: 2015<br \/>\n Kilometer: 86915 KM<br \/>\n Leistung: 90 KW<br \/>\n Hubraum: 898 ccm<br \/>\n Typ: 1RC251<br \/>\n Farbcode: rot<br \/>\n Hinweise: 6,x16 CH4-44<br \/>\nSommerreifen Ca70%<\/p>\n<p> Versand: Versand nur in der Schweiz m\u00f6glich.Im Ausland ist der Transport k\u00e4uferseits.<br \/>\n Garantie: 3 Monate Garantie. Bitte beachten Sie, dass die Gew\u00e4hrleistung nur g\u00fcltig ist, wenn der Ersatzteileinbau durch eine Fachwerkstatt\/Meisterwerkstatt erfolgt. Das Ein- und Ausbau des Ersatzteiles kann nicht an uns verrechnet werden. <\/p>\n<p> Ersatzteil: f\u00fcr andere Fahrzeugen (Marken) verf\u00fcgbar auf anfrage. Tel.041 980 27 47. Mobil. 076 589 27 47<\/p>\n<p> Kontakt<br \/>\n  Adresse: Autoverwertung Brun AG<br \/>\n           M\u00f6\u00f6slimatten 13<br \/>\n           6218 Ettiswil<br \/>\n  Telefon: 0041 (041) 980 27 47<br \/>\n  Telefax: 0041 (041) 980 03 47<\/p>\n<p> Wir bieten Ihnen weitere gebrauchte Autoteile zum Kauf an.<br \/>\n Tags: Alufelgen, Aluminum rims, Jantes en aluminium<br \/>\n<\/span><\/p>\n","protected":false},"excerpt":{"rendered":"<p>Technische Daten Fahrzeug: Renault Clio Chassis Nr.: VF15RB20A54114947 Baujahr: 2015 Kilometer: 86915 KM Leistung: 90 KW Hubraum: 898 ccm Typ: 1RC251 Farbcode: rot Hinweise: 6,x16 CH4-44 Sommerreifen Ca70% Versand: Versand nur in der Schweiz m\u00f6glich.Im Ausland ist der Transport k\u00e4uferseits. Garantie: 3 Monate Garantie. Bitte beachten Sie, dass die Gew\u00e4hrleistung nur g\u00fcltig ist, wenn der&hellip; <a class=\"more-link\" href=\"https:\/\/occasions-teile.ch\/en\/produkt\/renault-clio-alufelgen\/\">Continue reading <span class=\"screen-reader-text\">Renault Clio  Alufelgen<\/span><\/a><\/p>\n","protected":false},"featured_media":304935,"template":"","meta":[],"product_brand":[],"product_cat":[1176,2446,2446,2446,1175,23752,20205,1175,1176,550,2433,2433,2433,550,1175,1176,2118,2118,2118,550],"product_tag":[],"class_list":{"0":"post-304938","1":"product","2":"type-product","3":"status-publish","4":"has-post-thumbnail","6":"product_cat-de-alufelgen-felgensatz","7":"product_cat-de_clio","10":"product_cat-de-felgensatz","11":"product_cat-de-iv-bh-0-9-tce-de_clio-de_renault-manufacturer-25","12":"product_cat-de-iv-bh-0-9-tce-de_clio-de_renault-manufacturer-17","15":"product_cat-de-raeder-reifen-felgen","16":"product_cat-de_renault","22":"product_cat-de-vf15rb20a54114947-20000180","26":"product_shipping_class-tarif-4","27":"entry","29":"first","30":"outofstock","31":"taxable","32":"shipping-taxable","33":"purchasable","34":"product-type-simple"},"jetpack_sharing_enabled":true,"_links":{"self":[{"href":"https:\/\/occasions-teile.ch\/en\/wp-json\/wp\/v2\/product\/304938","targetHints":{"allow":["GET"]}}],"collection":[{"href":"https:\/\/occasions-teile.ch\/en\/wp-json\/wp\/v2\/product"}],"about":[{"href":"https:\/\/occasions-teile.ch\/en\/wp-json\/wp\/v2\/types\/product"}],"wp:featuredmedia":[{"embeddable":true,"href":"https:\/\/occasions-teile.ch\/en\/wp-json\/wp\/v2\/media\/304935"}],"wp:attachment":[{"href":"https:\/\/occasions-teile.ch\/en\/wp-json\/wp\/v2\/media?parent=304938"}],"wp:term":[{"taxonomy":"product_brand","embeddable":true,"href":"https:\/\/occasions-teile.ch\/en\/wp-json\/wp\/v2\/product_brand?post=304938"},{"taxonomy":"product_cat","embeddable":true,"href":"https:\/\/occasions-teile.ch\/en\/wp-json\/wp\/v2\/product_cat?post=304938"},{"taxonomy":"product_tag","embeddable":true,"href":"https:\/\/occasions-teile.ch\/en\/wp-json\/wp\/v2\/product_tag?post=304938"}],"curies":[{"name":"wp","href":"https:\/\/api.w.org\/{rel}","templated":true}]}}