{"id":304862,"date":"2024-04-28T04:06:14","date_gmt":"2024-04-28T04:06:14","guid":{"rendered":"https:\/\/occasions-teile.ch\/product\/ford-mustang-abdeckung-blende-radlaufaussen\/"},"modified":"2024-05-26T14:12:15","modified_gmt":"2024-05-26T14:12:15","slug":"ford-mustang-abdeckung-blende-radlaufaussen","status":"publish","type":"product","link":"https:\/\/occasions-teile.ch\/en\/produkt\/ford-mustang-abdeckung-blende-radlaufaussen\/","title":{"rendered":"Ford Mustang  Abdeckung, Blende Radlaufaussen"},"content":{"rendered":"<p><span><b>Technische Daten<\/b><\/p>\n<p> Fahrzeug: Ford Mustang<br \/>\n Chassis Nr.: 1ZVBP8AM5E5213991<br \/>\n Baujahr: 2013<br \/>\n Kilometer: 126171 KM<br \/>\n Leistung: 308 KW<br \/>\n Hubraum: 3731 ccm<br \/>\n Typ: x<br \/>\n Farbcode: White\/Weiss<br \/>\n Hinweise: &#8211;<\/p>\n<p> Versand: Versand nur in der Schweiz m\u00f6glich.Im Ausland ist der Transport k\u00e4uferseits.<br \/>\n Garantie: 3 Monate Garantie. Bitte beachten Sie, dass die Gew\u00e4hrleistung nur g\u00fcltig ist, wenn der Ersatzteileinbau durch eine Fachwerkstatt\/Meisterwerkstatt erfolgt. Das Ein- und Ausbau des Ersatzteiles kann nicht an uns verrechnet werden. <\/p>\n<p> Ersatzteil: f\u00fcr andere Fahrzeugen (Marken) verf\u00fcgbar auf anfrage. Tel.041 980 27 47. Mobil. 076 589 27 47<\/p>\n<p> Kontakt<br \/>\n  Adresse: Autoverwertung Brun AG<br \/>\n           M\u00f6\u00f6slimatten 13<br \/>\n           6218 Ettiswil<br \/>\n  Telefon: 0041 (041) 980 27 47<br \/>\n  Telefax: 0041 (041) 980 03 47<\/p>\n<p> Wir bieten Ihnen weitere gebrauchte Autoteile zum Kauf an.<br \/>\n Tags: Abdeckung, Blende Radlaufaussen, Cover, Orifice Wheel run outside , Cache, cache de passage de roue exte\u00b4rieur<br \/>\n<\/span><\/p>\n","protected":false},"excerpt":{"rendered":"<p>Technische Daten Fahrzeug: Ford Mustang Chassis Nr.: 1ZVBP8AM5E5213991 Baujahr: 2013 Kilometer: 126171 KM Leistung: 308 KW Hubraum: 3731 ccm Typ: x Farbcode: White\/Weiss Hinweise: &#8211; Versand: Versand nur in der Schweiz m\u00f6glich.Im Ausland ist der Transport k\u00e4uferseits. Garantie: 3 Monate Garantie. Bitte beachten Sie, dass die Gew\u00e4hrleistung nur g\u00fcltig ist, wenn der Ersatzteileinbau durch eine&hellip; <a class=\"more-link\" href=\"https:\/\/occasions-teile.ch\/en\/produkt\/ford-mustang-abdeckung-blende-radlaufaussen\/\">Continue reading <span class=\"screen-reader-text\">Ford Mustang  Abdeckung, Blende Radlaufaussen<\/span><\/a><\/p>\n","protected":false},"featured_media":304859,"template":"","meta":[],"product_brand":[],"product_cat":[1774,1770,1772,20187,23656,523,528,524,529,527,526,1592,1586,1589,521,1773,1775,1771,522,525],"product_tag":[],"class_list":{"0":"post-304862","1":"product","2":"type-product","3":"status-publish","4":"has-post-thumbnail","6":"product_cat-fr-1zvbp8am5e5213991","7":"product_cat-de-1zvbp8am5e5213991","8":"product_cat-en-1zvbp8am5e5213991","9":"product_cat-de-3-7-de_mustang-de_ford-manufacturer-24","10":"product_cat-de-3-7-de_mustang-de_ford-manufacturer-35","11":"product_cat-de-abdeckungblenderadlaufaussen","12":"product_cat-fr-arriere-du-passage-de-roue","13":"product_cat-en-body-rear","14":"product_cat-fr-cache-cache-de-passage-de-roue-exterieur","15":"product_cat-fr-carrosserie-arriere","16":"product_cat-en-coverorificewheel-run-outside","17":"product_cat-fr_ford","18":"product_cat-de_ford","19":"product_cat-en_ford","20":"product_cat-de-karosserie-heck","21":"product_cat-en_mustang","22":"product_cat-fr_mustang","23":"product_cat-de_mustang","24":"product_cat-de-radlaufhinten","25":"product_cat-en-wheel-arch-rear","26":"product_shipping_class-tarif-1","27":"entry","29":"first","30":"instock","31":"taxable","32":"shipping-taxable","33":"purchasable","34":"product-type-simple"},"jetpack_sharing_enabled":true,"_links":{"self":[{"href":"https:\/\/occasions-teile.ch\/en\/wp-json\/wp\/v2\/product\/304862","targetHints":{"allow":["GET"]}}],"collection":[{"href":"https:\/\/occasions-teile.ch\/en\/wp-json\/wp\/v2\/product"}],"about":[{"href":"https:\/\/occasions-teile.ch\/en\/wp-json\/wp\/v2\/types\/product"}],"wp:featuredmedia":[{"embeddable":true,"href":"https:\/\/occasions-teile.ch\/en\/wp-json\/wp\/v2\/media\/304859"}],"wp:attachment":[{"href":"https:\/\/occasions-teile.ch\/en\/wp-json\/wp\/v2\/media?parent=304862"}],"wp:term":[{"taxonomy":"product_brand","embeddable":true,"href":"https:\/\/occasions-teile.ch\/en\/wp-json\/wp\/v2\/product_brand?post=304862"},{"taxonomy":"product_cat","embeddable":true,"href":"https:\/\/occasions-teile.ch\/en\/wp-json\/wp\/v2\/product_cat?post=304862"},{"taxonomy":"product_tag","embeddable":true,"href":"https:\/\/occasions-teile.ch\/en\/wp-json\/wp\/v2\/product_tag?post=304862"}],"curies":[{"name":"wp","href":"https:\/\/api.w.org\/{rel}","templated":true}]}}