{"id":304798,"date":"2024-04-28T02:52:37","date_gmt":"2024-04-28T02:52:37","guid":{"rendered":"https:\/\/occasions-teile.ch\/product\/toyota-yaris-motorsteuergeraet\/"},"modified":"2024-05-29T06:18:49","modified_gmt":"2024-05-29T06:18:49","slug":"toyota-yaris-motorsteuergeraet","status":"publish","type":"product","link":"https:\/\/occasions-teile.ch\/en\/produkt\/toyota-yaris-motorsteuergeraet\/","title":{"rendered":"Toyota Yaris  Motorsteuerger\u00e4t"},"content":{"rendered":"<p><span><b>Technische Daten<\/b><\/p>\n<p> Fahrzeug: Toyota Yaris<br \/>\n Chassis Nr.: VNKKL96300A182080<br \/>\n Baujahr: 2007<br \/>\n Kilometer: 103216 KM<br \/>\n Leistung: 87 KW<br \/>\n Hubraum: 1298 ccm<br \/>\n Typ: 1TA328<br \/>\n Farbcode: rot<br \/>\n Hinweise: &#8211;<\/p>\n<p> Versand: Versand nur in der Schweiz m\u00f6glich.Im Ausland ist der Transport k\u00e4uferseits.<br \/>\n Garantie: 3 Monate Garantie. Bitte beachten Sie, dass die Gew\u00e4hrleistung nur g\u00fcltig ist, wenn der Ersatzteileinbau durch eine Fachwerkstatt\/Meisterwerkstatt erfolgt. Das Ein- und Ausbau des Ersatzteiles kann nicht an uns verrechnet werden. <\/p>\n<p> Ersatzteil: f\u00fcr andere Fahrzeugen (Marken) verf\u00fcgbar auf anfrage. Tel.041 980 27 47. Mobil. 076 589 27 47<\/p>\n<p> Kontakt<br \/>\n  Adresse: Autoverwertung Brun AG<br \/>\n           M\u00f6\u00f6slimatten 13<br \/>\n           6218 Ettiswil<br \/>\n  Telefon: 0041 (041) 980 27 47<br \/>\n  Telefax: 0041 (041) 980 03 47<\/p>\n<p> Wir bieten Ihnen weitere gebrauchte Autoteile zum Kauf an.<br \/>\n Tags: Motorsteuerger\u00e4t , Control unit Motor , Unite\u00b4 de contro^le Moteur<br \/>\n<\/span><\/p>\n","protected":false},"excerpt":{"rendered":"<p>Technische Daten Fahrzeug: Toyota Yaris Chassis Nr.: VNKKL96300A182080 Baujahr: 2007 Kilometer: 103216 KM Leistung: 87 KW Hubraum: 1298 ccm Typ: 1TA328 Farbcode: rot Hinweise: &#8211; Versand: Versand nur in der Schweiz m\u00f6glich.Im Ausland ist der Transport k\u00e4uferseits. Garantie: 3 Monate Garantie. Bitte beachten Sie, dass die Gew\u00e4hrleistung nur g\u00fcltig ist, wenn der Ersatzteileinbau durch eine&hellip; <a class=\"more-link\" href=\"https:\/\/occasions-teile.ch\/en\/produkt\/toyota-yaris-motorsteuergeraet\/\">Continue reading <span class=\"screen-reader-text\">Toyota Yaris  Motorsteuerger\u00e4t<\/span><\/a><\/p>\n","protected":false},"featured_media":304795,"template":"","meta":[],"product_brand":[],"product_cat":[661,660,659,500,494,497,657,20171,23818,658,1335,1329,1332,662,2086,2089,2090,1336,1330,1333],"product_tag":[],"class_list":{"0":"post-304798","1":"product","2":"type-product","3":"status-publish","4":"has-post-thumbnail","6":"product_cat-fr-commande-du-moteur-allumage","7":"product_cat-en-control-unit-motor","8":"product_cat-en-engine-control-ignition","9":"product_cat-fr-moteur","10":"product_cat-de-motor","11":"product_cat-en-motor","12":"product_cat-de-motorsteuerung-zuendung","13":"product_cat-de-p9-1-3vvti-de_yaris-de_toyota-manufacturer-10","14":"product_cat-de-p9-1-3vvti-de_yaris-de_toyota-manufacturer-29","15":"product_cat-de-steuergeraet-motor","16":"product_cat-fr_toyota","17":"product_cat-de_toyota","18":"product_cat-en_toyota","19":"product_cat-fr-unite-de-controle-moteur","20":"product_cat-de-vnkkl96300a182080-20000174","21":"product_cat-en-vnkkl96300a182080-20000174-vehicle-en-2","22":"product_cat-fr-vnkkl96300a182080-20000174-vehicle-fr-2","23":"product_cat-fr_yaris","24":"product_cat-de_yaris","25":"product_cat-en_yaris","26":"product_shipping_class-tarif-1","27":"entry","29":"first","30":"instock","31":"taxable","32":"shipping-taxable","33":"purchasable","34":"product-type-simple"},"jetpack_sharing_enabled":true,"_links":{"self":[{"href":"https:\/\/occasions-teile.ch\/en\/wp-json\/wp\/v2\/product\/304798","targetHints":{"allow":["GET"]}}],"collection":[{"href":"https:\/\/occasions-teile.ch\/en\/wp-json\/wp\/v2\/product"}],"about":[{"href":"https:\/\/occasions-teile.ch\/en\/wp-json\/wp\/v2\/types\/product"}],"wp:featuredmedia":[{"embeddable":true,"href":"https:\/\/occasions-teile.ch\/en\/wp-json\/wp\/v2\/media\/304795"}],"wp:attachment":[{"href":"https:\/\/occasions-teile.ch\/en\/wp-json\/wp\/v2\/media?parent=304798"}],"wp:term":[{"taxonomy":"product_brand","embeddable":true,"href":"https:\/\/occasions-teile.ch\/en\/wp-json\/wp\/v2\/product_brand?post=304798"},{"taxonomy":"product_cat","embeddable":true,"href":"https:\/\/occasions-teile.ch\/en\/wp-json\/wp\/v2\/product_cat?post=304798"},{"taxonomy":"product_tag","embeddable":true,"href":"https:\/\/occasions-teile.ch\/en\/wp-json\/wp\/v2\/product_tag?post=304798"}],"curies":[{"name":"wp","href":"https:\/\/api.w.org\/{rel}","templated":true}]}}