{"id":304738,"date":"2024-04-28T01:59:32","date_gmt":"2024-04-28T01:59:32","guid":{"rendered":"https:\/\/occasions-teile.ch\/product\/fiat-punto-sicherungskasten-relaistraeger\/"},"modified":"2024-05-29T17:39:21","modified_gmt":"2024-05-29T17:39:21","slug":"fiat-punto-sicherungskasten-relaistraeger","status":"publish","type":"product","link":"https:\/\/occasions-teile.ch\/en\/produkt\/fiat-punto-sicherungskasten-relaistraeger\/","title":{"rendered":"Fiat Punto  Sicherungskasten Relaistr\u00e4ger"},"content":{"rendered":"<p><span><b>Technische Daten<\/b><\/p>\n<p> Fahrzeug: Fiat Punto<br \/>\n Chassis Nr.: ZFA1990000P023879<br \/>\n Baujahr: 2014<br \/>\n Kilometer: 104375 KM<br \/>\n Leistung: 135 KW<br \/>\n Hubraum: 1368 ccm<br \/>\n Typ: 1FB787<br \/>\n Farbcode: White\/Weiss<br \/>\n Hinweise: &#8211;<\/p>\n<p> Versand: Versand nur in der Schweiz m\u00f6glich.Im Ausland ist der Transport k\u00e4uferseits.<br \/>\n Garantie: 3 Monate Garantie. Bitte beachten Sie, dass die Gew\u00e4hrleistung nur g\u00fcltig ist, wenn der Ersatzteileinbau durch eine Fachwerkstatt\/Meisterwerkstatt erfolgt. Das Ein- und Ausbau des Ersatzteiles kann nicht an uns verrechnet werden. <\/p>\n<p> Ersatzteil: f\u00fcr andere Fahrzeugen (Marken) verf\u00fcgbar auf anfrage. Tel.041 980 27 47. Mobil. 076 589 27 47<\/p>\n<p> Kontakt<br \/>\n  Adresse: Autoverwertung Brun AG<br \/>\n           M\u00f6\u00f6slimatten 13<br \/>\n           6218 Ettiswil<br \/>\n  Telefon: 0041 (041) 980 27 47<br \/>\n  Telefax: 0041 (041) 980 03 47<\/p>\n<p> Wir bieten Ihnen weitere gebrauchte Autoteile zum Kauf an.<br \/>\n Tags: Sicherungskasten Relaistr\u00e4ger, Fuse box,relay carrier, Boi^te a` fusibles,support de relais<br \/>\n<\/span><\/p>\n","protected":false},"excerpt":{"rendered":"<p>Technische Daten Fahrzeug: Fiat Punto Chassis Nr.: ZFA1990000P023879 Baujahr: 2014 Kilometer: 104375 KM Leistung: 135 KW Hubraum: 1368 ccm Typ: 1FB787 Farbcode: White\/Weiss Hinweise: &#8211; Versand: Versand nur in der Schweiz m\u00f6glich.Im Ausland ist der Transport k\u00e4uferseits. Garantie: 3 Monate Garantie. Bitte beachten Sie, dass die Gew\u00e4hrleistung nur g\u00fcltig ist, wenn der Ersatzteileinbau durch eine&hellip; <a class=\"more-link\" href=\"https:\/\/occasions-teile.ch\/en\/produkt\/fiat-punto-sicherungskasten-relaistraeger\/\">Continue reading <span class=\"screen-reader-text\">Fiat Punto  Sicherungskasten Relaistr\u00e4ger<\/span><\/a><\/p>\n","protected":false},"featured_media":304735,"template":"","meta":[],"product_brand":[],"product_cat":[20156,23907,850,851,627,624,621,1383,1377,1380,848,849,1440,1436,1438,847,846,1439,1435,1437],"product_tag":[],"class_list":{"0":"post-304738","1":"product","2":"type-product","3":"status-publish","4":"has-post-thumbnail","6":"product_cat-de-1-4tb-16v-de_punto-de_fiat-manufacturer-21","7":"product_cat-de-1-4tb-16v-de_punto-de_fiat-manufacturer-27","8":"product_cat-fr-boite-a-fusiblessupport-de-relais","9":"product_cat-fr-boite-a-fusiblessupport-de-relais-fr-boite-a-fusiblessupport-de-relais","10":"product_cat-fr-electricite-dispositifs-de-commande","11":"product_cat-en-electrics-control-units","12":"product_cat-de-elektrik-steuergeraete","13":"product_cat-fr_fiat","14":"product_cat-de_fiat","15":"product_cat-en_fiat","16":"product_cat-en-fuse-boxrelay-carrier","17":"product_cat-en-fuse-boxrelay-carrier-en-fuse-boxrelay-carrier","18":"product_cat-fr_punto","19":"product_cat-de_punto","20":"product_cat-en_punto","21":"product_cat-de-sicherungskasten-relaistraeger","22":"product_cat-de-sicherungskastenrelaistraeger","23":"product_cat-fr-zfa1990000p023879","24":"product_cat-de-zfa1990000p023879","25":"product_cat-en-zfa1990000p023879","26":"product_shipping_class-tarif-1","27":"entry","29":"first","30":"instock","31":"taxable","32":"shipping-taxable","33":"purchasable","34":"product-type-simple"},"jetpack_sharing_enabled":true,"_links":{"self":[{"href":"https:\/\/occasions-teile.ch\/en\/wp-json\/wp\/v2\/product\/304738","targetHints":{"allow":["GET"]}}],"collection":[{"href":"https:\/\/occasions-teile.ch\/en\/wp-json\/wp\/v2\/product"}],"about":[{"href":"https:\/\/occasions-teile.ch\/en\/wp-json\/wp\/v2\/types\/product"}],"wp:featuredmedia":[{"embeddable":true,"href":"https:\/\/occasions-teile.ch\/en\/wp-json\/wp\/v2\/media\/304735"}],"wp:attachment":[{"href":"https:\/\/occasions-teile.ch\/en\/wp-json\/wp\/v2\/media?parent=304738"}],"wp:term":[{"taxonomy":"product_brand","embeddable":true,"href":"https:\/\/occasions-teile.ch\/en\/wp-json\/wp\/v2\/product_brand?post=304738"},{"taxonomy":"product_cat","embeddable":true,"href":"https:\/\/occasions-teile.ch\/en\/wp-json\/wp\/v2\/product_cat?post=304738"},{"taxonomy":"product_tag","embeddable":true,"href":"https:\/\/occasions-teile.ch\/en\/wp-json\/wp\/v2\/product_tag?post=304738"}],"curies":[{"name":"wp","href":"https:\/\/api.w.org\/{rel}","templated":true}]}}