{"id":304618,"date":"2024-04-28T00:08:11","date_gmt":"2024-04-28T00:08:11","guid":{"rendered":"https:\/\/occasions-teile.ch\/product\/ford-ranger-abdeckung-blende-radlaufaussen\/"},"modified":"2024-05-28T04:43:40","modified_gmt":"2024-05-28T04:43:40","slug":"ford-ranger-abdeckung-blende-radlaufaussen","status":"publish","type":"product","link":"https:\/\/occasions-teile.ch\/en\/produkt\/ford-ranger-abdeckung-blende-radlaufaussen\/","title":{"rendered":"Ford Ranger  Abdeckung, Blende Radlaufaussen"},"content":{"rendered":"<p><span><b>Technische Daten<\/b><\/p>\n<p> Fahrzeug: Ford Ranger<br \/>\n Chassis Nr.: 6FPPXXMJ2PHM54701<br \/>\n Baujahr: 2017<br \/>\n Kilometer: 174987 KM<br \/>\n Leistung: 200 KW<br \/>\n Hubraum: 3198 ccm<br \/>\n Typ: 3ff781<br \/>\n Farbcode: White\/Weiss<br \/>\n Hinweise: &#8211;<\/p>\n<p> Versand: Versand nur in der Schweiz m\u00f6glich.Im Ausland ist der Transport k\u00e4uferseits.<br \/>\n Garantie: 3 Monate Garantie. Bitte beachten Sie, dass die Gew\u00e4hrleistung nur g\u00fcltig ist, wenn der Ersatzteileinbau durch eine Fachwerkstatt\/Meisterwerkstatt erfolgt. Das Ein- und Ausbau des Ersatzteiles kann nicht an uns verrechnet werden. <\/p>\n<p> Ersatzteil: f\u00fcr andere Fahrzeugen (Marken) verf\u00fcgbar auf anfrage. Tel.041 980 27 47. Mobil. 076 589 27 47<\/p>\n<p> Kontakt<br \/>\n  Adresse: Autoverwertung Brun AG<br \/>\n           M\u00f6\u00f6slimatten 13<br \/>\n           6218 Ettiswil<br \/>\n  Telefon: 0041 (041) 980 27 47<br \/>\n  Telefax: 0041 (041) 980 03 47<\/p>\n<p> Wir bieten Ihnen weitere gebrauchte Autoteile zum Kauf an.<br \/>\n Tags: Abdeckung, Blende Radlaufaussen, Cover, Orifice Wheel run outside , Cache, cache de passage de roue exte\u00b4rieur<br \/>\n<\/span><\/p>\n","protected":false},"excerpt":{"rendered":"<p>Technische Daten Fahrzeug: Ford Ranger Chassis Nr.: 6FPPXXMJ2PHM54701 Baujahr: 2017 Kilometer: 174987 KM Leistung: 200 KW Hubraum: 3198 ccm Typ: 3ff781 Farbcode: White\/Weiss Hinweise: &#8211; Versand: Versand nur in der Schweiz m\u00f6glich.Im Ausland ist der Transport k\u00e4uferseits. Garantie: 3 Monate Garantie. Bitte beachten Sie, dass die Gew\u00e4hrleistung nur g\u00fcltig ist, wenn der Ersatzteileinbau durch eine&hellip; <a class=\"more-link\" href=\"https:\/\/occasions-teile.ch\/en\/produkt\/ford-ranger-abdeckung-blende-radlaufaussen\/\">Continue reading <span class=\"screen-reader-text\">Ford Ranger  Abdeckung, Blende Radlaufaussen<\/span><\/a><\/p>\n","protected":false},"featured_media":304615,"template":"","meta":[],"product_brand":[],"product_cat":[2068,2064,2066,523,528,524,529,527,526,1592,1586,1589,521,522,2067,2069,2065,20126,23739,525],"product_tag":[],"class_list":{"0":"post-304618","1":"product","2":"type-product","3":"status-publish","4":"has-post-thumbnail","6":"product_cat-fr-6fppxxmj2phm54701","7":"product_cat-de-6fppxxmj2phm54701","8":"product_cat-en-6fppxxmj2phm54701","9":"product_cat-de-abdeckungblenderadlaufaussen","10":"product_cat-fr-arriere-du-passage-de-roue","11":"product_cat-en-body-rear","12":"product_cat-fr-cache-cache-de-passage-de-roue-exterieur","13":"product_cat-fr-carrosserie-arriere","14":"product_cat-en-coverorificewheel-run-outside","15":"product_cat-fr_ford","16":"product_cat-de_ford","17":"product_cat-en_ford","18":"product_cat-de-karosserie-heck","19":"product_cat-de-radlaufhinten","20":"product_cat-en_ranger","21":"product_cat-fr_ranger","22":"product_cat-de_ranger","23":"product_cat-de-tke-3-2-tdci-4x4-de_ranger-de_ford-manufacturer-22","24":"product_cat-de-tke-3-2-tdci-4x4-de_ranger-de_ford-manufacturer-30","25":"product_cat-en-wheel-arch-rear","26":"product_shipping_class-tarif-1","27":"entry","29":"first","30":"instock","31":"taxable","32":"shipping-taxable","33":"purchasable","34":"product-type-simple"},"jetpack_sharing_enabled":true,"_links":{"self":[{"href":"https:\/\/occasions-teile.ch\/en\/wp-json\/wp\/v2\/product\/304618","targetHints":{"allow":["GET"]}}],"collection":[{"href":"https:\/\/occasions-teile.ch\/en\/wp-json\/wp\/v2\/product"}],"about":[{"href":"https:\/\/occasions-teile.ch\/en\/wp-json\/wp\/v2\/types\/product"}],"wp:featuredmedia":[{"embeddable":true,"href":"https:\/\/occasions-teile.ch\/en\/wp-json\/wp\/v2\/media\/304615"}],"wp:attachment":[{"href":"https:\/\/occasions-teile.ch\/en\/wp-json\/wp\/v2\/media?parent=304618"}],"wp:term":[{"taxonomy":"product_brand","embeddable":true,"href":"https:\/\/occasions-teile.ch\/en\/wp-json\/wp\/v2\/product_brand?post=304618"},{"taxonomy":"product_cat","embeddable":true,"href":"https:\/\/occasions-teile.ch\/en\/wp-json\/wp\/v2\/product_cat?post=304618"},{"taxonomy":"product_tag","embeddable":true,"href":"https:\/\/occasions-teile.ch\/en\/wp-json\/wp\/v2\/product_tag?post=304618"}],"curies":[{"name":"wp","href":"https:\/\/api.w.org\/{rel}","templated":true}]}}