{"id":304494,"date":"2024-04-27T22:09:52","date_gmt":"2024-04-27T22:09:52","guid":{"rendered":"https:\/\/occasions-teile.ch\/product\/mini-mini-motorsteuergeraet\/"},"modified":"2024-05-28T10:07:35","modified_gmt":"2024-05-28T10:07:35","slug":"mini-mini-motorsteuergeraet","status":"publish","type":"product","link":"https:\/\/occasions-teile.ch\/en\/produkt\/mini-mini-motorsteuergeraet\/","title":{"rendered":"Mini Mini  Motorsteuerger\u00e4t"},"content":{"rendered":"<p><span><b>Technische Daten<\/b><\/p>\n<p> Fahrzeug: Mini Mini<br \/>\n Chassis Nr.: WMWME31060TU16245<br \/>\n Baujahr: 2008<br \/>\n Kilometer: 130864 KM<br \/>\n Leistung: 95 KW<br \/>\n Hubraum: 1397 ccm<br \/>\n Typ: 1MN439<br \/>\n Farbcode: Black<br \/>\n Hinweise: &#8211;<\/p>\n<p> Versand: Versand nur in der Schweiz m\u00f6glich.Im Ausland ist der Transport k\u00e4uferseits.<br \/>\n Garantie: 3 Monate Garantie. Bitte beachten Sie, dass die Gew\u00e4hrleistung nur g\u00fcltig ist, wenn der Ersatzteileinbau durch eine Fachwerkstatt\/Meisterwerkstatt erfolgt. Das Ein- und Ausbau des Ersatzteiles kann nicht an uns verrechnet werden. <\/p>\n<p> Ersatzteil: f\u00fcr andere Fahrzeugen (Marken) verf\u00fcgbar auf anfrage. Tel.041 980 27 47. Mobil. 076 589 27 47<\/p>\n<p> Kontakt<br \/>\n  Adresse: Autoverwertung Brun AG<br \/>\n           M\u00f6\u00f6slimatten 13<br \/>\n           6218 Ettiswil<br \/>\n  Telefon: 0041 (041) 980 27 47<br \/>\n  Telefax: 0041 (041) 980 03 47<\/p>\n<p> Wir bieten Ihnen weitere gebrauchte Autoteile zum Kauf an.<br \/>\n Tags: Motorsteuerger\u00e4t , Control unit Motor , Unite\u00b4 de contro^le Moteur<br \/>\n<\/span><\/p>\n","protected":false},"excerpt":{"rendered":"<p>Technische Daten Fahrzeug: Mini Mini Chassis Nr.: WMWME31060TU16245 Baujahr: 2008 Kilometer: 130864 KM Leistung: 95 KW Hubraum: 1397 ccm Typ: 1MN439 Farbcode: Black Hinweise: &#8211; Versand: Versand nur in der Schweiz m\u00f6glich.Im Ausland ist der Transport k\u00e4uferseits. Garantie: 3 Monate Garantie. Bitte beachten Sie, dass die Gew\u00e4hrleistung nur g\u00fcltig ist, wenn der Ersatzteileinbau durch eine&hellip; <a class=\"more-link\" href=\"https:\/\/occasions-teile.ch\/en\/produkt\/mini-mini-motorsteuergeraet\/\">Continue reading <span class=\"screen-reader-text\">Mini Mini  Motorsteuerger\u00e4t<\/span><\/a><\/p>\n","protected":false},"featured_media":304491,"template":"","meta":[],"product_brand":[],"product_cat":[659,660,659,2224,2223,2224,2223,2224,2223,497,497,497,659,20094,23758,660,660,2222,2222,2222],"product_tag":[],"class_list":{"0":"post-304494","1":"product","2":"type-product","3":"status-publish","4":"has-post-thumbnail","6":"product_cat-en-engine-control-ignition","7":"product_cat-en-control-unit-motor","9":"product_cat-en_mini-en_mini","10":"product_cat-en_mini","15":"product_cat-en-motor","19":"product_cat-de-one-r56-de_mini-de_mini-de_mini-manufacturer-13","20":"product_cat-de-one-r56-de_mini-de_mini-de_mini-manufacturer-22","23":"product_cat-en-wmwme31060tu16245-20000190","26":"product_shipping_class-tarif-1-en","27":"entry","29":"first","30":"instock","31":"taxable","32":"shipping-taxable","33":"purchasable","34":"product-type-simple"},"jetpack_sharing_enabled":true,"_links":{"self":[{"href":"https:\/\/occasions-teile.ch\/en\/wp-json\/wp\/v2\/product\/304494","targetHints":{"allow":["GET"]}}],"collection":[{"href":"https:\/\/occasions-teile.ch\/en\/wp-json\/wp\/v2\/product"}],"about":[{"href":"https:\/\/occasions-teile.ch\/en\/wp-json\/wp\/v2\/types\/product"}],"wp:featuredmedia":[{"embeddable":true,"href":"https:\/\/occasions-teile.ch\/en\/wp-json\/wp\/v2\/media\/304491"}],"wp:attachment":[{"href":"https:\/\/occasions-teile.ch\/en\/wp-json\/wp\/v2\/media?parent=304494"}],"wp:term":[{"taxonomy":"product_brand","embeddable":true,"href":"https:\/\/occasions-teile.ch\/en\/wp-json\/wp\/v2\/product_brand?post=304494"},{"taxonomy":"product_cat","embeddable":true,"href":"https:\/\/occasions-teile.ch\/en\/wp-json\/wp\/v2\/product_cat?post=304494"},{"taxonomy":"product_tag","embeddable":true,"href":"https:\/\/occasions-teile.ch\/en\/wp-json\/wp\/v2\/product_tag?post=304494"}],"curies":[{"name":"wp","href":"https:\/\/api.w.org\/{rel}","templated":true}]}}