{"id":304242,"date":"2024-04-27T18:27:06","date_gmt":"2024-04-27T18:27:06","guid":{"rendered":"https:\/\/occasions-teile.ch\/product\/skoda-octavia-motorsteuergeraet-4\/"},"modified":"2025-12-06T09:37:59","modified_gmt":"2025-12-06T09:37:59","slug":"skoda-octavia-motorsteuergeraet-4","status":"publish","type":"product","link":"https:\/\/occasions-teile.ch\/en\/produkt\/skoda-octavia-motorsteuergeraet-4\/","title":{"rendered":"Skoda Octavia  Motorsteuerger\u00e4t"},"content":{"rendered":"<p><span><b>Technische Daten<\/b><\/p>\n<p> Fahrzeug: Skoda Octavia  Combi 2.0 TFSI<br \/>\n Chassis Nr.: TMBUF21Z382019098<br \/>\n Baujahr: 2007<br \/>\n Kilometer: 175187 KM<br \/>\n Leistung: 200 KW<br \/>\n Hubraum: 1984 ccm<br \/>\n Typ: 1SC432<br \/>\n Farbcode: blau<br \/>\n Hinweise: &#8211;<\/p>\n<p> Versand: Versand nur in der Schweiz m\u00f6glich.Im Ausland ist der Transport k\u00e4uferseits.<br \/>\n Garantie: 3 Monate Garantie. Bitte beachten Sie, dass die Gew\u00e4hrleistung nur g\u00fcltig ist, wenn der Ersatzteileinbau durch eine Fachwerkstatt\/Meisterwerkstatt erfolgt. Das Ein- und Ausbau des Ersatzteiles kann nicht an uns verrechnet werden. <\/p>\n<p> Ersatzteil: f\u00fcr andere Fahrzeugen (Marken) verf\u00fcgbar auf anfrage. Tel.041 980 27 47. Mobil. 076 589 27 47<\/p>\n<p> Kontakt<br \/>\n  Adresse: Autoverwertung Brun AG<br \/>\n           M\u00f6\u00f6slimatten 13<br \/>\n           6218 Ettiswil<br \/>\n  Telefon: 0041 (041) 980 27 47<br \/>\n  Telefax: 0041 (041) 980 03 47<\/p>\n<p> Wir bieten Ihnen weitere gebrauchte Autoteile zum Kauf an.<br \/>\n Tags: Motorsteuerger\u00e4t , Control unit Motor , Unite\u00b4 de contro^le Moteur<br \/>\n<\/span><\/p>\n","protected":false},"excerpt":{"rendered":"<p>Technische Daten Fahrzeug: Skoda Octavia Combi 2.0 TFSI Chassis Nr.: TMBUF21Z382019098 Baujahr: 2007 Kilometer: 175187 KM Leistung: 200 KW Hubraum: 1984 ccm Typ: 1SC432 Farbcode: blau Hinweise: &#8211; Versand: Versand nur in der Schweiz m\u00f6glich.Im Ausland ist der Transport k\u00e4uferseits. Garantie: 3 Monate Garantie. Bitte beachten Sie, dass die Gew\u00e4hrleistung nur g\u00fcltig ist, wenn der&hellip; <a class=\"more-link\" href=\"https:\/\/occasions-teile.ch\/en\/produkt\/skoda-octavia-motorsteuergeraet-4\/\">Continue reading <span class=\"screen-reader-text\">Skoda Octavia  Motorsteuerger\u00e4t<\/span><\/a><\/p>\n","protected":false},"featured_media":304239,"template":"","meta":[],"product_brand":[],"product_cat":[659,660,659,497,497,497,659,1472,1472,1472,1471,1471,1471,660,1946,1946,1946,660],"product_tag":[],"class_list":{"0":"post-304242","1":"product","2":"type-product","3":"status-publish","4":"has-post-thumbnail","6":"product_cat-en-engine-control-ignition","7":"product_cat-en-control-unit-motor","9":"product_cat-en-motor","13":"product_cat-en_octavia-en_skoda-manufacturer-en","16":"product_cat-en_skoda-manufacturer-en","20":"product_cat-en-tmbuf21z382019098","24":"product_shipping_class-tarif-1-en","25":"entry","27":"first","28":"instock","29":"taxable","30":"shipping-taxable","31":"purchasable","32":"product-type-simple"},"jetpack_sharing_enabled":true,"_links":{"self":[{"href":"https:\/\/occasions-teile.ch\/en\/wp-json\/wp\/v2\/product\/304242","targetHints":{"allow":["GET"]}}],"collection":[{"href":"https:\/\/occasions-teile.ch\/en\/wp-json\/wp\/v2\/product"}],"about":[{"href":"https:\/\/occasions-teile.ch\/en\/wp-json\/wp\/v2\/types\/product"}],"wp:featuredmedia":[{"embeddable":true,"href":"https:\/\/occasions-teile.ch\/en\/wp-json\/wp\/v2\/media\/304239"}],"wp:attachment":[{"href":"https:\/\/occasions-teile.ch\/en\/wp-json\/wp\/v2\/media?parent=304242"}],"wp:term":[{"taxonomy":"product_brand","embeddable":true,"href":"https:\/\/occasions-teile.ch\/en\/wp-json\/wp\/v2\/product_brand?post=304242"},{"taxonomy":"product_cat","embeddable":true,"href":"https:\/\/occasions-teile.ch\/en\/wp-json\/wp\/v2\/product_cat?post=304242"},{"taxonomy":"product_tag","embeddable":true,"href":"https:\/\/occasions-teile.ch\/en\/wp-json\/wp\/v2\/product_tag?post=304242"}],"curies":[{"name":"wp","href":"https:\/\/api.w.org\/{rel}","templated":true}]}}