{"id":304186,"date":"2024-04-27T17:37:24","date_gmt":"2024-04-27T17:37:24","guid":{"rendered":"https:\/\/occasions-teile.ch\/product\/vw-tiguan-nebelscheinwerfer\/"},"modified":"2024-05-29T10:13:33","modified_gmt":"2024-05-29T10:13:33","slug":"vw-tiguan-nebelscheinwerfer","status":"publish","type":"product","link":"https:\/\/occasions-teile.ch\/en\/produkt\/vw-tiguan-nebelscheinwerfer\/","title":{"rendered":"VW Tiguan  Nebelscheinwerfer"},"content":{"rendered":"<p><span><b>Technische Daten<\/b><\/p>\n<p> Fahrzeug: VW Tiguan<br \/>\n Chassis Nr.: WVGZZZ5NZ8W008811<br \/>\n Baujahr: 2008<br \/>\n Kilometer: 192331 KM<br \/>\n Leistung: 140 KW<br \/>\n Hubraum: 1968 ccm<br \/>\n Typ: 1VD497<br \/>\n Farbcode: silber<br \/>\n Hinweise: &#8211;<\/p>\n<p> Versand: Versand nur in der Schweiz m\u00f6glich.Im Ausland ist der Transport k\u00e4uferseits.<br \/>\n Garantie: 3 Monate Garantie. Bitte beachten Sie, dass die Gew\u00e4hrleistung nur g\u00fcltig ist, wenn der Ersatzteileinbau durch eine Fachwerkstatt\/Meisterwerkstatt erfolgt. Das Ein- und Ausbau des Ersatzteiles kann nicht an uns verrechnet werden. <\/p>\n<p> Ersatzteil: f\u00fcr andere Fahrzeugen (Marken) verf\u00fcgbar auf anfrage. Tel.041 980 27 47. Mobil. 076 589 27 47<\/p>\n<p> Kontakt<br \/>\n  Adresse: Autoverwertung Brun AG<br \/>\n           M\u00f6\u00f6slimatten 13<br \/>\n           6218 Ettiswil<br \/>\n  Telefon: 0041 (041) 980 27 47<br \/>\n  Telefax: 0041 (041) 980 03 47<\/p>\n<p> Wir bieten Ihnen weitere gebrauchte Autoteile zum Kauf an.<br \/>\n Tags: Nebelscheinwerfer, Fog light, Phares antibrouillard<br \/>\n<\/span><\/p>\n","protected":false},"excerpt":{"rendered":"<p>Technische Daten Fahrzeug: VW Tiguan Chassis Nr.: WVGZZZ5NZ8W008811 Baujahr: 2008 Kilometer: 192331 KM Leistung: 140 KW Hubraum: 1968 ccm Typ: 1VD497 Farbcode: silber Hinweise: &#8211; Versand: Versand nur in der Schweiz m\u00f6glich.Im Ausland ist der Transport k\u00e4uferseits. Garantie: 3 Monate Garantie. Bitte beachten Sie, dass die Gew\u00e4hrleistung nur g\u00fcltig ist, wenn der Ersatzteileinbau durch eine&hellip; <a class=\"more-link\" href=\"https:\/\/occasions-teile.ch\/en\/produkt\/vw-tiguan-nebelscheinwerfer\/\">Continue reading <span class=\"screen-reader-text\">VW Tiguan  Nebelscheinwerfer<\/span><\/a><\/p>\n","protected":false},"featured_media":304183,"template":"","meta":[],"product_brand":[],"product_cat":[23829,20017,512,512,1243,1244,512,1243,1244,1243,1244,1667,1667,1667,1280,1280,1280,2489,2489,2489],"product_tag":[],"class_list":{"0":"post-304186","1":"product","2":"type-product","3":"status-publish","4":"has-post-thumbnail","6":"product_cat-de-2-0-tdi-de_tiguan-de_volkswagen-manufacturer-38","7":"product_cat-de-2-0-tdi-de_tiguan-de_volkswagen-manufacturer-22","8":"product_cat-de-karosserie-front","10":"product_cat-de-nebelscheinwerfer","11":"product_cat-de-nebelscheinwerfer-de-nebelscheinwerfer","17":"product_cat-de_tiguan","20":"product_cat-de_volkswagen","23":"product_cat-de-wvgzzz5nz8w008811-20000217","26":"product_shipping_class-tarif-1","27":"entry","29":"first","30":"instock","31":"taxable","32":"shipping-taxable","33":"purchasable","34":"product-type-simple"},"jetpack_sharing_enabled":true,"_links":{"self":[{"href":"https:\/\/occasions-teile.ch\/en\/wp-json\/wp\/v2\/product\/304186","targetHints":{"allow":["GET"]}}],"collection":[{"href":"https:\/\/occasions-teile.ch\/en\/wp-json\/wp\/v2\/product"}],"about":[{"href":"https:\/\/occasions-teile.ch\/en\/wp-json\/wp\/v2\/types\/product"}],"wp:featuredmedia":[{"embeddable":true,"href":"https:\/\/occasions-teile.ch\/en\/wp-json\/wp\/v2\/media\/304183"}],"wp:attachment":[{"href":"https:\/\/occasions-teile.ch\/en\/wp-json\/wp\/v2\/media?parent=304186"}],"wp:term":[{"taxonomy":"product_brand","embeddable":true,"href":"https:\/\/occasions-teile.ch\/en\/wp-json\/wp\/v2\/product_brand?post=304186"},{"taxonomy":"product_cat","embeddable":true,"href":"https:\/\/occasions-teile.ch\/en\/wp-json\/wp\/v2\/product_cat?post=304186"},{"taxonomy":"product_tag","embeddable":true,"href":"https:\/\/occasions-teile.ch\/en\/wp-json\/wp\/v2\/product_tag?post=304186"}],"curies":[{"name":"wp","href":"https:\/\/api.w.org\/{rel}","templated":true}]}}