{"id":304102,"date":"2024-04-27T16:10:00","date_gmt":"2024-04-27T16:10:00","guid":{"rendered":"https:\/\/occasions-teile.ch\/product\/vw-golf-heckklappe-heckdeckel-2\/"},"modified":"2024-05-29T04:04:02","modified_gmt":"2024-05-29T04:04:02","slug":"vw-golf-heckklappe-heckdeckel-2","status":"publish","type":"product","link":"https:\/\/occasions-teile.ch\/en\/produkt\/vw-golf-heckklappe-heckdeckel-2\/","title":{"rendered":"VW Golf  Heckklappe Heckdeckel"},"content":{"rendered":"<p><span><b>Technische Daten<\/b><\/p>\n<p> Fahrzeug: VW Golf<br \/>\n Chassis Nr.: WVWZZZ1KZCP158796<br \/>\n Baujahr: 2012<br \/>\n Kilometer: 170007 KM<br \/>\n Leistung: 86 KW<br \/>\n Hubraum: 1197 ccm<br \/>\n Typ: 1VD779<br \/>\n Farbcode: rot<br \/>\n Hinweise: &#8211;<\/p>\n<p> Versand: Versand nur in der Schweiz m\u00f6glich.Im Ausland ist der Transport k\u00e4uferseits.<br \/>\n Garantie: 3 Monate Garantie. Bitte beachten Sie, dass die Gew\u00e4hrleistung nur g\u00fcltig ist, wenn der Ersatzteileinbau durch eine Fachwerkstatt\/Meisterwerkstatt erfolgt. Das Ein- und Ausbau des Ersatzteiles kann nicht an uns verrechnet werden. <\/p>\n<p> Ersatzteil: f\u00fcr andere Fahrzeugen (Marken) verf\u00fcgbar auf anfrage. Tel.041 980 27 47. Mobil. 076 589 27 47<\/p>\n<p> Kontakt<br \/>\n  Adresse: Autoverwertung Brun AG<br \/>\n           M\u00f6\u00f6slimatten 13<br \/>\n           6218 Ettiswil<br \/>\n  Telefon: 0041 (041) 980 27 47<br \/>\n  Telefax: 0041 (041) 980 03 47<\/p>\n<p> Wir bieten Ihnen weitere gebrauchte Autoteile zum Kauf an.<br \/>\n Tags: Heckklappe Heckdeckel , Tailgate, Trappe arrie`re<br \/>\n<\/span><\/p>\n","protected":false},"excerpt":{"rendered":"<p>Technische Daten Fahrzeug: VW Golf Chassis Nr.: WVWZZZ1KZCP158796 Baujahr: 2012 Kilometer: 170007 KM Leistung: 86 KW Hubraum: 1197 ccm Typ: 1VD779 Farbcode: rot Hinweise: &#8211; Versand: Versand nur in der Schweiz m\u00f6glich.Im Ausland ist der Transport k\u00e4uferseits. Garantie: 3 Monate Garantie. Bitte beachten Sie, dass die Gew\u00e4hrleistung nur g\u00fcltig ist, wenn der Ersatzteileinbau durch eine&hellip; <a class=\"more-link\" href=\"https:\/\/occasions-teile.ch\/en\/produkt\/vw-golf-heckklappe-heckdeckel-2\/\">Continue reading <span class=\"screen-reader-text\">VW Golf  Heckklappe Heckdeckel<\/span><\/a><\/p>\n","protected":false},"featured_media":304099,"template":"","meta":[],"product_brand":[],"product_cat":[524,1284,748,689,19995,23531,1283,2169],"product_tag":[],"class_list":{"0":"post-304102","1":"product","2":"type-product","3":"status-publish","4":"has-post-thumbnail","6":"product_cat-en-body-rear","7":"product_cat-en_golf","8":"product_cat-en-tailgate","9":"product_cat-en-tailgateparts","10":"product_cat-de-vi-1-2tsi-de_golf-de_volkswagen-manufacturer-15","11":"product_cat-de-vi-1-2tsi-de_golf-de_volkswagen-manufacturer-32","12":"product_cat-en_volkswagen","13":"product_cat-en-wvwzzz1kzcp158796-20000184","14":"product_shipping_class-tarif-4","15":"entry","17":"first","18":"instock","19":"taxable","20":"shipping-taxable","21":"purchasable","22":"product-type-simple"},"jetpack_sharing_enabled":true,"_links":{"self":[{"href":"https:\/\/occasions-teile.ch\/en\/wp-json\/wp\/v2\/product\/304102","targetHints":{"allow":["GET"]}}],"collection":[{"href":"https:\/\/occasions-teile.ch\/en\/wp-json\/wp\/v2\/product"}],"about":[{"href":"https:\/\/occasions-teile.ch\/en\/wp-json\/wp\/v2\/types\/product"}],"wp:featuredmedia":[{"embeddable":true,"href":"https:\/\/occasions-teile.ch\/en\/wp-json\/wp\/v2\/media\/304099"}],"wp:attachment":[{"href":"https:\/\/occasions-teile.ch\/en\/wp-json\/wp\/v2\/media?parent=304102"}],"wp:term":[{"taxonomy":"product_brand","embeddable":true,"href":"https:\/\/occasions-teile.ch\/en\/wp-json\/wp\/v2\/product_brand?post=304102"},{"taxonomy":"product_cat","embeddable":true,"href":"https:\/\/occasions-teile.ch\/en\/wp-json\/wp\/v2\/product_cat?post=304102"},{"taxonomy":"product_tag","embeddable":true,"href":"https:\/\/occasions-teile.ch\/en\/wp-json\/wp\/v2\/product_tag?post=304102"}],"curies":[{"name":"wp","href":"https:\/\/api.w.org\/{rel}","templated":true}]}}