{"id":304014,"date":"2024-04-27T14:52:20","date_gmt":"2024-04-27T14:52:20","guid":{"rendered":"https:\/\/occasions-teile.ch\/product\/jeep-compass-nebelscheinwerfer-2\/"},"modified":"2024-05-27T04:11:01","modified_gmt":"2024-05-27T04:11:01","slug":"jeep-compass-nebelscheinwerfer-2","status":"publish","type":"product","link":"https:\/\/occasions-teile.ch\/en\/produkt\/jeep-compass-nebelscheinwerfer-2\/","title":{"rendered":"Jeep Compass  Nebelscheinwerfer"},"content":{"rendered":"<p><span><b>Technische Daten<\/b><\/p>\n<p> Fahrzeug: Jeep Compass<br \/>\n Chassis Nr.: 3C4NJDCH7KT588738<br \/>\n Baujahr: 2019<br \/>\n Kilometer: 65603 KM<br \/>\n Leistung: 170 KW<br \/>\n Hubraum: 1368 ccm<br \/>\n Typ: 1JB362<br \/>\n Farbcode: grau<br \/>\n Hinweise: Achtung ein Halter defekt sehe Bider!!!!<\/p>\n<p> Versand: Versand nur in der Schweiz m\u00f6glich.Im Ausland ist der Transport k\u00e4uferseits.<br \/>\n Garantie: 3 Monate Garantie. Bitte beachten Sie, dass die Gew\u00e4hrleistung nur g\u00fcltig ist, wenn der Ersatzteileinbau durch eine Fachwerkstatt\/Meisterwerkstatt erfolgt. Das Ein- und Ausbau des Ersatzteiles kann nicht an uns verrechnet werden. <\/p>\n<p> Ersatzteil: f\u00fcr andere Fahrzeugen (Marken) verf\u00fcgbar auf anfrage. Tel.041 980 27 47. Mobil. 076 589 27 47<\/p>\n<p> Kontakt<br \/>\n  Adresse: Autoverwertung Brun AG<br \/>\n           M\u00f6\u00f6slimatten 13<br \/>\n           6218 Ettiswil<br \/>\n  Telefon: 0041 (041) 980 27 47<br \/>\n  Telefax: 0041 (041) 980 03 47<\/p>\n<p> Wir bieten Ihnen weitere gebrauchte Autoteile zum Kauf an.<br \/>\n Tags: Nebelscheinwerfer, Fog light, Phares antibrouillard<br \/>\n<\/span><\/p>\n","protected":false},"excerpt":{"rendered":"<p>Technische Daten Fahrzeug: Jeep Compass Chassis Nr.: 3C4NJDCH7KT588738 Baujahr: 2019 Kilometer: 65603 KM Leistung: 170 KW Hubraum: 1368 ccm Typ: 1JB362 Farbcode: grau Hinweise: Achtung ein Halter defekt sehe Bider!!!! Versand: Versand nur in der Schweiz m\u00f6glich.Im Ausland ist der Transport k\u00e4uferseits. Garantie: 3 Monate Garantie. Bitte beachten Sie, dass die Gew\u00e4hrleistung nur g\u00fcltig ist,&hellip; <a class=\"more-link\" href=\"https:\/\/occasions-teile.ch\/en\/produkt\/jeep-compass-nebelscheinwerfer-2\/\">Continue reading <span class=\"screen-reader-text\">Jeep Compass  Nebelscheinwerfer<\/span><\/a><\/p>\n","protected":false},"featured_media":304011,"template":"","meta":[],"product_brand":[],"product_cat":[19973,23674,8014,8014,8014,515,515,2306,2306,2306,1245,1246,2205,2205,2205,515,1245,1246,1246,1245],"product_tag":[],"class_list":{"0":"post-304014","1":"product","2":"type-product","3":"status-publish","4":"has-post-thumbnail","6":"product_cat-de-1-4-multiair-de_compass-de_jeep-manufacturer-116","7":"product_cat-de-1-4-multiair-de_compass-de_jeep-manufacturer-134","8":"product_cat-en-3c4njdch7kt588738-200000248","11":"product_cat-en-body-front","13":"product_cat-en_compass-en_jeep","16":"product_cat-en-fog-light","17":"product_cat-en-fog-light-en-fog-light","18":"product_cat-en_jeep","26":"product_shipping_class-tarif-1-en","27":"entry","29":"first","30":"instock","31":"taxable","32":"shipping-taxable","33":"purchasable","34":"product-type-simple"},"jetpack_sharing_enabled":true,"_links":{"self":[{"href":"https:\/\/occasions-teile.ch\/en\/wp-json\/wp\/v2\/product\/304014","targetHints":{"allow":["GET"]}}],"collection":[{"href":"https:\/\/occasions-teile.ch\/en\/wp-json\/wp\/v2\/product"}],"about":[{"href":"https:\/\/occasions-teile.ch\/en\/wp-json\/wp\/v2\/types\/product"}],"wp:featuredmedia":[{"embeddable":true,"href":"https:\/\/occasions-teile.ch\/en\/wp-json\/wp\/v2\/media\/304011"}],"wp:attachment":[{"href":"https:\/\/occasions-teile.ch\/en\/wp-json\/wp\/v2\/media?parent=304014"}],"wp:term":[{"taxonomy":"product_brand","embeddable":true,"href":"https:\/\/occasions-teile.ch\/en\/wp-json\/wp\/v2\/product_brand?post=304014"},{"taxonomy":"product_cat","embeddable":true,"href":"https:\/\/occasions-teile.ch\/en\/wp-json\/wp\/v2\/product_cat?post=304014"},{"taxonomy":"product_tag","embeddable":true,"href":"https:\/\/occasions-teile.ch\/en\/wp-json\/wp\/v2\/product_tag?post=304014"}],"curies":[{"name":"wp","href":"https:\/\/api.w.org\/{rel}","templated":true}]}}