{"id":303810,"date":"2024-04-27T11:27:50","date_gmt":"2024-04-27T11:27:50","guid":{"rendered":"https:\/\/occasions-teile.ch\/product\/seat-alhambra-antriebswelle-hinten-links\/"},"modified":"2024-05-27T12:08:43","modified_gmt":"2024-05-27T12:08:43","slug":"seat-alhambra-antriebswelle-hinten-links","status":"publish","type":"product","link":"https:\/\/occasions-teile.ch\/en\/produkt\/seat-alhambra-antriebswelle-hinten-links\/","title":{"rendered":"SEAT Alhambra  Antriebswelle hinten links"},"content":{"rendered":"<p><span><b>Technische Daten<\/b><\/p>\n<p> Fahrzeug: SEAT Alhambra<br \/>\n Chassis Nr.: VSSZZZ7NZEV510698<br \/>\n Baujahr: 2013<br \/>\n Kilometer: 180000 KM<br \/>\n Leistung: 140 KW<br \/>\n Hubraum: 1968 ccm<br \/>\n Typ: 1SH121<br \/>\n Farbcode: Black<br \/>\n Hinweise: &#8211;<\/p>\n<p> Versand: Versand nur in der Schweiz m\u00f6glich.Im Ausland ist der Transport k\u00e4uferseits.<br \/>\n Garantie: 3 Monate Garantie. Bitte beachten Sie, dass die Gew\u00e4hrleistung nur g\u00fcltig ist, wenn der Ersatzteileinbau durch eine Fachwerkstatt\/Meisterwerkstatt erfolgt. Das Ein- und Ausbau des Ersatzteiles kann nicht an uns verrechnet werden. <\/p>\n<p> Ersatzteil: f\u00fcr andere Fahrzeugen (Marken) verf\u00fcgbar auf anfrage. Tel.041 980 27 47. Mobil. 076 589 27 47<\/p>\n<p> Kontakt<br \/>\n  Adresse: Autoverwertung Brun AG<br \/>\n           M\u00f6\u00f6slimatten 13<br \/>\n           6218 Ettiswil<br \/>\n  Telefon: 0041 (041) 980 27 47<br \/>\n  Telefax: 0041 (041) 980 03 47<\/p>\n<p> Wir bieten Ihnen weitere gebrauchte Autoteile zum Kauf an.<br \/>\n Tags: Antriebswelle hinten links, Drive shaft rear left , Arbre d&#8217;entrai^nement arrie`re gauche<br \/>\n<\/span><\/p>\n","protected":false},"excerpt":{"rendered":"<p>Technische Daten Fahrzeug: SEAT Alhambra Chassis Nr.: VSSZZZ7NZEV510698 Baujahr: 2013 Kilometer: 180000 KM Leistung: 140 KW Hubraum: 1968 ccm Typ: 1SH121 Farbcode: Black Hinweise: &#8211; Versand: Versand nur in der Schweiz m\u00f6glich.Im Ausland ist der Transport k\u00e4uferseits. Garantie: 3 Monate Garantie. Bitte beachten Sie, dass die Gew\u00e4hrleistung nur g\u00fcltig ist, wenn der Ersatzteileinbau durch eine&hellip; <a class=\"more-link\" href=\"https:\/\/occasions-teile.ch\/en\/produkt\/seat-alhambra-antriebswelle-hinten-links\/\">Continue reading <span class=\"screen-reader-text\">SEAT Alhambra  Antriebswelle hinten links<\/span><\/a><\/p>\n","protected":false},"featured_media":303807,"template":"","meta":[],"product_brand":[],"product_cat":[19921,23682,1996,1996,1996,1091,787,1091,787,1091,787,654,654,1500,1500,1500,654,1995,1995,1995],"product_tag":[],"class_list":{"0":"post-303810","1":"product","2":"type-product","3":"status-publish","4":"has-post-thumbnail","6":"product_cat-de-2-0tdi-4m-de_alhambra-de_seat-manufacturer-10","7":"product_cat-de-2-0tdi-4m-de_alhambra-de_seat-manufacturer-13","8":"product_cat-fr_alhambra","11":"product_cat-fr-arbre-dentrainement-arriere-gauche","12":"product_cat-fr-arbres-de-transmission","17":"product_cat-fr-transmission-entrainement","19":"product_cat-fr_seat","23":"product_cat-fr-vsszzz7nzev510698","26":"product_shipping_class-tarif-1-fr","27":"entry","29":"first","30":"instock","31":"taxable","32":"shipping-taxable","33":"purchasable","34":"product-type-simple"},"jetpack_sharing_enabled":true,"_links":{"self":[{"href":"https:\/\/occasions-teile.ch\/en\/wp-json\/wp\/v2\/product\/303810","targetHints":{"allow":["GET"]}}],"collection":[{"href":"https:\/\/occasions-teile.ch\/en\/wp-json\/wp\/v2\/product"}],"about":[{"href":"https:\/\/occasions-teile.ch\/en\/wp-json\/wp\/v2\/types\/product"}],"wp:featuredmedia":[{"embeddable":true,"href":"https:\/\/occasions-teile.ch\/en\/wp-json\/wp\/v2\/media\/303807"}],"wp:attachment":[{"href":"https:\/\/occasions-teile.ch\/en\/wp-json\/wp\/v2\/media?parent=303810"}],"wp:term":[{"taxonomy":"product_brand","embeddable":true,"href":"https:\/\/occasions-teile.ch\/en\/wp-json\/wp\/v2\/product_brand?post=303810"},{"taxonomy":"product_cat","embeddable":true,"href":"https:\/\/occasions-teile.ch\/en\/wp-json\/wp\/v2\/product_cat?post=303810"},{"taxonomy":"product_tag","embeddable":true,"href":"https:\/\/occasions-teile.ch\/en\/wp-json\/wp\/v2\/product_tag?post=303810"}],"curies":[{"name":"wp","href":"https:\/\/api.w.org\/{rel}","templated":true}]}}